{"id":52,"date":"2018-12-04T20:44:11","date_gmt":"2018-12-04T19:44:11","guid":{"rendered":"http:\/\/xn--schtzenverein-haibach-bic.de\/wp\/?page_id=52"},"modified":"2025-04-18T14:53:18","modified_gmt":"2025-04-18T12:53:18","slug":"vorstand","status":"publish","type":"page","link":"https:\/\/schuetzenverein-haibach.de\/?page_id=52","title":{"rendered":"Vorstand"},"content":{"rendered":"<h5><em><strong>Unser Sch\u00fctzenmeisteramt:<\/strong><\/em><\/h5>\n<p><img loading=\"lazy\" decoding=\"async\" class=\"alignnone size-large wp-image-1590\" src=\"https:\/\/schuetzenverein-haibach.de\/wp-content\/uploads\/2021\/12\/Schuetzenmeisteramt-2019-1024x684.jpg\" alt=\"\" width=\"720\" height=\"481\" srcset=\"https:\/\/schuetzenverein-haibach.de\/wp-content\/uploads\/2021\/12\/Schuetzenmeisteramt-2019-1024x684.jpg 1024w, https:\/\/schuetzenverein-haibach.de\/wp-content\/uploads\/2021\/12\/Schuetzenmeisteramt-2019-300x200.jpg 300w, https:\/\/schuetzenverein-haibach.de\/wp-content\/uploads\/2021\/12\/Schuetzenmeisteramt-2019-768x513.jpg 768w, https:\/\/schuetzenverein-haibach.de\/wp-content\/uploads\/2021\/12\/Schuetzenmeisteramt-2019-1536x1026.jpg 1536w, https:\/\/schuetzenverein-haibach.de\/wp-content\/uploads\/2021\/12\/Schuetzenmeisteramt-2019-2048x1367.jpg 2048w, https:\/\/schuetzenverein-haibach.de\/wp-content\/uploads\/2021\/12\/Schuetzenmeisteramt-2019-272x182.jpg 272w\" sizes=\"auto, (max-width: 720px) 100vw, 720px\" \/><\/p>\n<h1><span class=\"fs22 cf0 ff0\"><img loading=\"lazy\" decoding=\"async\" class=\"alignnone  wp-image-1594\" src=\"https:\/\/schuetzenverein-haibach.de\/wp-content\/uploads\/2021\/12\/Haibach-1.-Schuetzenmeister-Volker-Ruehle-2-567x1024.jpg\" alt=\"\" width=\"252\" height=\"456\" srcset=\"https:\/\/schuetzenverein-haibach.de\/wp-content\/uploads\/2021\/12\/Haibach-1.-Schuetzenmeister-Volker-Ruehle-2-567x1024.jpg 567w, https:\/\/schuetzenverein-haibach.de\/wp-content\/uploads\/2021\/12\/Haibach-1.-Schuetzenmeister-Volker-Ruehle-2-166x300.jpg 166w, https:\/\/schuetzenverein-haibach.de\/wp-content\/uploads\/2021\/12\/Haibach-1.-Schuetzenmeister-Volker-Ruehle-2-768x1387.jpg 768w, https:\/\/schuetzenverein-haibach.de\/wp-content\/uploads\/2021\/12\/Haibach-1.-Schuetzenmeister-Volker-Ruehle-2-850x1536.jpg 850w, https:\/\/schuetzenverein-haibach.de\/wp-content\/uploads\/2021\/12\/Haibach-1.-Schuetzenmeister-Volker-Ruehle-2-1134x2048.jpg 1134w, https:\/\/schuetzenverein-haibach.de\/wp-content\/uploads\/2021\/12\/Haibach-1.-Schuetzenmeister-Volker-Ruehle-2.jpg 1176w\" sizes=\"auto, (max-width: 252px) 100vw, 252px\" \/><\/span><\/h1>\n<h5><span class=\"fs20 cf3 ff1\"><strong>1. Sch\u00fctzenmeister<\/strong><br \/>\n<\/span><\/h5>\n<p><span class=\"fs20 cf3 ff1\">Volker R\u00fchle<br \/>\nEckenerstr. 17 a<br \/>\n63808 Haibach, Unterfranken<\/span><\/p>\n<p>Tel.: 0171\/6818319, B\u00fcro: 06021\/66700<\/p>\n<p>Email: volker.ruehle@schuetzenverein-haibach.de oder\u00a0\u00a0 volker.ruehle@gau-main-spessart.de<\/p>\n<p><img loading=\"lazy\" decoding=\"async\" class=\"alignnone size-medium wp-image-471\" src=\"https:\/\/schuetzenverein-haibach.de\/wp-content\/uploads\/2018\/12\/Haibacher-Sch\u00fctzen-145-240x300.jpg\" alt=\"\" width=\"240\" height=\"300\" srcset=\"https:\/\/schuetzenverein-haibach.de\/wp-content\/uploads\/2018\/12\/Haibacher-Sch\u00fctzen-145-240x300.jpg 240w, https:\/\/schuetzenverein-haibach.de\/wp-content\/uploads\/2018\/12\/Haibacher-Sch\u00fctzen-145-768x960.jpg 768w, https:\/\/schuetzenverein-haibach.de\/wp-content\/uploads\/2018\/12\/Haibacher-Sch\u00fctzen-145-819x1024.jpg 819w, https:\/\/schuetzenverein-haibach.de\/wp-content\/uploads\/2018\/12\/Haibacher-Sch\u00fctzen-145.jpg 1954w\" sizes=\"auto, (max-width: 240px) 100vw, 240px\" \/><\/p>\n<p>2. Sch\u00fctzenmeister<\/p>\n<p>Andr\u00e9 Roth<\/p>\n<p><img loading=\"lazy\" decoding=\"async\" class=\"alignnone size-medium wp-image-1102\" src=\"https:\/\/schuetzenverein-haibach.de\/wp-content\/uploads\/2021\/02\/Schatzmeisterin-Claudia-Find-240x300.jpg\" alt=\"\" width=\"240\" height=\"300\" srcset=\"https:\/\/schuetzenverein-haibach.de\/wp-content\/uploads\/2021\/02\/Schatzmeisterin-Claudia-Find-240x300.jpg 240w, https:\/\/schuetzenverein-haibach.de\/wp-content\/uploads\/2021\/02\/Schatzmeisterin-Claudia-Find-819x1024.jpg 819w, https:\/\/schuetzenverein-haibach.de\/wp-content\/uploads\/2021\/02\/Schatzmeisterin-Claudia-Find-768x960.jpg 768w, https:\/\/schuetzenverein-haibach.de\/wp-content\/uploads\/2021\/02\/Schatzmeisterin-Claudia-Find.jpg 1040w\" sizes=\"auto, (max-width: 240px) 100vw, 240px\" \/><span class=\"fs22 cf1 ff1\"><br \/>\n<\/span><span class=\"fs20 cf1 ff1\">Schatzmeisterin <\/span><\/p>\n<p><span class=\"fs20 cf1 ff1\">Claudia Find<\/span> <span class=\"fs20 cf1 ff1\"><br \/>\n<\/span><\/p>\n<p><img loading=\"lazy\" decoding=\"async\" class=\"alignnone size-medium wp-image-1206\" src=\"https:\/\/schuetzenverein-haibach.de\/wp-content\/uploads\/2021\/02\/Roger-1-240x300.jpg\" alt=\"\" width=\"240\" height=\"300\" srcset=\"https:\/\/schuetzenverein-haibach.de\/wp-content\/uploads\/2021\/02\/Roger-1-240x300.jpg 240w, https:\/\/schuetzenverein-haibach.de\/wp-content\/uploads\/2021\/02\/Roger-1-819x1024.jpg 819w, https:\/\/schuetzenverein-haibach.de\/wp-content\/uploads\/2021\/02\/Roger-1-768x960.jpg 768w, https:\/\/schuetzenverein-haibach.de\/wp-content\/uploads\/2021\/02\/Roger-1-1229x1536.jpg 1229w, https:\/\/schuetzenverein-haibach.de\/wp-content\/uploads\/2021\/02\/Roger-1-1639x2048.jpg 1639w, https:\/\/schuetzenverein-haibach.de\/wp-content\/uploads\/2021\/02\/Roger-1.jpg 1650w\" sizes=\"auto, (max-width: 240px) 100vw, 240px\" \/><span class=\"cf1 ff1 fs20\"><br \/>\n<\/span><span class=\"ff1 fs20\">Sportleiter: <\/span><\/p>\n<p><span class=\"ff1 fs20\">Roger Find <\/span><\/p>\n<p><img loading=\"lazy\" decoding=\"async\" class=\"alignnone size-medium wp-image-461\" src=\"https:\/\/xn--schtzenverein-haibach-bic.de\/wp\/wp-content\/uploads\/2018\/12\/Haibacher-Sch\u00fctzen-112-240x300.jpg\" alt=\"\" width=\"240\" height=\"300\" srcset=\"https:\/\/schuetzenverein-haibach.de\/wp-content\/uploads\/2018\/12\/Haibacher-Sch\u00fctzen-112-240x300.jpg 240w, https:\/\/schuetzenverein-haibach.de\/wp-content\/uploads\/2018\/12\/Haibacher-Sch\u00fctzen-112-768x960.jpg 768w, https:\/\/schuetzenverein-haibach.de\/wp-content\/uploads\/2018\/12\/Haibacher-Sch\u00fctzen-112-819x1024.jpg 819w, https:\/\/schuetzenverein-haibach.de\/wp-content\/uploads\/2018\/12\/Haibacher-Sch\u00fctzen-112.jpg 1634w\" sizes=\"auto, (max-width: 240px) 100vw, 240px\" \/><\/p>\n<p>Schriftf\u00fchrer:<\/p>\n<p>Ludwig Hock<\/p>\n<p><strong>Weitere Ausschu\u00dfmitglieder:<\/strong><\/p>\n<p><span class=\"cf0 ff0 fs20\"><img loading=\"lazy\" decoding=\"async\" class=\"alignnone size-medium wp-image-458\" src=\"https:\/\/xn--schtzenverein-haibach-bic.de\/wp\/wp-content\/uploads\/2018\/12\/Haibacher-Sch\u00fctzen-106-240x300.jpg\" alt=\"\" width=\"240\" height=\"300\" srcset=\"https:\/\/schuetzenverein-haibach.de\/wp-content\/uploads\/2018\/12\/Haibacher-Sch\u00fctzen-106-240x300.jpg 240w, https:\/\/schuetzenverein-haibach.de\/wp-content\/uploads\/2018\/12\/Haibacher-Sch\u00fctzen-106-768x960.jpg 768w, https:\/\/schuetzenverein-haibach.de\/wp-content\/uploads\/2018\/12\/Haibacher-Sch\u00fctzen-106-819x1024.jpg 819w, https:\/\/schuetzenverein-haibach.de\/wp-content\/uploads\/2018\/12\/Haibacher-Sch\u00fctzen-106.jpg 1626w\" sizes=\"auto, (max-width: 240px) 100vw, 240px\" \/><\/span><span class=\"cf1 ff1 fs20\"><br \/>\nSportpistole: <\/span><\/p>\n<p><span class=\"cf1 ff1 fs20\">Bernd Adam<\/span><\/p>\n<p><span class=\"cf0 ff0 fs20\"><img loading=\"lazy\" decoding=\"async\" class=\"alignnone size-medium wp-image-459\" src=\"https:\/\/xn--schtzenverein-haibach-bic.de\/wp\/wp-content\/uploads\/2018\/12\/Haibacher-Sch\u00fctzen-22-240x300.jpg\" alt=\"\" width=\"240\" height=\"300\" srcset=\"https:\/\/schuetzenverein-haibach.de\/wp-content\/uploads\/2018\/12\/Haibacher-Sch\u00fctzen-22-240x300.jpg 240w, https:\/\/schuetzenverein-haibach.de\/wp-content\/uploads\/2018\/12\/Haibacher-Sch\u00fctzen-22-768x960.jpg 768w, https:\/\/schuetzenverein-haibach.de\/wp-content\/uploads\/2018\/12\/Haibacher-Sch\u00fctzen-22-819x1024.jpg 819w, https:\/\/schuetzenverein-haibach.de\/wp-content\/uploads\/2018\/12\/Haibacher-Sch\u00fctzen-22.jpg 1705w\" sizes=\"auto, (max-width: 240px) 100vw, 240px\" \/><\/span><span class=\"cf1 ff1 fs20\"><br \/>\nLuftpistole: <\/span><\/p>\n<p><span class=\"cf1 ff1 fs20\">Michael Staab<\/span><\/p>\n<p><img loading=\"lazy\" decoding=\"async\" class=\"alignnone size-medium wp-image-455\" src=\"https:\/\/xn--schtzenverein-haibach-bic.de\/wp\/wp-content\/uploads\/2018\/12\/IMG_8564-200x300.jpg\" alt=\"\" width=\"200\" height=\"300\" srcset=\"https:\/\/schuetzenverein-haibach.de\/wp-content\/uploads\/2018\/12\/IMG_8564-200x300.jpg 200w, https:\/\/schuetzenverein-haibach.de\/wp-content\/uploads\/2018\/12\/IMG_8564-768x1152.jpg 768w, https:\/\/schuetzenverein-haibach.de\/wp-content\/uploads\/2018\/12\/IMG_8564-683x1024.jpg 683w\" sizes=\"auto, (max-width: 200px) 100vw, 200px\" \/><\/p>\n<p>Sommerbiathlon und Damenleiterin:<\/p>\n<p>Anja B\u00fcrki<\/p>\n<h1><img loading=\"lazy\" decoding=\"async\" class=\"alignnone size-medium wp-image-1209\" src=\"https:\/\/schuetzenverein-haibach.de\/wp-content\/uploads\/2021\/02\/050219-Haibach-7-240x300.jpg\" alt=\"\" width=\"240\" height=\"300\" srcset=\"https:\/\/schuetzenverein-haibach.de\/wp-content\/uploads\/2021\/02\/050219-Haibach-7-240x300.jpg 240w, https:\/\/schuetzenverein-haibach.de\/wp-content\/uploads\/2021\/02\/050219-Haibach-7-819x1024.jpg 819w, https:\/\/schuetzenverein-haibach.de\/wp-content\/uploads\/2021\/02\/050219-Haibach-7-768x960.jpg 768w, https:\/\/schuetzenverein-haibach.de\/wp-content\/uploads\/2021\/02\/050219-Haibach-7-1229x1536.jpg 1229w, https:\/\/schuetzenverein-haibach.de\/wp-content\/uploads\/2021\/02\/050219-Haibach-7-1638x2048.jpg 1638w, https:\/\/schuetzenverein-haibach.de\/wp-content\/uploads\/2021\/02\/050219-Haibach-7.jpg 1759w\" sizes=\"auto, (max-width: 240px) 100vw, 240px\" \/><\/h1>\n<p>Ehrensch\u00fctzenmeister:<\/p>\n<p>Reinhold Re\u00df<\/p>\n<p><img loading=\"lazy\" decoding=\"async\" class=\"alignnone size-medium wp-image-466\" src=\"https:\/\/xn--schtzenverein-haibach-bic.de\/wp\/wp-content\/uploads\/2018\/12\/Haibacher-Sch\u00fctzen-94-240x300.jpg\" alt=\"\" width=\"240\" height=\"300\" srcset=\"https:\/\/schuetzenverein-haibach.de\/wp-content\/uploads\/2018\/12\/Haibacher-Sch\u00fctzen-94-240x300.jpg 240w, https:\/\/schuetzenverein-haibach.de\/wp-content\/uploads\/2018\/12\/Haibacher-Sch\u00fctzen-94-768x960.jpg 768w, https:\/\/schuetzenverein-haibach.de\/wp-content\/uploads\/2018\/12\/Haibacher-Sch\u00fctzen-94-819x1024.jpg 819w, https:\/\/schuetzenverein-haibach.de\/wp-content\/uploads\/2018\/12\/Haibacher-Sch\u00fctzen-94.jpg 1805w\" sizes=\"auto, (max-width: 240px) 100vw, 240px\" \/><\/p>\n<p>B\u00f6llerreferent:<\/p>\n<p>Manfred Kuhn<\/p>\n<p><img loading=\"lazy\" decoding=\"async\" class=\"alignnone size-medium wp-image-471\" src=\"https:\/\/xn--schtzenverein-haibach-bic.de\/wp\/wp-content\/uploads\/2018\/12\/Haibacher-Sch\u00fctzen-145-240x300.jpg\" alt=\"\" width=\"240\" height=\"300\" srcset=\"https:\/\/schuetzenverein-haibach.de\/wp-content\/uploads\/2018\/12\/Haibacher-Sch\u00fctzen-145-240x300.jpg 240w, https:\/\/schuetzenverein-haibach.de\/wp-content\/uploads\/2018\/12\/Haibacher-Sch\u00fctzen-145-768x960.jpg 768w, https:\/\/schuetzenverein-haibach.de\/wp-content\/uploads\/2018\/12\/Haibacher-Sch\u00fctzen-145-819x1024.jpg 819w, https:\/\/schuetzenverein-haibach.de\/wp-content\/uploads\/2018\/12\/Haibacher-Sch\u00fctzen-145.jpg 1954w\" sizes=\"auto, (max-width: 240px) 100vw, 240px\" \/><\/p>\n<p>Nachwuchsbetreuer:<\/p>\n<p>Andre Roth<\/p>\n<p><img loading=\"lazy\" decoding=\"async\" class=\"alignnone size-medium wp-image-470\" src=\"https:\/\/xn--schtzenverein-haibach-bic.de\/wp\/wp-content\/uploads\/2018\/12\/Haibacher-Sch\u00fctzen-119-240x300.jpg\" alt=\"\" width=\"240\" height=\"300\" srcset=\"https:\/\/schuetzenverein-haibach.de\/wp-content\/uploads\/2018\/12\/Haibacher-Sch\u00fctzen-119-240x300.jpg 240w, https:\/\/schuetzenverein-haibach.de\/wp-content\/uploads\/2018\/12\/Haibacher-Sch\u00fctzen-119-768x960.jpg 768w, https:\/\/schuetzenverein-haibach.de\/wp-content\/uploads\/2018\/12\/Haibacher-Sch\u00fctzen-119-819x1024.jpg 819w, https:\/\/schuetzenverein-haibach.de\/wp-content\/uploads\/2018\/12\/Haibacher-Sch\u00fctzen-119.jpg 1691w\" sizes=\"auto, (max-width: 240px) 100vw, 240px\" \/><\/p>\n<p>Beisitzer (Festausschu\u00df):<\/p>\n<p>Dieter Hock<\/p>\n<p><img loading=\"lazy\" decoding=\"async\" class=\"alignnone size-medium wp-image-468\" src=\"https:\/\/xn--schtzenverein-haibach-bic.de\/wp\/wp-content\/uploads\/2018\/12\/Haibacher-Sch\u00fctzen-116-240x300.jpg\" alt=\"\" width=\"240\" height=\"300\" srcset=\"https:\/\/schuetzenverein-haibach.de\/wp-content\/uploads\/2018\/12\/Haibacher-Sch\u00fctzen-116-240x300.jpg 240w, https:\/\/schuetzenverein-haibach.de\/wp-content\/uploads\/2018\/12\/Haibacher-Sch\u00fctzen-116-768x960.jpg 768w, https:\/\/schuetzenverein-haibach.de\/wp-content\/uploads\/2018\/12\/Haibacher-Sch\u00fctzen-116-819x1024.jpg 819w, https:\/\/schuetzenverein-haibach.de\/wp-content\/uploads\/2018\/12\/Haibacher-Sch\u00fctzen-116.jpg 1805w\" sizes=\"auto, (max-width: 240px) 100vw, 240px\" \/><\/p>\n<p><img loading=\"lazy\" decoding=\"async\" class=\"alignnone size-medium wp-image-484\" src=\"https:\/\/xn--schtzenverein-haibach-bic.de\/wp\/wp-content\/uploads\/2018\/12\/Haibacher-Sch\u00fctzen-66-300x200.jpg\" alt=\"\" width=\"300\" height=\"200\" srcset=\"https:\/\/schuetzenverein-haibach.de\/wp-content\/uploads\/2018\/12\/Haibacher-Sch\u00fctzen-66-300x200.jpg 300w, https:\/\/schuetzenverein-haibach.de\/wp-content\/uploads\/2018\/12\/Haibacher-Sch\u00fctzen-66-768x513.jpg 768w, https:\/\/schuetzenverein-haibach.de\/wp-content\/uploads\/2018\/12\/Haibacher-Sch\u00fctzen-66-1024x684.jpg 1024w, https:\/\/schuetzenverein-haibach.de\/wp-content\/uploads\/2018\/12\/Haibacher-Sch\u00fctzen-66-272x182.jpg 272w\" sizes=\"auto, (max-width: 300px) 100vw, 300px\" \/><img loading=\"lazy\" decoding=\"async\" class=\"alignnone size-medium wp-image-485\" src=\"https:\/\/xn--schtzenverein-haibach-bic.de\/wp\/wp-content\/uploads\/2018\/12\/Haibacher-Sch\u00fctzen-68-300x200.jpg\" alt=\"\" width=\"300\" height=\"200\" srcset=\"https:\/\/schuetzenverein-haibach.de\/wp-content\/uploads\/2018\/12\/Haibacher-Sch\u00fctzen-68-300x200.jpg 300w, https:\/\/schuetzenverein-haibach.de\/wp-content\/uploads\/2018\/12\/Haibacher-Sch\u00fctzen-68-768x513.jpg 768w, https:\/\/schuetzenverein-haibach.de\/wp-content\/uploads\/2018\/12\/Haibacher-Sch\u00fctzen-68-1024x683.jpg 1024w, https:\/\/schuetzenverein-haibach.de\/wp-content\/uploads\/2018\/12\/Haibacher-Sch\u00fctzen-68-272x182.jpg 272w\" sizes=\"auto, (max-width: 300px) 100vw, 300px\" \/><\/p>\n<p>F\u00e4hnrich:<\/p>\n<p>Franz Sauer<\/p>\n","protected":false},"excerpt":{"rendered":"<p>Unser Sch\u00fctzenmeisteramt: 1. Sch\u00fctzenmeister Volker R\u00fchle Eckenerstr. 17 a 63808 Haibach, Unterfranken Tel.: 0171\/6818319, B\u00fcro: 06021\/66700 Email: volker.ruehle@schuetzenverein-haibach.de oder\u00a0\u00a0 volker.ruehle@gau-main-spessart.de 2. Sch\u00fctzenmeister Andr\u00e9 Roth Schatzmeisterin Claudia Find Sportleiter: Roger Find Schriftf\u00fchrer: Ludwig Hock Weitere Ausschu\u00dfmitglieder: Sportpistole: Bernd Adam Luftpistole: Michael Staab Sommerbiathlon und Damenleiterin: Anja B\u00fcrki Ehrensch\u00fctzenmeister: Reinhold Re\u00df B\u00f6llerreferent: Manfred Kuhn Nachwuchsbetreuer: Andre Roth [&hellip;]<\/p>\n","protected":false},"author":1,"featured_media":0,"parent":22,"menu_order":0,"comment_status":"closed","ping_status":"closed","template":"","meta":{"footnotes":""},"class_list":["post-52","page","type-page","status-publish","hentry"],"_links":{"self":[{"href":"https:\/\/schuetzenverein-haibach.de\/index.php?rest_route=\/wp\/v2\/pages\/52","targetHints":{"allow":["GET"]}}],"collection":[{"href":"https:\/\/schuetzenverein-haibach.de\/index.php?rest_route=\/wp\/v2\/pages"}],"about":[{"href":"https:\/\/schuetzenverein-haibach.de\/index.php?rest_route=\/wp\/v2\/types\/page"}],"author":[{"embeddable":true,"href":"https:\/\/schuetzenverein-haibach.de\/index.php?rest_route=\/wp\/v2\/users\/1"}],"replies":[{"embeddable":true,"href":"https:\/\/schuetzenverein-haibach.de\/index.php?rest_route=%2Fwp%2Fv2%2Fcomments&post=52"}],"version-history":[{"count":22,"href":"https:\/\/schuetzenverein-haibach.de\/index.php?rest_route=\/wp\/v2\/pages\/52\/revisions"}],"predecessor-version":[{"id":3161,"href":"https:\/\/schuetzenverein-haibach.de\/index.php?rest_route=\/wp\/v2\/pages\/52\/revisions\/3161"}],"up":[{"embeddable":true,"href":"https:\/\/schuetzenverein-haibach.de\/index.php?rest_route=\/wp\/v2\/pages\/22"}],"wp:attachment":[{"href":"https:\/\/schuetzenverein-haibach.de\/index.php?rest_route=%2Fwp%2Fv2%2Fmedia&parent=52"}],"curies":[{"name":"wp","href":"https:\/\/api.w.org\/{rel}","templated":true}]}}