{"id":39,"date":"2018-12-04T20:41:39","date_gmt":"2018-12-04T19:41:39","guid":{"rendered":"http:\/\/xn--schtzenverein-haibach-bic.de\/wp\/?page_id=39"},"modified":"2025-02-08T19:10:19","modified_gmt":"2025-02-08T18:10:19","slug":"junioren","status":"publish","type":"page","link":"https:\/\/schuetzenverein-haibach.de\/?page_id=39","title":{"rendered":"Jugend"},"content":{"rendered":"<h2><strong>Trainingszeiten:<\/strong><\/h2>\n<p>Jugendtraining ist jeden Montag (Ausnahme: Feiertage) von 18 bis 20 Uhr.<br \/>Gerne k\u00f6nnt ihr jederzeit zum kostenlosen Schnuppertraining vorbeikommen.<\/p>\n<hr \/>\n<h2><strong>Sommerbiathlon:<\/strong><\/h2>\n<p>Das Training f\u00fcr unsere Sommerbiathleten findet in der Regel am Sonntag vormittag ab 9.30 Uhr im Sch\u00fctzenhaus statt. Auch hier bieten wir gerne die M\u00f6glichkeit an, diese Trendsportart kennenzulernen. M\u00f6glich ist das Schie\u00dfen auf 10 m Entfernung mit Luftgewehr auf Klappanlagen und Lasergewehr (ab 6 Jahren). Als Laufstrecke haben wir direkt vor unserer Haust\u00fcr am Waldrand individuelle anspruchsvolle Waldwege. Ansprechpartner hierf\u00fcr sind Anja und Dieter B\u00fcrki.<\/p>\n<p>Mehr zu Sommerbiathlon gibt es unter dem Reiter &#8222;<a href=\"https:\/\/schuetzenverein-haibach.de\/?page_id=1952\">Sommerbiathlon<\/a>&#8222;.<\/p>\n<hr \/>\n<h1><strong>Unsere Sch\u00fcler waren beim Bezirksentscheid des Shooty-Cup 2024 in Sch\u00f6llkrippen und holten den Sieg nach Haibach<\/strong><\/h1>\n<p>Luisa Rollmann und Tom B\u00fcdel holten als Team mit einer Klasseleistung den Sieg nach Haibach und qualifizierten sich f\u00fcr den Shooty-Cup auf Landesebene w\u00e4hrend der Bayerischen Meisterschaften im Juni auf der Olympiaschie\u00dfanlage in M\u00fcnchen-Hochbr\u00fcck. Ebenfalls mit am Start war das Team Haibach II mit Romy Gro\u00dfmann und Moritz Roth, die einen guten 9. Platz von 15 unterfr\u00e4nkischen Teams belegten.<\/p>\n<p><strong>Herzlichen Gl\u00fcckwunsch an unsere Sch\u00fcler!<\/strong><\/p>\n<p><a href=\"https:\/\/schuetzenverein-haibach.de\/wp-content\/uploads\/2024\/03\/Shooty-Cup_Ergebnisliste_2024.pdf\">Shooty-Cup_Ergebnisliste_2024<\/a><\/p>\n<p><img loading=\"lazy\" decoding=\"async\" class=\"alignnone size-large wp-image-2610\" src=\"https:\/\/schuetzenverein-haibach.de\/wp-content\/uploads\/2024\/03\/IMG-20240316-WA0002-1024x768.jpg\" alt=\"\" width=\"720\" height=\"540\" srcset=\"https:\/\/schuetzenverein-haibach.de\/wp-content\/uploads\/2024\/03\/IMG-20240316-WA0002-1024x768.jpg 1024w, https:\/\/schuetzenverein-haibach.de\/wp-content\/uploads\/2024\/03\/IMG-20240316-WA0002-300x225.jpg 300w, https:\/\/schuetzenverein-haibach.de\/wp-content\/uploads\/2024\/03\/IMG-20240316-WA0002-768x576.jpg 768w, https:\/\/schuetzenverein-haibach.de\/wp-content\/uploads\/2024\/03\/IMG-20240316-WA0002-1536x1152.jpg 1536w, https:\/\/schuetzenverein-haibach.de\/wp-content\/uploads\/2024\/03\/IMG-20240316-WA0002.jpg 2000w\" sizes=\"auto, (max-width: 720px) 100vw, 720px\" \/> <img loading=\"lazy\" decoding=\"async\" class=\"alignnone size-large wp-image-2611\" src=\"https:\/\/schuetzenverein-haibach.de\/wp-content\/uploads\/2024\/03\/IMG-20240316-WA0003-1024x768.jpg\" alt=\"\" width=\"720\" height=\"540\" srcset=\"https:\/\/schuetzenverein-haibach.de\/wp-content\/uploads\/2024\/03\/IMG-20240316-WA0003-1024x768.jpg 1024w, https:\/\/schuetzenverein-haibach.de\/wp-content\/uploads\/2024\/03\/IMG-20240316-WA0003-300x225.jpg 300w, https:\/\/schuetzenverein-haibach.de\/wp-content\/uploads\/2024\/03\/IMG-20240316-WA0003-768x576.jpg 768w, https:\/\/schuetzenverein-haibach.de\/wp-content\/uploads\/2024\/03\/IMG-20240316-WA0003-1536x1152.jpg 1536w, https:\/\/schuetzenverein-haibach.de\/wp-content\/uploads\/2024\/03\/IMG-20240316-WA0003.jpg 2000w\" sizes=\"auto, (max-width: 720px) 100vw, 720px\" \/><\/p>\n<p>Das Siegerteam: v.l. Tom B\u00fcdel und Luisa Rollmann<\/p>\n<p><img loading=\"lazy\" decoding=\"async\" class=\"alignnone size-large wp-image-2612\" src=\"https:\/\/schuetzenverein-haibach.de\/wp-content\/uploads\/2024\/03\/IMG-20240316-WA0004-768x1024.jpg\" alt=\"\" width=\"720\" height=\"960\" srcset=\"https:\/\/schuetzenverein-haibach.de\/wp-content\/uploads\/2024\/03\/IMG-20240316-WA0004-768x1024.jpg 768w, https:\/\/schuetzenverein-haibach.de\/wp-content\/uploads\/2024\/03\/IMG-20240316-WA0004-225x300.jpg 225w, https:\/\/schuetzenverein-haibach.de\/wp-content\/uploads\/2024\/03\/IMG-20240316-WA0004-1152x1536.jpg 1152w, https:\/\/schuetzenverein-haibach.de\/wp-content\/uploads\/2024\/03\/IMG-20240316-WA0004.jpg 1500w\" sizes=\"auto, (max-width: 720px) 100vw, 720px\" \/>\u00a0 <img loading=\"lazy\" decoding=\"async\" class=\"alignnone size-large wp-image-2614\" src=\"https:\/\/schuetzenverein-haibach.de\/wp-content\/uploads\/2024\/03\/IMG-20240316-WA0010-768x1024.jpg\" alt=\"\" width=\"720\" height=\"960\" srcset=\"https:\/\/schuetzenverein-haibach.de\/wp-content\/uploads\/2024\/03\/IMG-20240316-WA0010-768x1024.jpg 768w, https:\/\/schuetzenverein-haibach.de\/wp-content\/uploads\/2024\/03\/IMG-20240316-WA0010-225x300.jpg 225w, https:\/\/schuetzenverein-haibach.de\/wp-content\/uploads\/2024\/03\/IMG-20240316-WA0010-1152x1536.jpg 1152w, https:\/\/schuetzenverein-haibach.de\/wp-content\/uploads\/2024\/03\/IMG-20240316-WA0010.jpg 1500w\" sizes=\"auto, (max-width: 720px) 100vw, 720px\" \/> <img loading=\"lazy\" decoding=\"async\" class=\"alignnone size-large wp-image-2615\" src=\"https:\/\/schuetzenverein-haibach.de\/wp-content\/uploads\/2024\/03\/IMG-20240316-WA0011-768x1024.jpg\" alt=\"\" width=\"720\" height=\"960\" srcset=\"https:\/\/schuetzenverein-haibach.de\/wp-content\/uploads\/2024\/03\/IMG-20240316-WA0011-768x1024.jpg 768w, https:\/\/schuetzenverein-haibach.de\/wp-content\/uploads\/2024\/03\/IMG-20240316-WA0011-225x300.jpg 225w, https:\/\/schuetzenverein-haibach.de\/wp-content\/uploads\/2024\/03\/IMG-20240316-WA0011-1152x1536.jpg 1152w, https:\/\/schuetzenverein-haibach.de\/wp-content\/uploads\/2024\/03\/IMG-20240316-WA0011.jpg 1500w\" sizes=\"auto, (max-width: 720px) 100vw, 720px\" \/> <img loading=\"lazy\" decoding=\"async\" class=\"alignnone size-large wp-image-2616\" src=\"https:\/\/schuetzenverein-haibach.de\/wp-content\/uploads\/2024\/03\/IMG-20240316-WA0012-516x1024.jpg\" alt=\"\" width=\"516\" height=\"1024\" srcset=\"https:\/\/schuetzenverein-haibach.de\/wp-content\/uploads\/2024\/03\/IMG-20240316-WA0012-516x1024.jpg 516w, https:\/\/schuetzenverein-haibach.de\/wp-content\/uploads\/2024\/03\/IMG-20240316-WA0012-151x300.jpg 151w, https:\/\/schuetzenverein-haibach.de\/wp-content\/uploads\/2024\/03\/IMG-20240316-WA0012-768x1524.jpg 768w, https:\/\/schuetzenverein-haibach.de\/wp-content\/uploads\/2024\/03\/IMG-20240316-WA0012-774x1536.jpg 774w, https:\/\/schuetzenverein-haibach.de\/wp-content\/uploads\/2024\/03\/IMG-20240316-WA0012.jpg 1008w\" sizes=\"auto, (max-width: 516px) 100vw, 516px\" \/><\/p>\n<h1>\u00a0<\/h1>\n<h1><strong>Hier ein paar Bilder unserer Sch\u00fcler und Jugendlichen aus 2018:<\/strong><\/h1>\n<p><img loading=\"lazy\" decoding=\"async\" class=\"alignnone size-medium wp-image-482\" src=\"https:\/\/xn--schtzenverein-haibach-bic.de\/wp\/wp-content\/uploads\/2018\/12\/Haibacher-Sch\u00fctzen-31-300x200.jpg\" alt=\"\" width=\"300\" height=\"200\" srcset=\"https:\/\/schuetzenverein-haibach.de\/wp-content\/uploads\/2018\/12\/Haibacher-Sch\u00fctzen-31-300x200.jpg 300w, https:\/\/schuetzenverein-haibach.de\/wp-content\/uploads\/2018\/12\/Haibacher-Sch\u00fctzen-31-768x513.jpg 768w, https:\/\/schuetzenverein-haibach.de\/wp-content\/uploads\/2018\/12\/Haibacher-Sch\u00fctzen-31-1024x684.jpg 1024w, https:\/\/schuetzenverein-haibach.de\/wp-content\/uploads\/2018\/12\/Haibacher-Sch\u00fctzen-31-272x182.jpg 272w\" sizes=\"auto, (max-width: 300px) 100vw, 300px\" \/> <img loading=\"lazy\" decoding=\"async\" class=\"alignnone size-medium wp-image-488\" src=\"https:\/\/xn--schtzenverein-haibach-bic.de\/wp\/wp-content\/uploads\/2018\/12\/Haibacher-Sch\u00fctzen-141-300x198.jpg\" alt=\"\" width=\"300\" height=\"198\" srcset=\"https:\/\/schuetzenverein-haibach.de\/wp-content\/uploads\/2018\/12\/Haibacher-Sch\u00fctzen-141-300x198.jpg 300w, https:\/\/schuetzenverein-haibach.de\/wp-content\/uploads\/2018\/12\/Haibacher-Sch\u00fctzen-141-768x507.jpg 768w, https:\/\/schuetzenverein-haibach.de\/wp-content\/uploads\/2018\/12\/Haibacher-Sch\u00fctzen-141-1024x676.jpg 1024w\" sizes=\"auto, (max-width: 300px) 100vw, 300px\" \/> <img loading=\"lazy\" decoding=\"async\" class=\"alignnone size-medium wp-image-490\" src=\"https:\/\/xn--schtzenverein-haibach-bic.de\/wp\/wp-content\/uploads\/2018\/12\/Haibacher-Sch\u00fctzen-103-240x300.jpg\" alt=\"\" width=\"240\" height=\"300\" srcset=\"https:\/\/schuetzenverein-haibach.de\/wp-content\/uploads\/2018\/12\/Haibacher-Sch\u00fctzen-103-240x300.jpg 240w, https:\/\/schuetzenverein-haibach.de\/wp-content\/uploads\/2018\/12\/Haibacher-Sch\u00fctzen-103-768x960.jpg 768w, https:\/\/schuetzenverein-haibach.de\/wp-content\/uploads\/2018\/12\/Haibacher-Sch\u00fctzen-103-819x1024.jpg 819w, https:\/\/schuetzenverein-haibach.de\/wp-content\/uploads\/2018\/12\/Haibacher-Sch\u00fctzen-103.jpg 1816w\" sizes=\"auto, (max-width: 240px) 100vw, 240px\" \/><img loading=\"lazy\" decoding=\"async\" class=\"alignnone size-medium wp-image-486\" src=\"https:\/\/xn--schtzenverein-haibach-bic.de\/wp\/wp-content\/uploads\/2018\/12\/Haibacher-Sch\u00fctzen-96-240x300.jpg\" alt=\"\" width=\"240\" height=\"300\" srcset=\"https:\/\/schuetzenverein-haibach.de\/wp-content\/uploads\/2018\/12\/Haibacher-Sch\u00fctzen-96-240x300.jpg 240w, https:\/\/schuetzenverein-haibach.de\/wp-content\/uploads\/2018\/12\/Haibacher-Sch\u00fctzen-96-768x960.jpg 768w, https:\/\/schuetzenverein-haibach.de\/wp-content\/uploads\/2018\/12\/Haibacher-Sch\u00fctzen-96-819x1024.jpg 819w, https:\/\/schuetzenverein-haibach.de\/wp-content\/uploads\/2018\/12\/Haibacher-Sch\u00fctzen-96.jpg 1734w\" sizes=\"auto, (max-width: 240px) 100vw, 240px\" \/> <img loading=\"lazy\" decoding=\"async\" class=\"alignnone size-medium wp-image-492\" src=\"https:\/\/xn--schtzenverein-haibach-bic.de\/wp\/wp-content\/uploads\/2018\/12\/Haibacher-Sch\u00fctzen-118-240x300.jpg\" alt=\"\" width=\"240\" height=\"300\" srcset=\"https:\/\/schuetzenverein-haibach.de\/wp-content\/uploads\/2018\/12\/Haibacher-Sch\u00fctzen-118-240x300.jpg 240w, https:\/\/schuetzenverein-haibach.de\/wp-content\/uploads\/2018\/12\/Haibacher-Sch\u00fctzen-118-768x960.jpg 768w, https:\/\/schuetzenverein-haibach.de\/wp-content\/uploads\/2018\/12\/Haibacher-Sch\u00fctzen-118-819x1024.jpg 819w, https:\/\/schuetzenverein-haibach.de\/wp-content\/uploads\/2018\/12\/Haibacher-Sch\u00fctzen-118.jpg 1805w\" sizes=\"auto, (max-width: 240px) 100vw, 240px\" \/> <img loading=\"lazy\" decoding=\"async\" class=\"alignnone size-medium wp-image-493\" src=\"https:\/\/xn--schtzenverein-haibach-bic.de\/wp\/wp-content\/uploads\/2018\/12\/Haibacher-Sch\u00fctzen-125-300x200.jpg\" alt=\"\" width=\"300\" height=\"200\" srcset=\"https:\/\/schuetzenverein-haibach.de\/wp-content\/uploads\/2018\/12\/Haibacher-Sch\u00fctzen-125-300x200.jpg 300w, https:\/\/schuetzenverein-haibach.de\/wp-content\/uploads\/2018\/12\/Haibacher-Sch\u00fctzen-125-768x513.jpg 768w, https:\/\/schuetzenverein-haibach.de\/wp-content\/uploads\/2018\/12\/Haibacher-Sch\u00fctzen-125-1024x683.jpg 1024w, https:\/\/schuetzenverein-haibach.de\/wp-content\/uploads\/2018\/12\/Haibacher-Sch\u00fctzen-125-272x182.jpg 272w\" sizes=\"auto, (max-width: 300px) 100vw, 300px\" \/> <img loading=\"lazy\" decoding=\"async\" class=\"alignnone size-medium wp-image-494\" src=\"https:\/\/xn--schtzenverein-haibach-bic.de\/wp\/wp-content\/uploads\/2018\/12\/Haibacher-Sch\u00fctzen-133-300x200.jpg\" alt=\"\" width=\"300\" height=\"200\" srcset=\"https:\/\/schuetzenverein-haibach.de\/wp-content\/uploads\/2018\/12\/Haibacher-Sch\u00fctzen-133-300x200.jpg 300w, https:\/\/schuetzenverein-haibach.de\/wp-content\/uploads\/2018\/12\/Haibacher-Sch\u00fctzen-133-768x513.jpg 768w, https:\/\/schuetzenverein-haibach.de\/wp-content\/uploads\/2018\/12\/Haibacher-Sch\u00fctzen-133-1024x683.jpg 1024w, https:\/\/schuetzenverein-haibach.de\/wp-content\/uploads\/2018\/12\/Haibacher-Sch\u00fctzen-133-272x182.jpg 272w\" sizes=\"auto, (max-width: 300px) 100vw, 300px\" \/> <img loading=\"lazy\" decoding=\"async\" class=\"alignnone size-medium wp-image-495\" src=\"https:\/\/xn--schtzenverein-haibach-bic.de\/wp\/wp-content\/uploads\/2018\/12\/DSCN2479-300x225.jpg\" alt=\"\" width=\"300\" height=\"225\" srcset=\"https:\/\/schuetzenverein-haibach.de\/wp-content\/uploads\/2018\/12\/DSCN2479-300x225.jpg 300w, https:\/\/schuetzenverein-haibach.de\/wp-content\/uploads\/2018\/12\/DSCN2479-768x576.jpg 768w, https:\/\/schuetzenverein-haibach.de\/wp-content\/uploads\/2018\/12\/DSCN2479-1024x768.jpg 1024w\" sizes=\"auto, (max-width: 300px) 100vw, 300px\" \/><img loading=\"lazy\" decoding=\"async\" class=\"alignnone size-medium wp-image-491\" src=\"https:\/\/xn--schtzenverein-haibach-bic.de\/wp\/wp-content\/uploads\/2018\/12\/Haibacher-Sch\u00fctzen-139-240x300.jpg\" alt=\"\" width=\"240\" height=\"300\" srcset=\"https:\/\/schuetzenverein-haibach.de\/wp-content\/uploads\/2018\/12\/Haibacher-Sch\u00fctzen-139-240x300.jpg 240w, https:\/\/schuetzenverein-haibach.de\/wp-content\/uploads\/2018\/12\/Haibacher-Sch\u00fctzen-139-768x960.jpg 768w, https:\/\/schuetzenverein-haibach.de\/wp-content\/uploads\/2018\/12\/Haibacher-Sch\u00fctzen-139-819x1024.jpg 819w, https:\/\/schuetzenverein-haibach.de\/wp-content\/uploads\/2018\/12\/Haibacher-Sch\u00fctzen-139.jpg 1049w\" sizes=\"auto, (max-width: 240px) 100vw, 240px\" \/><\/p>\n<p><img loading=\"lazy\" decoding=\"async\" class=\"alignnone size-large wp-image-498\" src=\"https:\/\/xn--schtzenverein-haibach-bic.de\/wp\/wp-content\/uploads\/2018\/12\/Jugendehrung-2018-1-1024x466.jpg\" alt=\"\" width=\"720\" height=\"328\" srcset=\"https:\/\/schuetzenverein-haibach.de\/wp-content\/uploads\/2018\/12\/Jugendehrung-2018-1-1024x466.jpg 1024w, https:\/\/schuetzenverein-haibach.de\/wp-content\/uploads\/2018\/12\/Jugendehrung-2018-1-300x136.jpg 300w, https:\/\/schuetzenverein-haibach.de\/wp-content\/uploads\/2018\/12\/Jugendehrung-2018-1-768x349.jpg 768w\" sizes=\"auto, (max-width: 720px) 100vw, 720px\" \/><\/p>\n<p>Ehrung unserer Jugendlichen beim Hubertustag 2018:<\/p>\n<p>Das Bayerische Meistersch\u00fctzenabzeichen erhielten (v.l.) Ludwig Hock, Justin Kuhn, Natascha Klein, Michelle Find, Katja Seitz (alle aus unserer Bayernligamannschaft Luftgewehr) und Franziska Seitz!<br \/><br \/><\/p>\n<h1><span style=\"color: #ff0000;\">Michelle Find wurde Bayerische Meisterin mit der JSG Frankonia Unterfranken mit der Luftgewehr-Mannschaft 2017<br \/><\/span><\/h1>\n<p>Hier die Ergebnisliste und das Siegerfoto:<\/p>\n<p><img loading=\"lazy\" decoding=\"async\" class=\"alignnone size-full wp-image-202\" src=\"https:\/\/xn--schtzenverein-haibach-bic.de\/wp\/wp-content\/uploads\/2017\/05\/lg_juniorinnen_ma1.jpg\" alt=\"\" width=\"1890\" height=\"1260\" srcset=\"https:\/\/schuetzenverein-haibach.de\/wp-content\/uploads\/2017\/05\/lg_juniorinnen_ma1.jpg 1890w, https:\/\/schuetzenverein-haibach.de\/wp-content\/uploads\/2017\/05\/lg_juniorinnen_ma1-300x200.jpg 300w, https:\/\/schuetzenverein-haibach.de\/wp-content\/uploads\/2017\/05\/lg_juniorinnen_ma1-768x512.jpg 768w, https:\/\/schuetzenverein-haibach.de\/wp-content\/uploads\/2017\/05\/lg_juniorinnen_ma1-1024x683.jpg 1024w, https:\/\/schuetzenverein-haibach.de\/wp-content\/uploads\/2017\/05\/lg_juniorinnen_ma1-128x85.jpg 128w, https:\/\/schuetzenverein-haibach.de\/wp-content\/uploads\/2017\/05\/lg_juniorinnen_ma1-32x21.jpg 32w, https:\/\/schuetzenverein-haibach.de\/wp-content\/uploads\/2017\/05\/lg_juniorinnen_ma1-272x182.jpg 272w\" sizes=\"auto, (max-width: 1890px) 100vw, 1890px\" \/><\/p>\n<p>Mannschaftsergebnis: <a href=\"https:\/\/xn--schtzenverein-haibach-bic.de\/wp\/wp-content\/uploads\/2017\/05\/m1_10_411.pdf\">m1_10_41(1)<\/a><\/p>\n<p>Vorkampf: <a href=\"https:\/\/xn--schtzenverein-haibach-bic.de\/wp\/wp-content\/uploads\/2017\/05\/e1_10_411.pdf\">e1_10_41(1)<\/a><\/p>\n<p>Finale: <a href=\"https:\/\/xn--schtzenverein-haibach-bic.de\/wp\/wp-content\/uploads\/2017\/05\/f1_10_41.pdf\">f1_10_41<\/a><\/p>\n<h1><span style=\"color: #ff0000;\">Ludwig Hock kam mit dem Luftgewehr im Finale auf den 3. Platz<\/span><\/h1>\n<p><img loading=\"lazy\" decoding=\"async\" class=\"alignnone size-full wp-image-205\" src=\"https:\/\/xn--schtzenverein-haibach-bic.de\/wp\/wp-content\/uploads\/2017\/05\/lg_junioren_a.jpg\" alt=\"\" width=\"1890\" height=\"1260\" srcset=\"https:\/\/schuetzenverein-haibach.de\/wp-content\/uploads\/2017\/05\/lg_junioren_a.jpg 1890w, https:\/\/schuetzenverein-haibach.de\/wp-content\/uploads\/2017\/05\/lg_junioren_a-300x200.jpg 300w, https:\/\/schuetzenverein-haibach.de\/wp-content\/uploads\/2017\/05\/lg_junioren_a-768x512.jpg 768w, https:\/\/schuetzenverein-haibach.de\/wp-content\/uploads\/2017\/05\/lg_junioren_a-1024x683.jpg 1024w, https:\/\/schuetzenverein-haibach.de\/wp-content\/uploads\/2017\/05\/lg_junioren_a-128x85.jpg 128w, https:\/\/schuetzenverein-haibach.de\/wp-content\/uploads\/2017\/05\/lg_junioren_a-32x21.jpg 32w, https:\/\/schuetzenverein-haibach.de\/wp-content\/uploads\/2017\/05\/lg_junioren_a-272x182.jpg 272w\" sizes=\"auto, (max-width: 1890px) 100vw, 1890px\" \/><\/p>\n<h6><a href=\"https:\/\/xn--schtzenverein-haibach-bic.de\/wp\/wp-content\/uploads\/2017\/05\/e1_10_40.pdf\">Vorkampf: e1_10_40<\/a><\/h6>\n<p><a href=\"https:\/\/xn--schtzenverein-haibach-bic.de\/wp\/wp-content\/uploads\/2017\/05\/f1_10_40.pdf\">Finale: f1_10_40<\/a><\/p>\n<h6>\u00a0<\/h6>\n<h2><span style=\"color: #ff0000;\">5.Platz f\u00fcr Michelle Find beim Rahmenwettbewerb KK 50m stehend mit Diopter auf der Bayerischen Meisterschaft 2017 in der Juniorenklasse mit 275 Ringen<\/span><\/h2>\n<h2><strong><img loading=\"lazy\" decoding=\"async\" class=\"alignnone wp-image-192 size-full\" src=\"https:\/\/schuetzenverein-haibach.de\/wp-content\/uploads\/2017\/05\/phoca_thumb_l_kk50_diopter_junioren.jpg\" alt=\"\" width=\"800\" height=\"533\" srcset=\"https:\/\/schuetzenverein-haibach.de\/wp-content\/uploads\/2017\/05\/phoca_thumb_l_kk50_diopter_junioren.jpg 800w, https:\/\/schuetzenverein-haibach.de\/wp-content\/uploads\/2017\/05\/phoca_thumb_l_kk50_diopter_junioren-300x200.jpg 300w, https:\/\/schuetzenverein-haibach.de\/wp-content\/uploads\/2017\/05\/phoca_thumb_l_kk50_diopter_junioren-768x512.jpg 768w, https:\/\/schuetzenverein-haibach.de\/wp-content\/uploads\/2017\/05\/phoca_thumb_l_kk50_diopter_junioren-128x85.jpg 128w, https:\/\/schuetzenverein-haibach.de\/wp-content\/uploads\/2017\/05\/phoca_thumb_l_kk50_diopter_junioren-32x21.jpg 32w, https:\/\/schuetzenverein-haibach.de\/wp-content\/uploads\/2017\/05\/phoca_thumb_l_kk50_diopter_junioren-272x182.jpg 272w\" sizes=\"auto, (max-width: 800px) 100vw, 800px\" \/><\/strong><\/h2>\n<h6>\u00a0<\/h6>\n<h2>\u00a0Unsere Jugendlichen in M\u00fcnchen-Hochbr\u00fcck<\/h2>\n<p><img loading=\"lazy\" decoding=\"async\" class=\"alignnone size-full wp-image-123\" src=\"http:\/\/xn--schtzenverein-haibach-bic.de\/wp\/wp-content\/uploads\/2017\/05\/2013-07-BM-M\u00fcnchen-035.jpg\" alt=\"\" width=\"400\" height=\"267\" srcset=\"https:\/\/schuetzenverein-haibach.de\/wp-content\/uploads\/2017\/05\/2013-07-BM-M\u00fcnchen-035.jpg 400w, https:\/\/schuetzenverein-haibach.de\/wp-content\/uploads\/2017\/05\/2013-07-BM-M\u00fcnchen-035-300x200.jpg 300w, https:\/\/schuetzenverein-haibach.de\/wp-content\/uploads\/2017\/05\/2013-07-BM-M\u00fcnchen-035-128x85.jpg 128w, https:\/\/schuetzenverein-haibach.de\/wp-content\/uploads\/2017\/05\/2013-07-BM-M\u00fcnchen-035-32x21.jpg 32w, https:\/\/schuetzenverein-haibach.de\/wp-content\/uploads\/2017\/05\/2013-07-BM-M\u00fcnchen-035-272x182.jpg 272w\" sizes=\"auto, (max-width: 400px) 100vw, 400px\" \/> <img loading=\"lazy\" decoding=\"async\" class=\"alignnone size-full wp-image-124\" src=\"http:\/\/xn--schtzenverein-haibach-bic.de\/wp\/wp-content\/uploads\/2017\/05\/2013-07-BM-M\u00fcnchen-044.jpg\" alt=\"\" width=\"400\" height=\"300\" srcset=\"https:\/\/schuetzenverein-haibach.de\/wp-content\/uploads\/2017\/05\/2013-07-BM-M\u00fcnchen-044.jpg 400w, https:\/\/schuetzenverein-haibach.de\/wp-content\/uploads\/2017\/05\/2013-07-BM-M\u00fcnchen-044-300x225.jpg 300w, https:\/\/schuetzenverein-haibach.de\/wp-content\/uploads\/2017\/05\/2013-07-BM-M\u00fcnchen-044-128x96.jpg 128w, https:\/\/schuetzenverein-haibach.de\/wp-content\/uploads\/2017\/05\/2013-07-BM-M\u00fcnchen-044-32x24.jpg 32w\" sizes=\"auto, (max-width: 400px) 100vw, 400px\" \/><\/p>\n<p><span style=\"color: #339966;\">Bayerische Meisterschaft 2013<\/span><\/p>\n<h1><strong><span style=\"color: #ff0000;\">Michelle Find gewinnt Luftgewehr-Bayernpokal 2017 in der Einzelwertung mit 396 Ringen<\/span><\/strong><\/h1>\n<p><img loading=\"lazy\" decoding=\"async\" class=\"alignnone wp-image-141 size-full\" src=\"https:\/\/schuetzenverein-haibach.de\/wp-content\/uploads\/2017\/05\/Michelle-Bayernpokal-2017-LG_7144-1.jpg\" alt=\"\" width=\"640\" height=\"427\" srcset=\"https:\/\/schuetzenverein-haibach.de\/wp-content\/uploads\/2017\/05\/Michelle-Bayernpokal-2017-LG_7144-1.jpg 640w, https:\/\/schuetzenverein-haibach.de\/wp-content\/uploads\/2017\/05\/Michelle-Bayernpokal-2017-LG_7144-1-300x200.jpg 300w, https:\/\/schuetzenverein-haibach.de\/wp-content\/uploads\/2017\/05\/Michelle-Bayernpokal-2017-LG_7144-1-128x85.jpg 128w, https:\/\/schuetzenverein-haibach.de\/wp-content\/uploads\/2017\/05\/Michelle-Bayernpokal-2017-LG_7144-1-32x21.jpg 32w, https:\/\/schuetzenverein-haibach.de\/wp-content\/uploads\/2017\/05\/Michelle-Bayernpokal-2017-LG_7144-1-272x182.jpg 272w\" sizes=\"auto, (max-width: 640px) 100vw, 640px\" \/><\/p>\n<h6>\u00a0<\/h6>\n<h1><strong><span style=\"color: #ff0000;\">Natascha Klein wurde Dritte beim Bayernpokal 2017 im Kleinkaliber-Dreistellungskampf mit 559 Ringen<\/span><\/strong><\/h1>\n<p><img loading=\"lazy\" decoding=\"async\" class=\"alignnone size-full wp-image-142\" src=\"http:\/\/xn--schtzenverein-haibach-bic.de\/wp\/wp-content\/uploads\/2017\/05\/Natascha-Bayernpokal-2017_7169.jpg\" alt=\"\" width=\"640\" height=\"427\" srcset=\"https:\/\/schuetzenverein-haibach.de\/wp-content\/uploads\/2017\/05\/Natascha-Bayernpokal-2017_7169.jpg 640w, https:\/\/schuetzenverein-haibach.de\/wp-content\/uploads\/2017\/05\/Natascha-Bayernpokal-2017_7169-300x200.jpg 300w, https:\/\/schuetzenverein-haibach.de\/wp-content\/uploads\/2017\/05\/Natascha-Bayernpokal-2017_7169-128x85.jpg 128w, https:\/\/schuetzenverein-haibach.de\/wp-content\/uploads\/2017\/05\/Natascha-Bayernpokal-2017_7169-32x21.jpg 32w, https:\/\/schuetzenverein-haibach.de\/wp-content\/uploads\/2017\/05\/Natascha-Bayernpokal-2017_7169-272x182.jpg 272w\" sizes=\"auto, (max-width: 640px) 100vw, 640px\" \/><\/p>\n<p>\u00a0<\/p>\n\n\n<figure class=\"wp-block-image\"><img loading=\"lazy\" decoding=\"async\" width=\"1024\" height=\"768\" src=\"https:\/\/schuetzenverein-haibach.de\/wp-content\/uploads\/2018\/12\/IMG_1050-1024x768.jpg\" alt=\"\" class=\"wp-image-408\" srcset=\"https:\/\/schuetzenverein-haibach.de\/wp-content\/uploads\/2018\/12\/IMG_1050-1024x768.jpg 1024w, https:\/\/schuetzenverein-haibach.de\/wp-content\/uploads\/2018\/12\/IMG_1050-300x225.jpg 300w, https:\/\/schuetzenverein-haibach.de\/wp-content\/uploads\/2018\/12\/IMG_1050-768x576.jpg 768w\" sizes=\"auto, (max-width: 1024px) 100vw, 1024px\" \/><figcaption class=\"wp-element-caption\">Lukas B\u00fcrki bei der Deutschen Meisterschaft 2018 im Hohenzollern-Skistadion am Arbersee im Bayerischen Wald<\/figcaption><\/figure>\n\n\n\n<figure class=\"wp-block-image\"><img loading=\"lazy\" decoding=\"async\" width=\"1024\" height=\"706\" src=\"https:\/\/schuetzenverein-haibach.de\/wp-content\/uploads\/2020\/02\/Lukas-B\u00fcrki-Bayer.-Vizemeister-Sommerbiathlon-2019-1024x706.jpg\" alt=\"\" class=\"wp-image-988\" srcset=\"https:\/\/schuetzenverein-haibach.de\/wp-content\/uploads\/2020\/02\/Lukas-B\u00fcrki-Bayer.-Vizemeister-Sommerbiathlon-2019-1024x706.jpg 1024w, https:\/\/schuetzenverein-haibach.de\/wp-content\/uploads\/2020\/02\/Lukas-B\u00fcrki-Bayer.-Vizemeister-Sommerbiathlon-2019-300x207.jpg 300w, https:\/\/schuetzenverein-haibach.de\/wp-content\/uploads\/2020\/02\/Lukas-B\u00fcrki-Bayer.-Vizemeister-Sommerbiathlon-2019-768x530.jpg 768w\" sizes=\"auto, (max-width: 1024px) 100vw, 1024px\" \/><\/figure>\n","protected":false},"excerpt":{"rendered":"<p>Trainingszeiten: Jugendtraining ist jeden Montag (Ausnahme: Feiertage) von 18 bis 20 Uhr.Gerne k\u00f6nnt ihr jederzeit zum kostenlosen Schnuppertraining vorbeikommen. Sommerbiathlon: Das Training f\u00fcr unsere Sommerbiathleten findet in der Regel am Sonntag vormittag ab 9.30 Uhr im Sch\u00fctzenhaus statt. Auch hier bieten wir gerne die M\u00f6glichkeit an, diese Trendsportart kennenzulernen. M\u00f6glich ist das Schie\u00dfen auf 10 [&hellip;]<\/p>\n","protected":false},"author":1,"featured_media":0,"parent":0,"menu_order":0,"comment_status":"closed","ping_status":"closed","template":"","meta":{"footnotes":""},"class_list":["post-39","page","type-page","status-publish","hentry"],"_links":{"self":[{"href":"https:\/\/schuetzenverein-haibach.de\/index.php?rest_route=\/wp\/v2\/pages\/39","targetHints":{"allow":["GET"]}}],"collection":[{"href":"https:\/\/schuetzenverein-haibach.de\/index.php?rest_route=\/wp\/v2\/pages"}],"about":[{"href":"https:\/\/schuetzenverein-haibach.de\/index.php?rest_route=\/wp\/v2\/types\/page"}],"author":[{"embeddable":true,"href":"https:\/\/schuetzenverein-haibach.de\/index.php?rest_route=\/wp\/v2\/users\/1"}],"replies":[{"embeddable":true,"href":"https:\/\/schuetzenverein-haibach.de\/index.php?rest_route=%2Fwp%2Fv2%2Fcomments&post=39"}],"version-history":[{"count":46,"href":"https:\/\/schuetzenverein-haibach.de\/index.php?rest_route=\/wp\/v2\/pages\/39\/revisions"}],"predecessor-version":[{"id":3093,"href":"https:\/\/schuetzenverein-haibach.de\/index.php?rest_route=\/wp\/v2\/pages\/39\/revisions\/3093"}],"wp:attachment":[{"href":"https:\/\/schuetzenverein-haibach.de\/index.php?rest_route=%2Fwp%2Fv2%2Fmedia&parent=39"}],"curies":[{"name":"wp","href":"https:\/\/api.w.org\/{rel}","templated":true}]}}