{"id":346,"date":"2018-10-08T20:36:59","date_gmt":"2018-10-08T18:36:59","guid":{"rendered":"https:\/\/xn--schtzenverein-haibach-bic.de\/wp\/?page_id=346"},"modified":"2025-01-12T16:32:49","modified_gmt":"2025-01-12T15:32:49","slug":"luftgewehr-ii","status":"publish","type":"page","link":"https:\/\/schuetzenverein-haibach.de\/?page_id=346","title":{"rendered":"Luftgewehr II"},"content":{"rendered":"\n<p>Haibachs 2. Mannschaft schie\u00dft seit 2017 wieder in der h\u00f6chsten unterfr\u00e4nkischen Bezirksliga &#8211; der Unterfrankenliga!<\/p>\n\n\n\n<p><a href=\"https:\/\/rwk-onlinemelder.de\/online\/listen\/800?sel_group_id=39&amp;sel_discipline_id=4&amp;sel_class_id=13&amp;sel_list_type=competitionSchedule&amp;sel_turn_date=&amp;showCombined=0\" target=\"_blank\" rel=\"noreferrer noopener\">Hier<\/a> geht es zu den Wettkampfpl\u00e4nen, Ergebnissen und Tabellen des Sch\u00fctzenbezirkes Unterfranken &#8211; Unterfrankenliga Saison 2024\/25:<\/p>\n\n\n\n<p>Die aktuelle Mannschaftsaufstellung der Saison 2024\/25:<\/p>\n\n\n\n<p>Helena B\u00f6ning, Stephan Seitz, Roger Find, Elisa Weber, Natascha Sauer<\/p>\n","protected":false},"excerpt":{"rendered":"<p>Haibachs 2. Mannschaft schie\u00dft seit 2017 wieder in der h\u00f6chsten unterfr\u00e4nkischen Bezirksliga &#8211; der Unterfrankenliga! Hier geht es zu den Wettkampfpl\u00e4nen, Ergebnissen und Tabellen des Sch\u00fctzenbezirkes Unterfranken &#8211; Unterfrankenliga Saison 2024\/25: Die aktuelle Mannschaftsaufstellung der Saison 2024\/25: Helena B\u00f6ning, Stephan Seitz, Roger Find, Elisa Weber, Natascha Sauer<\/p>\n","protected":false},"author":1,"featured_media":0,"parent":316,"menu_order":0,"comment_status":"closed","ping_status":"closed","template":"","meta":{"footnotes":""},"class_list":["post-346","page","type-page","status-publish","hentry"],"_links":{"self":[{"href":"https:\/\/schuetzenverein-haibach.de\/index.php?rest_route=\/wp\/v2\/pages\/346","targetHints":{"allow":["GET"]}}],"collection":[{"href":"https:\/\/schuetzenverein-haibach.de\/index.php?rest_route=\/wp\/v2\/pages"}],"about":[{"href":"https:\/\/schuetzenverein-haibach.de\/index.php?rest_route=\/wp\/v2\/types\/page"}],"author":[{"embeddable":true,"href":"https:\/\/schuetzenverein-haibach.de\/index.php?rest_route=\/wp\/v2\/users\/1"}],"replies":[{"embeddable":true,"href":"https:\/\/schuetzenverein-haibach.de\/index.php?rest_route=%2Fwp%2Fv2%2Fcomments&post=346"}],"version-history":[{"count":9,"href":"https:\/\/schuetzenverein-haibach.de\/index.php?rest_route=\/wp\/v2\/pages\/346\/revisions"}],"predecessor-version":[{"id":3053,"href":"https:\/\/schuetzenverein-haibach.de\/index.php?rest_route=\/wp\/v2\/pages\/346\/revisions\/3053"}],"up":[{"embeddable":true,"href":"https:\/\/schuetzenverein-haibach.de\/index.php?rest_route=\/wp\/v2\/pages\/316"}],"wp:attachment":[{"href":"https:\/\/schuetzenverein-haibach.de\/index.php?rest_route=%2Fwp%2Fv2%2Fmedia&parent=346"}],"curies":[{"name":"wp","href":"https:\/\/api.w.org\/{rel}","templated":true}]}}