{"id":3368,"date":"2025-07-30T17:15:08","date_gmt":"2025-07-30T15:15:08","guid":{"rendered":"https:\/\/schuetzenverein-haibach.de\/?page_id=3368"},"modified":"2025-07-30T21:23:25","modified_gmt":"2025-07-30T19:23:25","slug":"bildergalerie-dm-wc-target-sprint-2025","status":"publish","type":"page","link":"https:\/\/schuetzenverein-haibach.de\/?page_id=3368","title":{"rendered":"Bildergalerie DM &#038; WC Target Sprint 2025"},"content":{"rendered":"<p><strong>Hier stehen die Links zu den Bildern und Videos vom Wochenende:<\/strong><\/p>\n<p><a href=\"https:\/\/photos.google.com\/share\/AF1QipOimQkMOgLO-NNiHUpYq19Fgoh2CUSyXdmIwD6YOw7kobQWfWWtkcencV2F2YylSA?pli=1&amp;key=Y0J6WkhoRDFoZ25mUjRqUUdieUpWNmxhTC1EbHd3\">Videos von Sven M\u00fcller<\/a><\/p>\n<p><a href=\"https:\/\/drive.google.com\/drive\/mobile\/folders\/19XbXPvPTL672nCfmNHtAXXgcQAp36gsQ?usp=share_link\">Bilder von Britta Ku\u00dfmaul<\/a><\/p>\n<p><a href=\"https:\/\/drive.google.com\/drive\/folders\/19V0i-Ft2Quk3hBLRPArvd0wD_iizFLw6?usp=sharing\">Bilder von Peter F\u00fcrste<\/a><\/p>\n<p>weitere folgen im Laufe des Tages bzw. der Woche!<\/p>\n<p><strong>Bilder von unserem Social Media Account:<\/strong><\/p>\n<p><a href=\"https:\/\/drive.google.com\/drive\/folders\/1UJY-kyX35NeSuXMAwjh2DZkThsmRcZpD\">Freitag<\/a> \u00a0\u00a0 \u00a0<a href=\"https:\/\/drive.google.com\/drive\/folders\/1jSx78APlz1nexc4_qyZdprL7Uc_BqXgb\">Samstag<\/a>\u00a0 \u00a0 \u00a0<a href=\"https:\/\/drive.google.com\/drive\/folders\/1Aa5oxTGb6Fvtf41Cz5VK3p2Mpc0Su1SB\">Sonntag<\/a><\/p>\n\n\n<p><\/p>\n","protected":false},"excerpt":{"rendered":"<p>Hier stehen die Links zu den Bildern und Videos vom Wochenende: Videos von Sven M\u00fcller Bilder von Britta Ku\u00dfmaul Bilder von Peter F\u00fcrste weitere folgen im Laufe des Tages bzw. der Woche! Bilder von unserem Social Media Account: Freitag \u00a0\u00a0 \u00a0Samstag\u00a0 \u00a0 \u00a0Sonntag<\/p>\n","protected":false},"author":5,"featured_media":0,"parent":0,"menu_order":0,"comment_status":"closed","ping_status":"closed","template":"","meta":{"footnotes":""},"class_list":["post-3368","page","type-page","status-publish","hentry"],"_links":{"self":[{"href":"https:\/\/schuetzenverein-haibach.de\/index.php?rest_route=\/wp\/v2\/pages\/3368","targetHints":{"allow":["GET"]}}],"collection":[{"href":"https:\/\/schuetzenverein-haibach.de\/index.php?rest_route=\/wp\/v2\/pages"}],"about":[{"href":"https:\/\/schuetzenverein-haibach.de\/index.php?rest_route=\/wp\/v2\/types\/page"}],"author":[{"embeddable":true,"href":"https:\/\/schuetzenverein-haibach.de\/index.php?rest_route=\/wp\/v2\/users\/5"}],"replies":[{"embeddable":true,"href":"https:\/\/schuetzenverein-haibach.de\/index.php?rest_route=%2Fwp%2Fv2%2Fcomments&post=3368"}],"version-history":[{"count":7,"href":"https:\/\/schuetzenverein-haibach.de\/index.php?rest_route=\/wp\/v2\/pages\/3368\/revisions"}],"predecessor-version":[{"id":3422,"href":"https:\/\/schuetzenverein-haibach.de\/index.php?rest_route=\/wp\/v2\/pages\/3368\/revisions\/3422"}],"wp:attachment":[{"href":"https:\/\/schuetzenverein-haibach.de\/index.php?rest_route=%2Fwp%2Fv2%2Fmedia&parent=3368"}],"curies":[{"name":"wp","href":"https:\/\/api.w.org\/{rel}","templated":true}]}}