{"id":336,"date":"2018-10-03T18:49:10","date_gmt":"2018-10-03T16:49:10","guid":{"rendered":"https:\/\/xn--schtzenverein-haibach-bic.de\/wp\/?page_id=336"},"modified":"2021-02-07T13:01:35","modified_gmt":"2021-02-07T12:01:35","slug":"2018-2","status":"publish","type":"page","link":"https:\/\/schuetzenverein-haibach.de\/?page_id=336","title":{"rendered":"K\u00f6nigsgalerien"},"content":{"rendered":"\n<p><strong>&nbsp;Wir ver\u00f6ffentlichen hier erstmals unsere Sch\u00fctzenk\u00f6nige als K\u00f6nigsgalerie. Die Bilder h\u00e4ngen im Original im Eingangsbereich unseres Sch\u00fctzenhauses und werden nach und nach aktualisiert. Alle vorhandenen K\u00f6nigsbilder wurden digitalisiert und auf gro\u00dfe Galerien zusammengefasst. Die Original Bilder werden daher im Sch\u00fctzenmeisterzimmer im Keller eingelagert. Dieter Hock wird sich in Zukunft um die Archivierung von Bildern und Urkunden k\u00fcmmern.<\/strong><\/p>\n\n\n\n<figure class=\"wp-block-image size-large\"><img loading=\"lazy\" decoding=\"async\" width=\"1024\" height=\"768\" src=\"https:\/\/schuetzenverein-haibach.de\/wp-content\/uploads\/2021\/02\/Alterskoenige_ab-1952_vers1_aufgefuellt_komplett_24.10.19-1024x768.jpg\" alt=\"\" class=\"wp-image-1313\" srcset=\"https:\/\/schuetzenverein-haibach.de\/wp-content\/uploads\/2021\/02\/Alterskoenige_ab-1952_vers1_aufgefuellt_komplett_24.10.19-1024x768.jpg 1024w, https:\/\/schuetzenverein-haibach.de\/wp-content\/uploads\/2021\/02\/Alterskoenige_ab-1952_vers1_aufgefuellt_komplett_24.10.19-300x225.jpg 300w, https:\/\/schuetzenverein-haibach.de\/wp-content\/uploads\/2021\/02\/Alterskoenige_ab-1952_vers1_aufgefuellt_komplett_24.10.19-768x576.jpg 768w, https:\/\/schuetzenverein-haibach.de\/wp-content\/uploads\/2021\/02\/Alterskoenige_ab-1952_vers1_aufgefuellt_komplett_24.10.19-1536x1152.jpg 1536w, https:\/\/schuetzenverein-haibach.de\/wp-content\/uploads\/2021\/02\/Alterskoenige_ab-1952_vers1_aufgefuellt_komplett_24.10.19-2048x1536.jpg 2048w\" sizes=\"auto, (max-width: 1024px) 100vw, 1024px\" \/><\/figure>\n\n\n\n<figure class=\"wp-block-image size-large\"><img loading=\"lazy\" decoding=\"async\" width=\"1024\" height=\"768\" src=\"https:\/\/schuetzenverein-haibach.de\/wp-content\/uploads\/2021\/02\/Alterskoenige_ab-1977_vers1_aufgefuellt_komplett_24.10.19-1024x768.jpg\" alt=\"\" class=\"wp-image-1314\" srcset=\"https:\/\/schuetzenverein-haibach.de\/wp-content\/uploads\/2021\/02\/Alterskoenige_ab-1977_vers1_aufgefuellt_komplett_24.10.19-1024x768.jpg 1024w, https:\/\/schuetzenverein-haibach.de\/wp-content\/uploads\/2021\/02\/Alterskoenige_ab-1977_vers1_aufgefuellt_komplett_24.10.19-300x225.jpg 300w, https:\/\/schuetzenverein-haibach.de\/wp-content\/uploads\/2021\/02\/Alterskoenige_ab-1977_vers1_aufgefuellt_komplett_24.10.19-768x576.jpg 768w, https:\/\/schuetzenverein-haibach.de\/wp-content\/uploads\/2021\/02\/Alterskoenige_ab-1977_vers1_aufgefuellt_komplett_24.10.19-1536x1152.jpg 1536w, https:\/\/schuetzenverein-haibach.de\/wp-content\/uploads\/2021\/02\/Alterskoenige_ab-1977_vers1_aufgefuellt_komplett_24.10.19-2048x1536.jpg 2048w\" sizes=\"auto, (max-width: 1024px) 100vw, 1024px\" \/><\/figure>\n\n\n\n<figure class=\"wp-block-image size-large\"><img loading=\"lazy\" decoding=\"async\" width=\"1024\" height=\"768\" src=\"https:\/\/schuetzenverein-haibach.de\/wp-content\/uploads\/2021\/02\/Schuetzenkoenige-52-69_vollstaendig_24.10.19-1024x768.jpg\" alt=\"\" class=\"wp-image-1315\" srcset=\"https:\/\/schuetzenverein-haibach.de\/wp-content\/uploads\/2021\/02\/Schuetzenkoenige-52-69_vollstaendig_24.10.19-1024x768.jpg 1024w, https:\/\/schuetzenverein-haibach.de\/wp-content\/uploads\/2021\/02\/Schuetzenkoenige-52-69_vollstaendig_24.10.19-300x225.jpg 300w, https:\/\/schuetzenverein-haibach.de\/wp-content\/uploads\/2021\/02\/Schuetzenkoenige-52-69_vollstaendig_24.10.19-768x576.jpg 768w, https:\/\/schuetzenverein-haibach.de\/wp-content\/uploads\/2021\/02\/Schuetzenkoenige-52-69_vollstaendig_24.10.19-1536x1152.jpg 1536w, https:\/\/schuetzenverein-haibach.de\/wp-content\/uploads\/2021\/02\/Schuetzenkoenige-52-69_vollstaendig_24.10.19-2048x1536.jpg 2048w\" sizes=\"auto, (max-width: 1024px) 100vw, 1024px\" \/><\/figure>\n\n\n\n<figure class=\"wp-block-image size-large\"><img loading=\"lazy\" decoding=\"async\" width=\"1024\" height=\"768\" src=\"https:\/\/schuetzenverein-haibach.de\/wp-content\/uploads\/2021\/02\/Schuetzenkoenige-70-83_vollstaendig_24.10.19-1024x768.jpg\" alt=\"\" class=\"wp-image-1316\" srcset=\"https:\/\/schuetzenverein-haibach.de\/wp-content\/uploads\/2021\/02\/Schuetzenkoenige-70-83_vollstaendig_24.10.19-1024x768.jpg 1024w, https:\/\/schuetzenverein-haibach.de\/wp-content\/uploads\/2021\/02\/Schuetzenkoenige-70-83_vollstaendig_24.10.19-300x225.jpg 300w, https:\/\/schuetzenverein-haibach.de\/wp-content\/uploads\/2021\/02\/Schuetzenkoenige-70-83_vollstaendig_24.10.19-768x576.jpg 768w, https:\/\/schuetzenverein-haibach.de\/wp-content\/uploads\/2021\/02\/Schuetzenkoenige-70-83_vollstaendig_24.10.19-1536x1152.jpg 1536w, https:\/\/schuetzenverein-haibach.de\/wp-content\/uploads\/2021\/02\/Schuetzenkoenige-70-83_vollstaendig_24.10.19-2048x1536.jpg 2048w\" sizes=\"auto, (max-width: 1024px) 100vw, 1024px\" \/><\/figure>\n\n\n\n<figure class=\"wp-block-image size-large\"><img loading=\"lazy\" decoding=\"async\" width=\"1024\" height=\"768\" src=\"https:\/\/schuetzenverein-haibach.de\/wp-content\/uploads\/2021\/02\/Schuetzenkoenige-ab-84_vollstaendig_24.10.19-1024x768.jpg\" alt=\"\" class=\"wp-image-1317\" srcset=\"https:\/\/schuetzenverein-haibach.de\/wp-content\/uploads\/2021\/02\/Schuetzenkoenige-ab-84_vollstaendig_24.10.19-1024x768.jpg 1024w, https:\/\/schuetzenverein-haibach.de\/wp-content\/uploads\/2021\/02\/Schuetzenkoenige-ab-84_vollstaendig_24.10.19-300x225.jpg 300w, https:\/\/schuetzenverein-haibach.de\/wp-content\/uploads\/2021\/02\/Schuetzenkoenige-ab-84_vollstaendig_24.10.19-768x576.jpg 768w, https:\/\/schuetzenverein-haibach.de\/wp-content\/uploads\/2021\/02\/Schuetzenkoenige-ab-84_vollstaendig_24.10.19-1536x1152.jpg 1536w, https:\/\/schuetzenverein-haibach.de\/wp-content\/uploads\/2021\/02\/Schuetzenkoenige-ab-84_vollstaendig_24.10.19-2048x1536.jpg 2048w\" sizes=\"auto, (max-width: 1024px) 100vw, 1024px\" \/><\/figure>\n\n\n\n<figure class=\"wp-block-image size-large\"><img loading=\"lazy\" decoding=\"async\" width=\"1024\" height=\"768\" src=\"https:\/\/schuetzenverein-haibach.de\/wp-content\/uploads\/2021\/02\/Jugendkoenige-70-83_vollstaendig_24.10.19-1024x768.jpg\" alt=\"\" class=\"wp-image-1318\" srcset=\"https:\/\/schuetzenverein-haibach.de\/wp-content\/uploads\/2021\/02\/Jugendkoenige-70-83_vollstaendig_24.10.19-1024x768.jpg 1024w, https:\/\/schuetzenverein-haibach.de\/wp-content\/uploads\/2021\/02\/Jugendkoenige-70-83_vollstaendig_24.10.19-300x225.jpg 300w, https:\/\/schuetzenverein-haibach.de\/wp-content\/uploads\/2021\/02\/Jugendkoenige-70-83_vollstaendig_24.10.19-768x576.jpg 768w, https:\/\/schuetzenverein-haibach.de\/wp-content\/uploads\/2021\/02\/Jugendkoenige-70-83_vollstaendig_24.10.19-1536x1152.jpg 1536w, https:\/\/schuetzenverein-haibach.de\/wp-content\/uploads\/2021\/02\/Jugendkoenige-70-83_vollstaendig_24.10.19-2048x1536.jpg 2048w\" sizes=\"auto, (max-width: 1024px) 100vw, 1024px\" \/><\/figure>\n\n\n\n<figure class=\"wp-block-image size-large\"><img loading=\"lazy\" decoding=\"async\" width=\"1024\" height=\"768\" src=\"https:\/\/schuetzenverein-haibach.de\/wp-content\/uploads\/2021\/02\/Jugendkoenige-83-96_vollstaendig_24.10.19-1024x768.jpg\" alt=\"\" class=\"wp-image-1319\" srcset=\"https:\/\/schuetzenverein-haibach.de\/wp-content\/uploads\/2021\/02\/Jugendkoenige-83-96_vollstaendig_24.10.19-1024x768.jpg 1024w, https:\/\/schuetzenverein-haibach.de\/wp-content\/uploads\/2021\/02\/Jugendkoenige-83-96_vollstaendig_24.10.19-300x225.jpg 300w, https:\/\/schuetzenverein-haibach.de\/wp-content\/uploads\/2021\/02\/Jugendkoenige-83-96_vollstaendig_24.10.19-768x576.jpg 768w, https:\/\/schuetzenverein-haibach.de\/wp-content\/uploads\/2021\/02\/Jugendkoenige-83-96_vollstaendig_24.10.19-1536x1152.jpg 1536w, https:\/\/schuetzenverein-haibach.de\/wp-content\/uploads\/2021\/02\/Jugendkoenige-83-96_vollstaendig_24.10.19-2048x1536.jpg 2048w\" sizes=\"auto, (max-width: 1024px) 100vw, 1024px\" \/><\/figure>\n\n\n\n<figure class=\"wp-block-image size-large\"><img loading=\"lazy\" decoding=\"async\" width=\"1024\" height=\"768\" src=\"https:\/\/schuetzenverein-haibach.de\/wp-content\/uploads\/2021\/02\/Jugendkoenige-ab-96_vollstaendig_24.10.19-1024x768.jpg\" alt=\"\" class=\"wp-image-1320\" srcset=\"https:\/\/schuetzenverein-haibach.de\/wp-content\/uploads\/2021\/02\/Jugendkoenige-ab-96_vollstaendig_24.10.19-1024x768.jpg 1024w, https:\/\/schuetzenverein-haibach.de\/wp-content\/uploads\/2021\/02\/Jugendkoenige-ab-96_vollstaendig_24.10.19-300x225.jpg 300w, https:\/\/schuetzenverein-haibach.de\/wp-content\/uploads\/2021\/02\/Jugendkoenige-ab-96_vollstaendig_24.10.19-768x576.jpg 768w, https:\/\/schuetzenverein-haibach.de\/wp-content\/uploads\/2021\/02\/Jugendkoenige-ab-96_vollstaendig_24.10.19-1536x1152.jpg 1536w, https:\/\/schuetzenverein-haibach.de\/wp-content\/uploads\/2021\/02\/Jugendkoenige-ab-96_vollstaendig_24.10.19-2048x1536.jpg 2048w\" sizes=\"auto, (max-width: 1024px) 100vw, 1024px\" \/><\/figure>\n\n\n\n<figure class=\"wp-block-image size-large\"><img loading=\"lazy\" decoding=\"async\" width=\"1024\" height=\"768\" src=\"https:\/\/schuetzenverein-haibach.de\/wp-content\/uploads\/2021\/02\/Pistolenprinzen_ab-81_vollstaendig_24.10.19-1024x768.jpg\" alt=\"\" class=\"wp-image-1326\" srcset=\"https:\/\/schuetzenverein-haibach.de\/wp-content\/uploads\/2021\/02\/Pistolenprinzen_ab-81_vollstaendig_24.10.19-1024x768.jpg 1024w, https:\/\/schuetzenverein-haibach.de\/wp-content\/uploads\/2021\/02\/Pistolenprinzen_ab-81_vollstaendig_24.10.19-300x225.jpg 300w, https:\/\/schuetzenverein-haibach.de\/wp-content\/uploads\/2021\/02\/Pistolenprinzen_ab-81_vollstaendig_24.10.19-768x576.jpg 768w, https:\/\/schuetzenverein-haibach.de\/wp-content\/uploads\/2021\/02\/Pistolenprinzen_ab-81_vollstaendig_24.10.19-1536x1152.jpg 1536w, https:\/\/schuetzenverein-haibach.de\/wp-content\/uploads\/2021\/02\/Pistolenprinzen_ab-81_vollstaendig_24.10.19-2048x1536.jpg 2048w\" sizes=\"auto, (max-width: 1024px) 100vw, 1024px\" \/><\/figure>\n\n\n\n<figure class=\"wp-block-image size-large\"><img loading=\"lazy\" decoding=\"async\" width=\"1024\" height=\"768\" src=\"https:\/\/schuetzenverein-haibach.de\/wp-content\/uploads\/2021\/02\/Ueberoertliche-Koenige-ab-77_in-Arbeit_24.10.19-1024x768.jpg\" alt=\"\" class=\"wp-image-1321\" srcset=\"https:\/\/schuetzenverein-haibach.de\/wp-content\/uploads\/2021\/02\/Ueberoertliche-Koenige-ab-77_in-Arbeit_24.10.19-1024x768.jpg 1024w, https:\/\/schuetzenverein-haibach.de\/wp-content\/uploads\/2021\/02\/Ueberoertliche-Koenige-ab-77_in-Arbeit_24.10.19-300x225.jpg 300w, https:\/\/schuetzenverein-haibach.de\/wp-content\/uploads\/2021\/02\/Ueberoertliche-Koenige-ab-77_in-Arbeit_24.10.19-768x576.jpg 768w, https:\/\/schuetzenverein-haibach.de\/wp-content\/uploads\/2021\/02\/Ueberoertliche-Koenige-ab-77_in-Arbeit_24.10.19-1536x1152.jpg 1536w, https:\/\/schuetzenverein-haibach.de\/wp-content\/uploads\/2021\/02\/Ueberoertliche-Koenige-ab-77_in-Arbeit_24.10.19-2048x1536.jpg 2048w\" sizes=\"auto, (max-width: 1024px) 100vw, 1024px\" \/><\/figure>\n\n\n\n<figure class=\"wp-block-image size-large\"><img loading=\"lazy\" decoding=\"async\" width=\"1024\" height=\"768\" src=\"https:\/\/schuetzenverein-haibach.de\/wp-content\/uploads\/2021\/02\/Alterskoenige_ab-1994_in-Arbeit_24.10.19-1024x768.jpg\" alt=\"\" class=\"wp-image-1322\" srcset=\"https:\/\/schuetzenverein-haibach.de\/wp-content\/uploads\/2021\/02\/Alterskoenige_ab-1994_in-Arbeit_24.10.19-1024x768.jpg 1024w, https:\/\/schuetzenverein-haibach.de\/wp-content\/uploads\/2021\/02\/Alterskoenige_ab-1994_in-Arbeit_24.10.19-300x225.jpg 300w, https:\/\/schuetzenverein-haibach.de\/wp-content\/uploads\/2021\/02\/Alterskoenige_ab-1994_in-Arbeit_24.10.19-768x576.jpg 768w, https:\/\/schuetzenverein-haibach.de\/wp-content\/uploads\/2021\/02\/Alterskoenige_ab-1994_in-Arbeit_24.10.19-1536x1152.jpg 1536w, https:\/\/schuetzenverein-haibach.de\/wp-content\/uploads\/2021\/02\/Alterskoenige_ab-1994_in-Arbeit_24.10.19-2048x1536.jpg 2048w\" sizes=\"auto, (max-width: 1024px) 100vw, 1024px\" \/><figcaption>unvollst\u00e4ndige Collage in Bearbeitung<\/figcaption><\/figure>\n\n\n\n<figure class=\"wp-block-image size-large\"><img loading=\"lazy\" decoding=\"async\" width=\"1024\" height=\"768\" src=\"https:\/\/schuetzenverein-haibach.de\/wp-content\/uploads\/2021\/02\/Schuetzenkoenige-ab-05_in-Arbeit_24.10.19-1024x768.jpg\" alt=\"\" class=\"wp-image-1323\" srcset=\"https:\/\/schuetzenverein-haibach.de\/wp-content\/uploads\/2021\/02\/Schuetzenkoenige-ab-05_in-Arbeit_24.10.19-1024x768.jpg 1024w, https:\/\/schuetzenverein-haibach.de\/wp-content\/uploads\/2021\/02\/Schuetzenkoenige-ab-05_in-Arbeit_24.10.19-300x225.jpg 300w, https:\/\/schuetzenverein-haibach.de\/wp-content\/uploads\/2021\/02\/Schuetzenkoenige-ab-05_in-Arbeit_24.10.19-768x576.jpg 768w, https:\/\/schuetzenverein-haibach.de\/wp-content\/uploads\/2021\/02\/Schuetzenkoenige-ab-05_in-Arbeit_24.10.19-1536x1152.jpg 1536w, https:\/\/schuetzenverein-haibach.de\/wp-content\/uploads\/2021\/02\/Schuetzenkoenige-ab-05_in-Arbeit_24.10.19-2048x1536.jpg 2048w\" sizes=\"auto, (max-width: 1024px) 100vw, 1024px\" \/><figcaption>unvollst\u00e4ndige Collage in Bearbeitung<\/figcaption><\/figure>\n\n\n\n<p>F\u00fcr die vollst\u00e4ndige Bearbeitung der K\u00f6nigscollagen ben\u00f6tigen wir weitere K\u00f6nigsbilder der fehlenden K\u00f6nige. Im Laufe des Jahres werden wir einen neuen Fototermin im Sch\u00fctzenhaus ansetzen um weitere K\u00f6nigsbilder und aktuelle Mannschaftsbilder zu bekommen.<\/p>\n\n\n\n<p>Vielen Dank unserem Fotograf Peter F\u00fcrste f\u00fcr die ehrenamtliche Arbeit und Bearbeitung der Fotos f\u00fcr unseren Verein!<\/p>\n\n\n\n<p><\/p>\n","protected":false},"excerpt":{"rendered":"<p>&nbsp;Wir ver\u00f6ffentlichen hier erstmals unsere Sch\u00fctzenk\u00f6nige als K\u00f6nigsgalerie. Die Bilder h\u00e4ngen im Original im Eingangsbereich unseres Sch\u00fctzenhauses und werden nach und nach aktualisiert. Alle vorhandenen K\u00f6nigsbilder wurden digitalisiert und auf gro\u00dfe Galerien zusammengefasst. Die Original Bilder werden daher im Sch\u00fctzenmeisterzimmer im Keller eingelagert. Dieter Hock wird sich in Zukunft um die Archivierung von Bildern und [&hellip;]<\/p>\n","protected":false},"author":2,"featured_media":0,"parent":240,"menu_order":0,"comment_status":"closed","ping_status":"closed","template":"","meta":{"footnotes":""},"class_list":["post-336","page","type-page","status-publish","hentry"],"_links":{"self":[{"href":"https:\/\/schuetzenverein-haibach.de\/index.php?rest_route=\/wp\/v2\/pages\/336","targetHints":{"allow":["GET"]}}],"collection":[{"href":"https:\/\/schuetzenverein-haibach.de\/index.php?rest_route=\/wp\/v2\/pages"}],"about":[{"href":"https:\/\/schuetzenverein-haibach.de\/index.php?rest_route=\/wp\/v2\/types\/page"}],"author":[{"embeddable":true,"href":"https:\/\/schuetzenverein-haibach.de\/index.php?rest_route=\/wp\/v2\/users\/2"}],"replies":[{"embeddable":true,"href":"https:\/\/schuetzenverein-haibach.de\/index.php?rest_route=%2Fwp%2Fv2%2Fcomments&post=336"}],"version-history":[{"count":5,"href":"https:\/\/schuetzenverein-haibach.de\/index.php?rest_route=\/wp\/v2\/pages\/336\/revisions"}],"predecessor-version":[{"id":1328,"href":"https:\/\/schuetzenverein-haibach.de\/index.php?rest_route=\/wp\/v2\/pages\/336\/revisions\/1328"}],"up":[{"embeddable":true,"href":"https:\/\/schuetzenverein-haibach.de\/index.php?rest_route=\/wp\/v2\/pages\/240"}],"wp:attachment":[{"href":"https:\/\/schuetzenverein-haibach.de\/index.php?rest_route=%2Fwp%2Fv2%2Fmedia&parent=336"}],"curies":[{"name":"wp","href":"https:\/\/api.w.org\/{rel}","templated":true}]}}