{"id":3126,"date":"2025-04-08T21:33:21","date_gmt":"2025-04-08T19:33:21","guid":{"rendered":"https:\/\/schuetzenverein-haibach.de\/?page_id=3126"},"modified":"2025-07-30T21:31:00","modified_gmt":"2025-07-30T19:31:00","slug":"dm-target-sprint","status":"publish","type":"page","link":"https:\/\/schuetzenverein-haibach.de\/?page_id=3126","title":{"rendered":"DM Target-Sprint und ISSF World Tour 2025 in Haibach"},"content":{"rendered":"<p><strong>Hier stehen die Links zu den Bildern und Videos vom Wochenende:<\/strong><\/p>\n<p><a href=\"https:\/\/photos.google.com\/share\/AF1QipOimQkMOgLO-NNiHUpYq19Fgoh2CUSyXdmIwD6YOw7kobQWfWWtkcencV2F2YylSA?pli=1&amp;key=Y0J6WkhoRDFoZ25mUjRqUUdieUpWNmxhTC1EbHd3\">Videos von Sven M\u00fcller<\/a><\/p>\n<p><a href=\"https:\/\/drive.google.com\/drive\/mobile\/folders\/19XbXPvPTL672nCfmNHtAXXgcQAp36gsQ?usp=share_link\">Bilder von Britta Ku\u00dfmaul<\/a><\/p>\n<p style=\"text-align: left;\"><a href=\"https:\/\/drive.google.com\/drive\/folders\/19V0i-Ft2Quk3hBLRPArvd0wD_iizFLw6\">Bilder von Peter F\u00fcrste<\/a><\/p>\n<p>weitere folgen im Laufe des Tages bzw. der Woche!<\/p>\n<p><strong>Bilder von unserem Social Media Account:<\/strong><\/p>\n<p><a href=\"https:\/\/drive.google.com\/drive\/folders\/1UJY-kyX35NeSuXMAwjh2DZkThsmRcZpD\">Freitag<\/a> \u00a0\u00a0 \u00a0<a href=\"https:\/\/drive.google.com\/drive\/folders\/1jSx78APlz1nexc4_qyZdprL7Uc_BqXgb\">Samstag<\/a>\u00a0 \u00a0 \u00a0<a href=\"https:\/\/drive.google.com\/drive\/folders\/1Aa5oxTGb6Fvtf41Cz5VK3p2Mpc0Su1SB\">Sonntag<\/a><\/p>\n<p><strong>Hier stehen die Ergebnisse vom Wochenende:<\/strong><\/p>\n<p><a href=\"https:\/\/www.sommerbiathlon.net\/resources\/Erg_2025_07_27_DM_TS.pdf\">Ergebnisse National<\/a><\/p>\n<p><a href=\"https:\/\/www.sommerbiathlon.net\/resources\/Erg_2025_07_27_WTTS_Haibach_kpl.pdf\">Ergebnisse International<\/a><\/p>\n<p><a href=\"https:\/\/www.sommerbiathlon.net\/4.html\">Urkunden<\/a><\/p>\n<hr \/>\n<p><img loading=\"lazy\" decoding=\"async\" class=\"alignnone size-large wp-image-3287\" src=\"https:\/\/schuetzenverein-haibach.de\/wp-content\/uploads\/2025\/07\/Buffet-Samstag-Abned-737x1024.png\" alt=\"\" width=\"720\" height=\"1000\" srcset=\"https:\/\/schuetzenverein-haibach.de\/wp-content\/uploads\/2025\/07\/Buffet-Samstag-Abned-737x1024.png 737w, https:\/\/schuetzenverein-haibach.de\/wp-content\/uploads\/2025\/07\/Buffet-Samstag-Abned-216x300.png 216w, https:\/\/schuetzenverein-haibach.de\/wp-content\/uploads\/2025\/07\/Buffet-Samstag-Abned-768x1067.png 768w, https:\/\/schuetzenverein-haibach.de\/wp-content\/uploads\/2025\/07\/Buffet-Samstag-Abned-1105x1536.png 1105w, https:\/\/schuetzenverein-haibach.de\/wp-content\/uploads\/2025\/07\/Buffet-Samstag-Abned.png 1288w\" sizes=\"auto, (max-width: 720px) 100vw, 720px\" \/><\/p>\n<p>Unsere Wettkampfanlage:<\/p>\n<p><img loading=\"lazy\" decoding=\"async\" class=\"alignnone wp-image-3285 size-large\" src=\"https:\/\/schuetzenverein-haibach.de\/wp-content\/uploads\/2025\/07\/Anlage-Deutsch-e1752845061487-1024x886.png\" alt=\"\" width=\"720\" height=\"623\" srcset=\"https:\/\/schuetzenverein-haibach.de\/wp-content\/uploads\/2025\/07\/Anlage-Deutsch-e1752845061487-1024x886.png 1024w, https:\/\/schuetzenverein-haibach.de\/wp-content\/uploads\/2025\/07\/Anlage-Deutsch-e1752845061487-300x260.png 300w, https:\/\/schuetzenverein-haibach.de\/wp-content\/uploads\/2025\/07\/Anlage-Deutsch-e1752845061487-768x665.png 768w, https:\/\/schuetzenverein-haibach.de\/wp-content\/uploads\/2025\/07\/Anlage-Deutsch-e1752845061487.png 1500w\" sizes=\"auto, (max-width: 720px) 100vw, 720px\" \/><\/p>\n<p><img loading=\"lazy\" decoding=\"async\" class=\"alignnone size-large wp-image-3264\" src=\"https:\/\/schuetzenverein-haibach.de\/wp-content\/uploads\/2025\/06\/Plakat-A4-Target-Sprint-2025-03-724x1024.jpg\" alt=\"\" width=\"720\" height=\"1018\" srcset=\"https:\/\/schuetzenverein-haibach.de\/wp-content\/uploads\/2025\/06\/Plakat-A4-Target-Sprint-2025-03-724x1024.jpg 724w, https:\/\/schuetzenverein-haibach.de\/wp-content\/uploads\/2025\/06\/Plakat-A4-Target-Sprint-2025-03-212x300.jpg 212w, https:\/\/schuetzenverein-haibach.de\/wp-content\/uploads\/2025\/06\/Plakat-A4-Target-Sprint-2025-03-768x1086.jpg 768w, https:\/\/schuetzenverein-haibach.de\/wp-content\/uploads\/2025\/06\/Plakat-A4-Target-Sprint-2025-03-1086x1536.jpg 1086w, https:\/\/schuetzenverein-haibach.de\/wp-content\/uploads\/2025\/06\/Plakat-A4-Target-Sprint-2025-03-1448x2048.jpg 1448w, https:\/\/schuetzenverein-haibach.de\/wp-content\/uploads\/2025\/06\/Plakat-A4-Target-Sprint-2025-03-scaled.jpg 1810w\" sizes=\"auto, (max-width: 720px) 100vw, 720px\" \/><\/p>\n\n\n<p>Hallo liebe Teilnehmer und G\u00e4ste zur Deutschen Meisterschaft Target Sprint und der ISSF World Tour Target Sprint in Haibach!<\/p>\n\n\n\n<p>Wichtige Informationen zur Zimmerbuchung sowie rund um den Ablauf der Veranstaltung findet Ihr hier auf dieser Seite:<\/p>\n\n\n\n<p>Wir f\u00fchren am Samstagabend eine gro\u00dfe gemeinsame feierliche Siegerehrung aller Wettbewerbe von Freitag und Samstag im Rahmen einer Abendveranstaltung in der Kultur- und Sporthalle Haibach durch, deshalb bieten wir Euch verschiedene von uns vorreservierte Hotelkontigente in Haibach sowie in der direkten Nachbarschaft (2-4 km vom Veranstaltungsort entfernt) von befreundeten Hotelbesitzern an bei denen Zimmer gebucht werden k\u00f6nnen. F\u00fcr diese Hotels bieten wir f\u00fcr die Samstagabend-Veranstaltung auch einen Shuttle-Service an (falls dieser gew\u00fcnscht wird). Infos und Anmeldung dazu an der Kasse am Freitag und Samstag w\u00e4hrend der Wettbewerbe!<\/p>\n\n\n\n<p><strong>Hotel-Update 20.07.2025:<\/strong><\/p>\n\n\n\n<p>Alle Hotels sind fast komplett von uns ausgebucht. Falls noch ein Zimmer ben\u00f6tigt wird, bitte bei den nachfolgenden Hotels anfragen ob evtl. kurzfristig noch ein Zimmer frei wird!<\/p>\n\n\n\n<p><\/p>\n\n\n\n<p>Links zu den vorreservierten Hotels:<\/p>\n\n\n\n<p><strong>Hotel Spessartstuben in Haibach:<\/strong> <a href=\"https:\/\/www.hotel-spessartstuben.de\/\">https:\/\/www.hotel-spessartstuben.de\/<\/a><\/p>\n\n\n\n<p><strong>Hotel Zur Sonne in H\u00f6sbach-Winzenhohl:<\/strong> <a href=\"https:\/\/sonne-winzenhohl.de\/\">https:\/\/sonne-winzenhohl.de\/<\/a><\/p>\n\n\n\n<p><strong>Hotel Klingerhof in H\u00f6sbach-Winzenhohl<\/strong>: <a href=\"https:\/\/www.hotel-klingerhof.de\/\">https:\/\/www.hotel-klingerhof.de\/<\/a><\/p>\n\n\n\n<p>Im Hotel Klingerhof sind Zimmer in verschiedenen Kategorien (Einzelzimmer, Doppelzimmer und Dreibettzimmer) zu sehr guten Sonderkonditionen von mir vorreserviert. Mit dem Kennwort &#8222;Sch\u00fctzenverein Haibach&#8220; k\u00f6nnt ihr dort direkt buchen. Das Hotel ist derzeit ausgebucht! Als weiteres Partnerhotel bieten wir das <strong>Hotel Gerber in H\u00f6sbach-Bahnhof an:<\/strong> <a href=\"https:\/\/www.hotel-gerber.de\/\">https:\/\/www.hotel-gerber.de\/<\/a> Dieses Hotel geh\u00f6rt zur Hotelgruppe des Hotels Klingerhof.<\/p>\n\n\n\n<p><\/p>\n\n\n\n<p>Falls ihr anderweitig Zimmer buchen m\u00f6chtet, sind wir gerne bei der Auswahl behilflich. Wir empfehlen nachdr\u00fccklich die oben genannnten Hotels da wir mit diesen schon mehrfach Veranstaltungen f\u00fcr den DSB durchgef\u00fchrt haben.<\/p>\n\n\n\n<p>Bei der Abendveranstaltung sorgen wir auch f\u00fcr das entsprechende Abendessen mit einem gro\u00dfen Foodtruck eines Vereinsmitgliedes von uns. Nach der Siegerehrung bieten wir noch eine Tanzparty mit Cocktailbar uvm. Anmeldung zu Buffet bitte bis 23.07.2025!<\/p>\n\n\n\n<p>Weiterhin bieten wir f\u00fcr alle Teilnehmer und Betreuer an allen Veranstaltungstagen die M\u00f6glichkeit einer kostenfreien Nutzung unserer 4 gro\u00dfen Umkleidekabinen mit Duschen im Untergeschoss der Kultur- und Sporthalle!<\/p>\n\n\n\n<p>Das Gel\u00e4nde an der Kultur- und Sporthalle bietet weit \u00fcber 100 Parkpl\u00e4tze f\u00fcr unsere G\u00e4ste, auch Wohnmobil-Stellpl\u00e4tze und Tankstellen f\u00fcr E-Autos sind vorhanden. Gelegenheit zum Aufbau von kleinen Zelten bieten wir am Eingang des Sportgel\u00e4ndes auf der linken Seite.<\/p>\n\n\n\n<p>F\u00fcr unsere G\u00e4ste bieten wir an allen drei Veranstaltungstagen tags\u00fcber eine abwechslungsreiche Verpflegung von kalten und warmen Speisen sowie eine gro\u00dfe Auswahl an Getr\u00e4nken f\u00fcr unsere Sportler und Zuschauer incl. Kaffee und selbstgebackenen Kuchen.<\/p>\n\n\n\n<p>Sportliche Gr\u00fc\u00dfe<\/p>\n\n\n\n<p>Volker R\u00fchle, 1. Sch\u00fctzenmeister<\/p>\n\n\n\n<p>Email: volker.ruehle@schuetzenverein-haibach.de<\/p>\n\n\n\n<p>Mobil: 0171\/6818319<\/p>\n\n\n\n<p><\/p>\n","protected":false},"excerpt":{"rendered":"<p>Hier stehen die Links zu den Bildern und Videos vom Wochenende: Videos von Sven M\u00fcller Bilder von Britta Ku\u00dfmaul Bilder von Peter F\u00fcrste weitere folgen im Laufe des Tages bzw. der Woche! Bilder von unserem Social Media Account: Freitag \u00a0\u00a0 \u00a0Samstag\u00a0 \u00a0 \u00a0Sonntag Hier stehen die Ergebnisse vom Wochenende: Ergebnisse National Ergebnisse International Urkunden Unsere [&hellip;]<\/p>\n","protected":false},"author":1,"featured_media":0,"parent":0,"menu_order":0,"comment_status":"closed","ping_status":"closed","template":"","meta":{"footnotes":""},"class_list":["post-3126","page","type-page","status-publish","hentry"],"_links":{"self":[{"href":"https:\/\/schuetzenverein-haibach.de\/index.php?rest_route=\/wp\/v2\/pages\/3126","targetHints":{"allow":["GET"]}}],"collection":[{"href":"https:\/\/schuetzenverein-haibach.de\/index.php?rest_route=\/wp\/v2\/pages"}],"about":[{"href":"https:\/\/schuetzenverein-haibach.de\/index.php?rest_route=\/wp\/v2\/types\/page"}],"author":[{"embeddable":true,"href":"https:\/\/schuetzenverein-haibach.de\/index.php?rest_route=\/wp\/v2\/users\/1"}],"replies":[{"embeddable":true,"href":"https:\/\/schuetzenverein-haibach.de\/index.php?rest_route=%2Fwp%2Fv2%2Fcomments&post=3126"}],"version-history":[{"count":42,"href":"https:\/\/schuetzenverein-haibach.de\/index.php?rest_route=\/wp\/v2\/pages\/3126\/revisions"}],"predecessor-version":[{"id":3424,"href":"https:\/\/schuetzenverein-haibach.de\/index.php?rest_route=\/wp\/v2\/pages\/3126\/revisions\/3424"}],"wp:attachment":[{"href":"https:\/\/schuetzenverein-haibach.de\/index.php?rest_route=%2Fwp%2Fv2%2Fmedia&parent=3126"}],"curies":[{"name":"wp","href":"https:\/\/api.w.org\/{rel}","templated":true}]}}