{"id":3033,"date":"2025-01-08T22:57:12","date_gmt":"2025-01-08T21:57:12","guid":{"rendered":"https:\/\/schuetzenverein-haibach.de\/?page_id=3033"},"modified":"2025-01-20T21:56:58","modified_gmt":"2025-01-20T20:56:58","slug":"bildergalerie-aus-veranstaltungen-2025","status":"publish","type":"page","link":"https:\/\/schuetzenverein-haibach.de\/?page_id=3033","title":{"rendered":"Bildergalerie aus dem Veranstaltungsjahr 2025"},"content":{"rendered":"\n<p class=\"has-medium-font-size\"><strong>Neujahrs- und Brezelschie\u00dfen am 03.01.2025 in Haibach<\/strong><\/p>\n\n\n\n<figure class=\"wp-block-image size-large\"><img loading=\"lazy\" decoding=\"async\" width=\"768\" height=\"1024\" src=\"https:\/\/schuetzenverein-haibach.de\/wp-content\/uploads\/2025\/01\/Brezelschiessen-768x1024.jpg\" alt=\"\" class=\"wp-image-3037\" srcset=\"https:\/\/schuetzenverein-haibach.de\/wp-content\/uploads\/2025\/01\/Brezelschiessen-768x1024.jpg 768w, https:\/\/schuetzenverein-haibach.de\/wp-content\/uploads\/2025\/01\/Brezelschiessen-225x300.jpg 225w, https:\/\/schuetzenverein-haibach.de\/wp-content\/uploads\/2025\/01\/Brezelschiessen-1152x1536.jpg 1152w, https:\/\/schuetzenverein-haibach.de\/wp-content\/uploads\/2025\/01\/Brezelschiessen.jpg 1536w\" sizes=\"auto, (max-width: 768px) 100vw, 768px\" \/><\/figure>\n\n\n\n<p>Geschossen wurde mit Licht- und Luftgewehren auf eine besondere Weihnachtsscheibe, mit dem Ziel die h\u00f6chstm\u00f6gliche Punktzahl zu erreichen.<\/p>\n\n\n\n<figure class=\"wp-block-image size-large\"><img loading=\"lazy\" decoding=\"async\" width=\"768\" height=\"1024\" src=\"https:\/\/schuetzenverein-haibach.de\/wp-content\/uploads\/2025\/01\/Weihnachtsscheibe-768x1024.jpg\" alt=\"\" class=\"wp-image-3039\" srcset=\"https:\/\/schuetzenverein-haibach.de\/wp-content\/uploads\/2025\/01\/Weihnachtsscheibe-768x1024.jpg 768w, https:\/\/schuetzenverein-haibach.de\/wp-content\/uploads\/2025\/01\/Weihnachtsscheibe-225x300.jpg 225w, https:\/\/schuetzenverein-haibach.de\/wp-content\/uploads\/2025\/01\/Weihnachtsscheibe.jpg 1152w\" sizes=\"auto, (max-width: 768px) 100vw, 768px\" \/><\/figure>\n\n\n\n<div style=\"height:33px\" aria-hidden=\"true\" class=\"wp-block-spacer\"><\/div>\n\n\n\n<figure class=\"wp-block-image size-large\"><img loading=\"lazy\" decoding=\"async\" width=\"768\" height=\"1024\" src=\"https:\/\/schuetzenverein-haibach.de\/wp-content\/uploads\/2025\/01\/Brezelschiessen--768x1024.jpg\" alt=\"\" class=\"wp-image-3038\" srcset=\"https:\/\/schuetzenverein-haibach.de\/wp-content\/uploads\/2025\/01\/Brezelschiessen--768x1024.jpg 768w, https:\/\/schuetzenverein-haibach.de\/wp-content\/uploads\/2025\/01\/Brezelschiessen--225x300.jpg 225w, https:\/\/schuetzenverein-haibach.de\/wp-content\/uploads\/2025\/01\/Brezelschiessen--1152x1536.jpg 1152w, https:\/\/schuetzenverein-haibach.de\/wp-content\/uploads\/2025\/01\/Brezelschiessen-.jpg 1536w\" sizes=\"auto, (max-width: 768px) 100vw, 768px\" \/><\/figure>\n\n\n\n<p>Mit anschlie\u00dfender Siegerehrung f\u00fcr die Scheiben mit den h\u00f6chsten Punktzahlen.<\/p>\n\n\n\n<figure class=\"wp-block-image size-large\"><img loading=\"lazy\" decoding=\"async\" width=\"768\" height=\"1024\" src=\"https:\/\/schuetzenverein-haibach.de\/wp-content\/uploads\/2025\/01\/Brezelschiessen-Siegerehrung-768x1024.jpg\" alt=\"\" class=\"wp-image-3036\" srcset=\"https:\/\/schuetzenverein-haibach.de\/wp-content\/uploads\/2025\/01\/Brezelschiessen-Siegerehrung-768x1024.jpg 768w, https:\/\/schuetzenverein-haibach.de\/wp-content\/uploads\/2025\/01\/Brezelschiessen-Siegerehrung-225x300.jpg 225w, https:\/\/schuetzenverein-haibach.de\/wp-content\/uploads\/2025\/01\/Brezelschiessen-Siegerehrung-1152x1536.jpg 1152w, https:\/\/schuetzenverein-haibach.de\/wp-content\/uploads\/2025\/01\/Brezelschiessen-Siegerehrung.jpg 1500w\" sizes=\"auto, (max-width: 768px) 100vw, 768px\" \/><figcaption class=\"wp-element-caption\">v. l. Emily Sauer (3. Platz), Marcel Otto (1. Platz), Michael Zwanzig (2. Platz), Volker R\u00fchle<\/figcaption><\/figure>\n","protected":false},"excerpt":{"rendered":"<p>Neujahrs- und Brezelschie\u00dfen am 03.01.2025 in Haibach Geschossen wurde mit Licht- und Luftgewehren auf eine besondere Weihnachtsscheibe, mit dem Ziel die h\u00f6chstm\u00f6gliche Punktzahl zu erreichen. Mit anschlie\u00dfender Siegerehrung f\u00fcr die Scheiben mit den h\u00f6chsten Punktzahlen.<\/p>\n","protected":false},"author":6,"featured_media":0,"parent":240,"menu_order":0,"comment_status":"closed","ping_status":"closed","template":"","meta":{"footnotes":""},"class_list":["post-3033","page","type-page","status-publish","hentry"],"_links":{"self":[{"href":"https:\/\/schuetzenverein-haibach.de\/index.php?rest_route=\/wp\/v2\/pages\/3033","targetHints":{"allow":["GET"]}}],"collection":[{"href":"https:\/\/schuetzenverein-haibach.de\/index.php?rest_route=\/wp\/v2\/pages"}],"about":[{"href":"https:\/\/schuetzenverein-haibach.de\/index.php?rest_route=\/wp\/v2\/types\/page"}],"author":[{"embeddable":true,"href":"https:\/\/schuetzenverein-haibach.de\/index.php?rest_route=\/wp\/v2\/users\/6"}],"replies":[{"embeddable":true,"href":"https:\/\/schuetzenverein-haibach.de\/index.php?rest_route=%2Fwp%2Fv2%2Fcomments&post=3033"}],"version-history":[{"count":6,"href":"https:\/\/schuetzenverein-haibach.de\/index.php?rest_route=\/wp\/v2\/pages\/3033\/revisions"}],"predecessor-version":[{"id":3047,"href":"https:\/\/schuetzenverein-haibach.de\/index.php?rest_route=\/wp\/v2\/pages\/3033\/revisions\/3047"}],"up":[{"embeddable":true,"href":"https:\/\/schuetzenverein-haibach.de\/index.php?rest_route=\/wp\/v2\/pages\/240"}],"wp:attachment":[{"href":"https:\/\/schuetzenverein-haibach.de\/index.php?rest_route=%2Fwp%2Fv2%2Fmedia&parent=3033"}],"curies":[{"name":"wp","href":"https:\/\/api.w.org\/{rel}","templated":true}]}}