{"id":2560,"date":"2024-02-06T20:27:13","date_gmt":"2024-02-06T19:27:13","guid":{"rendered":"https:\/\/schuetzenverein-haibach.de\/?page_id=2560"},"modified":"2025-01-03T16:40:53","modified_gmt":"2025-01-03T15:40:53","slug":"bildergalerie-aus-veranstaltungen-2024","status":"publish","type":"page","link":"https:\/\/schuetzenverein-haibach.de\/?page_id=2560","title":{"rendered":"Bildergalerie aus Veranstaltungen 2024"},"content":{"rendered":"\n<p><strong>Proklamation der neuen Gauk\u00f6nigsfamilie 2024\/2025 in Westerngrund<\/strong><\/p>\n\n\n<p><img loading=\"lazy\" decoding=\"async\" class=\"alignnone wp-image-2965 size-full\" src=\"https:\/\/schuetzenverein-haibach.de\/wp-content\/uploads\/2024\/12\/P1020870-scaled.jpg\" alt=\"\" width=\"2560\" height=\"1707\" srcset=\"https:\/\/schuetzenverein-haibach.de\/wp-content\/uploads\/2024\/12\/P1020870-scaled.jpg 2560w, https:\/\/schuetzenverein-haibach.de\/wp-content\/uploads\/2024\/12\/P1020870-300x200.jpg 300w, https:\/\/schuetzenverein-haibach.de\/wp-content\/uploads\/2024\/12\/P1020870-1024x683.jpg 1024w, https:\/\/schuetzenverein-haibach.de\/wp-content\/uploads\/2024\/12\/P1020870-768x512.jpg 768w, https:\/\/schuetzenverein-haibach.de\/wp-content\/uploads\/2024\/12\/P1020870-1536x1024.jpg 1536w, https:\/\/schuetzenverein-haibach.de\/wp-content\/uploads\/2024\/12\/P1020870-2048x1365.jpg 2048w, https:\/\/schuetzenverein-haibach.de\/wp-content\/uploads\/2024\/12\/P1020870-272x182.jpg 272w\" sizes=\"auto, (max-width: 2560px) 100vw, 2560px\" \/><\/p>\n<p>1. Ritter: Dieter Hock (10. von rechts), 4. Ritter: Ludwig Hock (9. von rechts), 2. Pistolenknappe: Ludwig Hock<\/p>\n<p><img loading=\"lazy\" decoding=\"async\" class=\"alignnone wp-image-2964 size-full\" src=\"https:\/\/schuetzenverein-haibach.de\/wp-content\/uploads\/2024\/12\/P1020856-scaled.jpg\" alt=\"\" width=\"2560\" height=\"1707\" srcset=\"https:\/\/schuetzenverein-haibach.de\/wp-content\/uploads\/2024\/12\/P1020856-scaled.jpg 2560w, https:\/\/schuetzenverein-haibach.de\/wp-content\/uploads\/2024\/12\/P1020856-300x200.jpg 300w, https:\/\/schuetzenverein-haibach.de\/wp-content\/uploads\/2024\/12\/P1020856-1024x683.jpg 1024w, https:\/\/schuetzenverein-haibach.de\/wp-content\/uploads\/2024\/12\/P1020856-768x512.jpg 768w, https:\/\/schuetzenverein-haibach.de\/wp-content\/uploads\/2024\/12\/P1020856-1536x1024.jpg 1536w, https:\/\/schuetzenverein-haibach.de\/wp-content\/uploads\/2024\/12\/P1020856-2048x1365.jpg 2048w, https:\/\/schuetzenverein-haibach.de\/wp-content\/uploads\/2024\/12\/P1020856-272x182.jpg 272w\" sizes=\"auto, (max-width: 2560px) 100vw, 2560px\" \/><\/p>\n<p>Unsere Pokalgewinner:<br \/>Ludwig Hock (1. von links) mit dem Pokal f\u00fcr die Ringbeste Mannschaft und Roger Find (2. von rechts) mit dem Main-Spessart Pokal f\u00fcr die Mannschaft mit den besten 10 Teilern.<\/p>\n<p><strong>Neujahrs- und Brezelschie\u00dfen f\u00fcr Jung und Alt am 03.01.24 in Haibach<\/strong><\/p>\n<p><img loading=\"lazy\" decoding=\"async\" class=\"alignnone size-large wp-image-2561\" src=\"https:\/\/schuetzenverein-haibach.de\/wp-content\/uploads\/2024\/02\/20240103_163924-768x1024.jpg\" alt=\"\" width=\"720\" height=\"960\" srcset=\"https:\/\/schuetzenverein-haibach.de\/wp-content\/uploads\/2024\/02\/20240103_163924-768x1024.jpg 768w, https:\/\/schuetzenverein-haibach.de\/wp-content\/uploads\/2024\/02\/20240103_163924-225x300.jpg 225w, https:\/\/schuetzenverein-haibach.de\/wp-content\/uploads\/2024\/02\/20240103_163924-1152x1536.jpg 1152w, https:\/\/schuetzenverein-haibach.de\/wp-content\/uploads\/2024\/02\/20240103_163924-1536x2048.jpg 1536w, https:\/\/schuetzenverein-haibach.de\/wp-content\/uploads\/2024\/02\/20240103_163924-scaled.jpg 1920w\" sizes=\"auto, (max-width: 720px) 100vw, 720px\" \/><\/p>\n<p>Geschossen wurde auf eine spezielle Weihnachtsscheibe!<\/p>\n<p><img loading=\"lazy\" decoding=\"async\" class=\"alignnone size-large wp-image-2562\" src=\"https:\/\/schuetzenverein-haibach.de\/wp-content\/uploads\/2024\/02\/20240103_165157-1024x768.jpg\" alt=\"\" width=\"720\" height=\"540\" srcset=\"https:\/\/schuetzenverein-haibach.de\/wp-content\/uploads\/2024\/02\/20240103_165157-1024x768.jpg 1024w, https:\/\/schuetzenverein-haibach.de\/wp-content\/uploads\/2024\/02\/20240103_165157-300x225.jpg 300w, https:\/\/schuetzenverein-haibach.de\/wp-content\/uploads\/2024\/02\/20240103_165157-768x576.jpg 768w, https:\/\/schuetzenverein-haibach.de\/wp-content\/uploads\/2024\/02\/20240103_165157-1536x1152.jpg 1536w, https:\/\/schuetzenverein-haibach.de\/wp-content\/uploads\/2024\/02\/20240103_165157-2048x1536.jpg 2048w\" sizes=\"auto, (max-width: 720px) 100vw, 720px\" \/><\/p>\n<p><img loading=\"lazy\" decoding=\"async\" class=\"alignnone size-large wp-image-2563\" src=\"https:\/\/schuetzenverein-haibach.de\/wp-content\/uploads\/2024\/02\/20240103_173807-1024x768.jpg\" alt=\"\" width=\"720\" height=\"540\" srcset=\"https:\/\/schuetzenverein-haibach.de\/wp-content\/uploads\/2024\/02\/20240103_173807-1024x768.jpg 1024w, https:\/\/schuetzenverein-haibach.de\/wp-content\/uploads\/2024\/02\/20240103_173807-300x225.jpg 300w, https:\/\/schuetzenverein-haibach.de\/wp-content\/uploads\/2024\/02\/20240103_173807-768x576.jpg 768w, https:\/\/schuetzenverein-haibach.de\/wp-content\/uploads\/2024\/02\/20240103_173807-1536x1152.jpg 1536w, https:\/\/schuetzenverein-haibach.de\/wp-content\/uploads\/2024\/02\/20240103_173807-2048x1536.jpg 2048w\" sizes=\"auto, (max-width: 720px) 100vw, 720px\" \/><\/p>\n<p><img loading=\"lazy\" decoding=\"async\" class=\"alignnone size-large wp-image-2564\" src=\"https:\/\/schuetzenverein-haibach.de\/wp-content\/uploads\/2024\/02\/20240103_173813-1024x768.jpg\" alt=\"\" width=\"720\" height=\"540\" srcset=\"https:\/\/schuetzenverein-haibach.de\/wp-content\/uploads\/2024\/02\/20240103_173813-1024x768.jpg 1024w, https:\/\/schuetzenverein-haibach.de\/wp-content\/uploads\/2024\/02\/20240103_173813-300x225.jpg 300w, https:\/\/schuetzenverein-haibach.de\/wp-content\/uploads\/2024\/02\/20240103_173813-768x576.jpg 768w, https:\/\/schuetzenverein-haibach.de\/wp-content\/uploads\/2024\/02\/20240103_173813-1536x1152.jpg 1536w, https:\/\/schuetzenverein-haibach.de\/wp-content\/uploads\/2024\/02\/20240103_173813-2048x1536.jpg 2048w\" sizes=\"auto, (max-width: 720px) 100vw, 720px\" \/><\/p>\n<p><img loading=\"lazy\" decoding=\"async\" class=\"alignnone size-large wp-image-2565\" src=\"https:\/\/schuetzenverein-haibach.de\/wp-content\/uploads\/2024\/02\/20240103_173851-1024x768.jpg\" alt=\"\" width=\"720\" height=\"540\" srcset=\"https:\/\/schuetzenverein-haibach.de\/wp-content\/uploads\/2024\/02\/20240103_173851-1024x768.jpg 1024w, https:\/\/schuetzenverein-haibach.de\/wp-content\/uploads\/2024\/02\/20240103_173851-300x225.jpg 300w, https:\/\/schuetzenverein-haibach.de\/wp-content\/uploads\/2024\/02\/20240103_173851-768x576.jpg 768w, https:\/\/schuetzenverein-haibach.de\/wp-content\/uploads\/2024\/02\/20240103_173851-1536x1152.jpg 1536w, https:\/\/schuetzenverein-haibach.de\/wp-content\/uploads\/2024\/02\/20240103_173851-2048x1536.jpg 2048w\" sizes=\"auto, (max-width: 720px) 100vw, 720px\" \/><\/p>\n<p><img loading=\"lazy\" decoding=\"async\" class=\"alignnone size-large wp-image-2566\" src=\"https:\/\/schuetzenverein-haibach.de\/wp-content\/uploads\/2024\/02\/20240103_202407-1024x768.jpg\" alt=\"\" width=\"720\" height=\"540\" srcset=\"https:\/\/schuetzenverein-haibach.de\/wp-content\/uploads\/2024\/02\/20240103_202407-1024x768.jpg 1024w, https:\/\/schuetzenverein-haibach.de\/wp-content\/uploads\/2024\/02\/20240103_202407-300x225.jpg 300w, https:\/\/schuetzenverein-haibach.de\/wp-content\/uploads\/2024\/02\/20240103_202407-768x576.jpg 768w, https:\/\/schuetzenverein-haibach.de\/wp-content\/uploads\/2024\/02\/20240103_202407-1536x1152.jpg 1536w, https:\/\/schuetzenverein-haibach.de\/wp-content\/uploads\/2024\/02\/20240103_202407-2048x1536.jpg 2048w\" sizes=\"auto, (max-width: 720px) 100vw, 720px\" \/><\/p>\n<p>Die Sieger aus der Jugendwertung<\/p>\n<p><img loading=\"lazy\" decoding=\"async\" class=\"alignnone size-large wp-image-2567\" src=\"https:\/\/schuetzenverein-haibach.de\/wp-content\/uploads\/2024\/02\/20240103_202612-1024x768.jpg\" alt=\"\" width=\"720\" height=\"540\" srcset=\"https:\/\/schuetzenverein-haibach.de\/wp-content\/uploads\/2024\/02\/20240103_202612-1024x768.jpg 1024w, https:\/\/schuetzenverein-haibach.de\/wp-content\/uploads\/2024\/02\/20240103_202612-300x225.jpg 300w, https:\/\/schuetzenverein-haibach.de\/wp-content\/uploads\/2024\/02\/20240103_202612-768x576.jpg 768w, https:\/\/schuetzenverein-haibach.de\/wp-content\/uploads\/2024\/02\/20240103_202612-1536x1152.jpg 1536w, https:\/\/schuetzenverein-haibach.de\/wp-content\/uploads\/2024\/02\/20240103_202612-2048x1536.jpg 2048w\" sizes=\"auto, (max-width: 720px) 100vw, 720px\" \/><\/p>\n<p>Die Sieger der Erwachsenen (Aktive und passive Sch\u00fctzen sowie G\u00e4ste)<\/p>\n<p><strong>Nikolausschie\u00dfen f\u00fcr Sch\u00fcler und Jugend des Sch\u00fctzengaues Main-Spessart am 09.12.23 in Alzenau<\/strong><\/p>\n<p><img loading=\"lazy\" decoding=\"async\" class=\"alignnone size-large wp-image-2574\" src=\"https:\/\/schuetzenverein-haibach.de\/wp-content\/uploads\/2024\/02\/20231209_113949-768x1024.jpg\" alt=\"\" width=\"720\" height=\"960\" srcset=\"https:\/\/schuetzenverein-haibach.de\/wp-content\/uploads\/2024\/02\/20231209_113949-768x1024.jpg 768w, https:\/\/schuetzenverein-haibach.de\/wp-content\/uploads\/2024\/02\/20231209_113949-225x300.jpg 225w, https:\/\/schuetzenverein-haibach.de\/wp-content\/uploads\/2024\/02\/20231209_113949-1152x1536.jpg 1152w, https:\/\/schuetzenverein-haibach.de\/wp-content\/uploads\/2024\/02\/20231209_113949-1536x2048.jpg 1536w, https:\/\/schuetzenverein-haibach.de\/wp-content\/uploads\/2024\/02\/20231209_113949-scaled.jpg 1920w\" sizes=\"auto, (max-width: 720px) 100vw, 720px\" \/><\/p>\n<p>mit Moritz Roth, Romy Gro\u00dfmann und Noah Roth<\/p>\n<p><img loading=\"lazy\" decoding=\"async\" class=\"alignnone size-large wp-image-2575\" src=\"https:\/\/schuetzenverein-haibach.de\/wp-content\/uploads\/2024\/02\/20231209_114111-1024x768.jpg\" alt=\"\" width=\"720\" height=\"540\" srcset=\"https:\/\/schuetzenverein-haibach.de\/wp-content\/uploads\/2024\/02\/20231209_114111-1024x768.jpg 1024w, https:\/\/schuetzenverein-haibach.de\/wp-content\/uploads\/2024\/02\/20231209_114111-300x225.jpg 300w, https:\/\/schuetzenverein-haibach.de\/wp-content\/uploads\/2024\/02\/20231209_114111-768x576.jpg 768w, https:\/\/schuetzenverein-haibach.de\/wp-content\/uploads\/2024\/02\/20231209_114111-1536x1152.jpg 1536w, https:\/\/schuetzenverein-haibach.de\/wp-content\/uploads\/2024\/02\/20231209_114111-2048x1536.jpg 2048w\" sizes=\"auto, (max-width: 720px) 100vw, 720px\" \/> <img loading=\"lazy\" decoding=\"async\" class=\"alignnone size-large wp-image-2576\" src=\"https:\/\/schuetzenverein-haibach.de\/wp-content\/uploads\/2024\/02\/20231209_114233-768x1024.jpg\" alt=\"\" width=\"720\" height=\"960\" srcset=\"https:\/\/schuetzenverein-haibach.de\/wp-content\/uploads\/2024\/02\/20231209_114233-768x1024.jpg 768w, https:\/\/schuetzenverein-haibach.de\/wp-content\/uploads\/2024\/02\/20231209_114233-225x300.jpg 225w, https:\/\/schuetzenverein-haibach.de\/wp-content\/uploads\/2024\/02\/20231209_114233-1152x1536.jpg 1152w, https:\/\/schuetzenverein-haibach.de\/wp-content\/uploads\/2024\/02\/20231209_114233-1536x2048.jpg 1536w, https:\/\/schuetzenverein-haibach.de\/wp-content\/uploads\/2024\/02\/20231209_114233-scaled.jpg 1920w\" sizes=\"auto, (max-width: 720px) 100vw, 720px\" \/> <img loading=\"lazy\" decoding=\"async\" class=\"alignnone size-large wp-image-2577\" src=\"https:\/\/schuetzenverein-haibach.de\/wp-content\/uploads\/2024\/02\/20231209_114327-1024x768.jpg\" alt=\"\" width=\"720\" height=\"540\" srcset=\"https:\/\/schuetzenverein-haibach.de\/wp-content\/uploads\/2024\/02\/20231209_114327-1024x768.jpg 1024w, https:\/\/schuetzenverein-haibach.de\/wp-content\/uploads\/2024\/02\/20231209_114327-300x225.jpg 300w, https:\/\/schuetzenverein-haibach.de\/wp-content\/uploads\/2024\/02\/20231209_114327-768x576.jpg 768w, https:\/\/schuetzenverein-haibach.de\/wp-content\/uploads\/2024\/02\/20231209_114327-1536x1152.jpg 1536w, https:\/\/schuetzenverein-haibach.de\/wp-content\/uploads\/2024\/02\/20231209_114327-2048x1536.jpg 2048w\" sizes=\"auto, (max-width: 720px) 100vw, 720px\" \/> <img loading=\"lazy\" decoding=\"async\" class=\"alignnone size-large wp-image-2578\" src=\"https:\/\/schuetzenverein-haibach.de\/wp-content\/uploads\/2024\/02\/20231209_131035-768x1024.jpg\" alt=\"\" width=\"720\" height=\"960\" srcset=\"https:\/\/schuetzenverein-haibach.de\/wp-content\/uploads\/2024\/02\/20231209_131035-768x1024.jpg 768w, https:\/\/schuetzenverein-haibach.de\/wp-content\/uploads\/2024\/02\/20231209_131035-225x300.jpg 225w, https:\/\/schuetzenverein-haibach.de\/wp-content\/uploads\/2024\/02\/20231209_131035-1152x1536.jpg 1152w, https:\/\/schuetzenverein-haibach.de\/wp-content\/uploads\/2024\/02\/20231209_131035-1536x2048.jpg 1536w, https:\/\/schuetzenverein-haibach.de\/wp-content\/uploads\/2024\/02\/20231209_131035-scaled.jpg 1920w\" sizes=\"auto, (max-width: 720px) 100vw, 720px\" \/><\/p>\n<p><strong>\u00a0<\/strong><\/p>\n\n\n<p><\/p>\n","protected":false},"excerpt":{"rendered":"<p>Proklamation der neuen Gauk\u00f6nigsfamilie 2024\/2025 in Westerngrund 1. Ritter: Dieter Hock (10. von rechts), 4. Ritter: Ludwig Hock (9. von rechts), 2. Pistolenknappe: Ludwig Hock Unsere Pokalgewinner:Ludwig Hock (1. von links) mit dem Pokal f\u00fcr die Ringbeste Mannschaft und Roger Find (2. von rechts) mit dem Main-Spessart Pokal f\u00fcr die Mannschaft mit den besten 10 [&hellip;]<\/p>\n","protected":false},"author":2,"featured_media":0,"parent":0,"menu_order":0,"comment_status":"closed","ping_status":"closed","template":"","meta":{"footnotes":""},"class_list":["post-2560","page","type-page","status-publish","hentry"],"_links":{"self":[{"href":"https:\/\/schuetzenverein-haibach.de\/index.php?rest_route=\/wp\/v2\/pages\/2560","targetHints":{"allow":["GET"]}}],"collection":[{"href":"https:\/\/schuetzenverein-haibach.de\/index.php?rest_route=\/wp\/v2\/pages"}],"about":[{"href":"https:\/\/schuetzenverein-haibach.de\/index.php?rest_route=\/wp\/v2\/types\/page"}],"author":[{"embeddable":true,"href":"https:\/\/schuetzenverein-haibach.de\/index.php?rest_route=\/wp\/v2\/users\/2"}],"replies":[{"embeddable":true,"href":"https:\/\/schuetzenverein-haibach.de\/index.php?rest_route=%2Fwp%2Fv2%2Fcomments&post=2560"}],"version-history":[{"count":8,"href":"https:\/\/schuetzenverein-haibach.de\/index.php?rest_route=\/wp\/v2\/pages\/2560\/revisions"}],"predecessor-version":[{"id":3011,"href":"https:\/\/schuetzenverein-haibach.de\/index.php?rest_route=\/wp\/v2\/pages\/2560\/revisions\/3011"}],"wp:attachment":[{"href":"https:\/\/schuetzenverein-haibach.de\/index.php?rest_route=%2Fwp%2Fv2%2Fmedia&parent=2560"}],"curies":[{"name":"wp","href":"https:\/\/api.w.org\/{rel}","templated":true}]}}