{"id":235,"date":"2017-07-27T18:17:59","date_gmt":"2017-07-27T16:17:59","guid":{"rendered":"https:\/\/xn--schtzenverein-haibach-bic.de\/wp\/?page_id=235"},"modified":"2021-02-06T02:28:50","modified_gmt":"2021-02-06T01:28:50","slug":"chronik","status":"publish","type":"page","link":"https:\/\/schuetzenverein-haibach.de\/?page_id=235","title":{"rendered":"Chronik"},"content":{"rendered":"\n<p>Unsere neue Chronik aus dem Jubil\u00e4umsjahr 2019 ist bei uns im Sch\u00fctzenhaus bzw. bei der Vorstandschaft gegen eine kleine Spende erh\u00e4ltlich! Rund 200 Seiten als Buch im DIN A5 Format gebunden bieten stundenlangen Lesestoff sowie viel Bildmaterial aus rund 100 Jahren Vereinsgeschichte und geben einen umfassenden Einblick in unser Vereinsleben!<\/p>\n\n\n\n<figure class=\"wp-block-image size-large\"><img loading=\"lazy\" decoding=\"async\" width=\"1024\" height=\"768\" src=\"https:\/\/schuetzenverein-haibach.de\/wp-content\/uploads\/2020\/12\/IMG_20201218_130920-edited-1024x768.jpg\" alt=\"\" class=\"wp-image-1096\" srcset=\"https:\/\/schuetzenverein-haibach.de\/wp-content\/uploads\/2020\/12\/IMG_20201218_130920-edited-1024x768.jpg 1024w, https:\/\/schuetzenverein-haibach.de\/wp-content\/uploads\/2020\/12\/IMG_20201218_130920-edited-300x225.jpg 300w, https:\/\/schuetzenverein-haibach.de\/wp-content\/uploads\/2020\/12\/IMG_20201218_130920-edited-768x576.jpg 768w, https:\/\/schuetzenverein-haibach.de\/wp-content\/uploads\/2020\/12\/IMG_20201218_130920-edited-1536x1152.jpg 1536w, https:\/\/schuetzenverein-haibach.de\/wp-content\/uploads\/2020\/12\/IMG_20201218_130920-edited-2048x1536.jpg 2048w\" sizes=\"auto, (max-width: 1024px) 100vw, 1024px\" \/><figcaption>Unsere Chronik, Vereinsservietten, Jubil\u00e4umsnadel als Pin (oben), Jubil\u00e4umskugelschreiber, B\u00f6llersch\u00fctzenabzeichen vom Jubil\u00e4um (unten)<\/figcaption><\/figure>\n","protected":false},"excerpt":{"rendered":"<p>Unsere neue Chronik aus dem Jubil\u00e4umsjahr 2019 ist bei uns im Sch\u00fctzenhaus bzw. bei der Vorstandschaft gegen eine kleine Spende erh\u00e4ltlich! Rund 200 Seiten als Buch im DIN A5 Format gebunden bieten stundenlangen Lesestoff sowie viel Bildmaterial aus rund 100 Jahren Vereinsgeschichte und geben einen umfassenden Einblick in unser Vereinsleben!<\/p>\n","protected":false},"author":1,"featured_media":0,"parent":22,"menu_order":0,"comment_status":"closed","ping_status":"closed","template":"","meta":{"footnotes":""},"class_list":["post-235","page","type-page","status-publish","hentry"],"_links":{"self":[{"href":"https:\/\/schuetzenverein-haibach.de\/index.php?rest_route=\/wp\/v2\/pages\/235","targetHints":{"allow":["GET"]}}],"collection":[{"href":"https:\/\/schuetzenverein-haibach.de\/index.php?rest_route=\/wp\/v2\/pages"}],"about":[{"href":"https:\/\/schuetzenverein-haibach.de\/index.php?rest_route=\/wp\/v2\/types\/page"}],"author":[{"embeddable":true,"href":"https:\/\/schuetzenverein-haibach.de\/index.php?rest_route=\/wp\/v2\/users\/1"}],"replies":[{"embeddable":true,"href":"https:\/\/schuetzenverein-haibach.de\/index.php?rest_route=%2Fwp%2Fv2%2Fcomments&post=235"}],"version-history":[{"count":4,"href":"https:\/\/schuetzenverein-haibach.de\/index.php?rest_route=\/wp\/v2\/pages\/235\/revisions"}],"predecessor-version":[{"id":1235,"href":"https:\/\/schuetzenverein-haibach.de\/index.php?rest_route=\/wp\/v2\/pages\/235\/revisions\/1235"}],"up":[{"embeddable":true,"href":"https:\/\/schuetzenverein-haibach.de\/index.php?rest_route=\/wp\/v2\/pages\/22"}],"wp:attachment":[{"href":"https:\/\/schuetzenverein-haibach.de\/index.php?rest_route=%2Fwp%2Fv2%2Fmedia&parent=235"}],"curies":[{"name":"wp","href":"https:\/\/api.w.org\/{rel}","templated":true}]}}