{"id":229,"date":"2018-12-04T18:16:46","date_gmt":"2018-12-04T17:16:46","guid":{"rendered":"https:\/\/xn--schtzenverein-haibach-bic.de\/wp\/?page_id=229"},"modified":"2025-07-21T01:37:56","modified_gmt":"2025-07-20T23:37:56","slug":"neueseite3","status":"publish","type":"page","link":"https:\/\/schuetzenverein-haibach.de\/?page_id=229","title":{"rendered":"Aktivit\u00e4ten"},"content":{"rendered":"<p>Berichte aus dem aktiven Vereinsleben stehen unter:<\/p>\n<p><a href=\"https:\/\/schuetzenverein-haibach.de\/?page_id=173\">Aktuelles<\/a><\/p>\n<p>Bilder von unserer mittlerweile stark angewachsenen Jugendabeilung werden demn\u00e4chst erstellt und hier ver\u00f6ffentlicht (Aktuell sind rund 30 Sch\u00fcler und Jugendliche unter 18 Jahren im Training &#8211; Stand: Juli 2025)<\/p>\n<p>Unsere J\u00fcngsten im Jubil\u00e4umsjahr 2019<\/p>\n<p><img loading=\"lazy\" decoding=\"async\" class=\"alignnone size-large wp-image-1203\" src=\"https:\/\/schuetzenverein-haibach.de\/wp-content\/uploads\/2021\/02\/Schuetzenjugend-1-1024x683.jpg\" alt=\"\" width=\"720\" height=\"480\" srcset=\"https:\/\/schuetzenverein-haibach.de\/wp-content\/uploads\/2021\/02\/Schuetzenjugend-1-1024x683.jpg 1024w, https:\/\/schuetzenverein-haibach.de\/wp-content\/uploads\/2021\/02\/Schuetzenjugend-1-300x200.jpg 300w, https:\/\/schuetzenverein-haibach.de\/wp-content\/uploads\/2021\/02\/Schuetzenjugend-1-768x513.jpg 768w, https:\/\/schuetzenverein-haibach.de\/wp-content\/uploads\/2021\/02\/Schuetzenjugend-1-1536x1025.jpg 1536w, https:\/\/schuetzenverein-haibach.de\/wp-content\/uploads\/2021\/02\/Schuetzenjugend-1-2048x1367.jpg 2048w, https:\/\/schuetzenverein-haibach.de\/wp-content\/uploads\/2021\/02\/Schuetzenjugend-1-272x182.jpg 272w\" sizes=\"auto, (max-width: 720px) 100vw, 720px\" \/><\/p>\n<p>Unsere j\u00fcngste Sportart im Verein als Erg\u00e4nzungssport: Blasrohrschie\u00dfen f\u00fcr jung und alt<\/p>\n<p><img loading=\"lazy\" decoding=\"async\" class=\"alignnone size-large wp-image-1221\" src=\"https:\/\/schuetzenverein-haibach.de\/wp-content\/uploads\/2021\/02\/Blasrohr-Schueler-2-1024x768.jpeg\" alt=\"\" width=\"720\" height=\"540\" srcset=\"https:\/\/schuetzenverein-haibach.de\/wp-content\/uploads\/2021\/02\/Blasrohr-Schueler-2-1024x768.jpeg 1024w, https:\/\/schuetzenverein-haibach.de\/wp-content\/uploads\/2021\/02\/Blasrohr-Schueler-2-300x225.jpeg 300w, https:\/\/schuetzenverein-haibach.de\/wp-content\/uploads\/2021\/02\/Blasrohr-Schueler-2-768x576.jpeg 768w, https:\/\/schuetzenverein-haibach.de\/wp-content\/uploads\/2021\/02\/Blasrohr-Schueler-2-1536x1152.jpeg 1536w, https:\/\/schuetzenverein-haibach.de\/wp-content\/uploads\/2021\/02\/Blasrohr-Schueler-2.jpeg 2048w\" sizes=\"auto, (max-width: 720px) 100vw, 720px\" \/><\/p>\n<p><strong>Nikolaus-Schie\u00dfen 2018<\/strong><\/p>\n<p>Am 03.12.2018 wurde erstmals ein Eltern\/Kind-Schie\u00dfen ausgetragen. Dabei konnten die Eltern der j\u00fcngsten Mitglieder unseren Schie\u00dfsport einmal kennenlernen und selbst mit dem Luftgewehr ausprobieren. Carolin und Andre Roth organisierten als Verantwortliche f\u00fcr die Sch\u00fclergruppe ein &#8222;Bingo&#8220; Spass-Schie\u00dfen. Die Kids sowie die Eltern hatten Riesenspa\u00df (1 Kind und 1 Elternteil bildeten jeweils 1 Team) und alle, die eine Bingoreihe voll hatten, durften ein kleines Geschenk mit nach Hause nehmen. Hier ein paar Eindr\u00fccke vom Wettkampf:<\/p>\n<p><img loading=\"lazy\" decoding=\"async\" class=\"alignnone size-medium wp-image-381\" src=\"https:\/\/xn--schtzenverein-haibach-bic.de\/wp\/wp-content\/uploads\/2018\/12\/DSCN2452-300x225.jpg\" alt=\"\" width=\"300\" height=\"225\" srcset=\"https:\/\/schuetzenverein-haibach.de\/wp-content\/uploads\/2018\/12\/DSCN2452-300x225.jpg 300w, https:\/\/schuetzenverein-haibach.de\/wp-content\/uploads\/2018\/12\/DSCN2452-768x576.jpg 768w, https:\/\/schuetzenverein-haibach.de\/wp-content\/uploads\/2018\/12\/DSCN2452-1024x768.jpg 1024w\" sizes=\"auto, (max-width: 300px) 100vw, 300px\" \/><img loading=\"lazy\" decoding=\"async\" class=\"alignnone size-medium wp-image-382\" src=\"https:\/\/xn--schtzenverein-haibach-bic.de\/wp\/wp-content\/uploads\/2018\/12\/DSCN2453-300x225.jpg\" alt=\"\" width=\"300\" height=\"225\" srcset=\"https:\/\/schuetzenverein-haibach.de\/wp-content\/uploads\/2018\/12\/DSCN2453-300x225.jpg 300w, https:\/\/schuetzenverein-haibach.de\/wp-content\/uploads\/2018\/12\/DSCN2453-768x576.jpg 768w, https:\/\/schuetzenverein-haibach.de\/wp-content\/uploads\/2018\/12\/DSCN2453-1024x768.jpg 1024w\" sizes=\"auto, (max-width: 300px) 100vw, 300px\" \/><img loading=\"lazy\" decoding=\"async\" class=\"alignnone size-medium wp-image-383\" src=\"https:\/\/xn--schtzenverein-haibach-bic.de\/wp\/wp-content\/uploads\/2018\/12\/DSCN2456-300x225.jpg\" alt=\"\" width=\"300\" height=\"225\" srcset=\"https:\/\/schuetzenverein-haibach.de\/wp-content\/uploads\/2018\/12\/DSCN2456-300x225.jpg 300w, https:\/\/schuetzenverein-haibach.de\/wp-content\/uploads\/2018\/12\/DSCN2456-768x576.jpg 768w, https:\/\/schuetzenverein-haibach.de\/wp-content\/uploads\/2018\/12\/DSCN2456-1024x768.jpg 1024w\" sizes=\"auto, (max-width: 300px) 100vw, 300px\" \/><img loading=\"lazy\" decoding=\"async\" class=\"alignnone size-medium wp-image-386\" src=\"https:\/\/xn--schtzenverein-haibach-bic.de\/wp\/wp-content\/uploads\/2018\/12\/DSCN2447-300x225.jpg\" alt=\"\" width=\"300\" height=\"225\" srcset=\"https:\/\/schuetzenverein-haibach.de\/wp-content\/uploads\/2018\/12\/DSCN2447-300x225.jpg 300w, https:\/\/schuetzenverein-haibach.de\/wp-content\/uploads\/2018\/12\/DSCN2447-768x576.jpg 768w, https:\/\/schuetzenverein-haibach.de\/wp-content\/uploads\/2018\/12\/DSCN2447-1024x768.jpg 1024w\" sizes=\"auto, (max-width: 300px) 100vw, 300px\" \/><\/p>\n<p>Auch neben dem Schie\u00dfsport ist unsere Sch\u00fctzenjugend als Gruppe aktiv. So nehmen sie unter anderem jedes Jahr am Haibacher Faschingszug teil. Ein sehr sch\u00f6ner Nachmittag war auch der Ausflug ins Kletterzentrum Aschaffenburg. Egal ob bouldern oder klettern, hier konnte jeder \u00fcber sich hinauswachsen und neue Erfahrungen sammeln. Obwohl es relativ anstrengend war, hat es allen sehr viel Spa\u00df gemacht.<\/p>\n<p><img loading=\"lazy\" decoding=\"async\" class=\"alignnone wp-image-257\" src=\"https:\/\/xn--schtzenverein-haibach-bic.de\/wp\/wp-content\/uploads\/2017\/07\/Gruppenfoto-Klettern-Jugend-300x225.jpg\" alt=\"\" width=\"415\" height=\"311\" srcset=\"https:\/\/schuetzenverein-haibach.de\/wp-content\/uploads\/2017\/07\/Gruppenfoto-Klettern-Jugend-300x225.jpg 300w, https:\/\/schuetzenverein-haibach.de\/wp-content\/uploads\/2017\/07\/Gruppenfoto-Klettern-Jugend-768x576.jpg 768w, https:\/\/schuetzenverein-haibach.de\/wp-content\/uploads\/2017\/07\/Gruppenfoto-Klettern-Jugend-128x96.jpg 128w, https:\/\/schuetzenverein-haibach.de\/wp-content\/uploads\/2017\/07\/Gruppenfoto-Klettern-Jugend-32x24.jpg 32w, https:\/\/schuetzenverein-haibach.de\/wp-content\/uploads\/2017\/07\/Gruppenfoto-Klettern-Jugend.jpg 800w\" sizes=\"auto, (max-width: 415px) 100vw, 415px\" \/> Ausflug in die Kletterhalle<\/p>\n<p><img loading=\"lazy\" decoding=\"async\" class=\"alignnone wp-image-256\" src=\"https:\/\/xn--schtzenverein-haibach-bic.de\/wp\/wp-content\/uploads\/2017\/07\/Faschingszug-Jugend-Mario-300x228.jpg\" alt=\"\" width=\"416\" height=\"316\" srcset=\"https:\/\/schuetzenverein-haibach.de\/wp-content\/uploads\/2017\/07\/Faschingszug-Jugend-Mario-300x228.jpg 300w, https:\/\/schuetzenverein-haibach.de\/wp-content\/uploads\/2017\/07\/Faschingszug-Jugend-Mario-768x584.jpg 768w, https:\/\/schuetzenverein-haibach.de\/wp-content\/uploads\/2017\/07\/Faschingszug-Jugend-Mario-128x97.jpg 128w, https:\/\/schuetzenverein-haibach.de\/wp-content\/uploads\/2017\/07\/Faschingszug-Jugend-Mario-32x24.jpg 32w, https:\/\/schuetzenverein-haibach.de\/wp-content\/uploads\/2017\/07\/Faschingszug-Jugend-Mario.jpg 800w\" sizes=\"auto, (max-width: 416px) 100vw, 416px\" \/><br \/>\nSch\u00fctzenjugend als &#8222;Mario und Luigi&#8220; beim Haibacher Faschingszug<\/p>\n<p><img loading=\"lazy\" decoding=\"async\" class=\"alignnone wp-image-255\" src=\"https:\/\/xn--schtzenverein-haibach-bic.de\/wp\/wp-content\/uploads\/2017\/07\/Faschingszug-Robin-Hood-300x224.jpg\" alt=\"\" width=\"418\" height=\"312\" srcset=\"https:\/\/schuetzenverein-haibach.de\/wp-content\/uploads\/2017\/07\/Faschingszug-Robin-Hood-300x224.jpg 300w, https:\/\/schuetzenverein-haibach.de\/wp-content\/uploads\/2017\/07\/Faschingszug-Robin-Hood-768x574.jpg 768w, https:\/\/schuetzenverein-haibach.de\/wp-content\/uploads\/2017\/07\/Faschingszug-Robin-Hood-128x96.jpg 128w, https:\/\/schuetzenverein-haibach.de\/wp-content\/uploads\/2017\/07\/Faschingszug-Robin-Hood-32x24.jpg 32w, https:\/\/schuetzenverein-haibach.de\/wp-content\/uploads\/2017\/07\/Faschingszug-Robin-Hood.jpg 800w\" sizes=\"auto, (max-width: 418px) 100vw, 418px\" \/><br \/>\nAufstellung vor unserem Wagen mit dem Thema &#8222;Robin Hood&#8220;<\/p>\n","protected":false},"excerpt":{"rendered":"<p>Berichte aus dem aktiven Vereinsleben stehen unter: Aktuelles Bilder von unserer mittlerweile stark angewachsenen Jugendabeilung werden demn\u00e4chst erstellt und hier ver\u00f6ffentlicht (Aktuell sind rund 30 Sch\u00fcler und Jugendliche unter 18 Jahren im Training &#8211; Stand: Juli 2025) Unsere J\u00fcngsten im Jubil\u00e4umsjahr 2019 Unsere j\u00fcngste Sportart im Verein als Erg\u00e4nzungssport: Blasrohrschie\u00dfen f\u00fcr jung und alt Nikolaus-Schie\u00dfen [&hellip;]<\/p>\n","protected":false},"author":1,"featured_media":0,"parent":39,"menu_order":0,"comment_status":"closed","ping_status":"closed","template":"","meta":{"footnotes":""},"class_list":["post-229","page","type-page","status-publish","hentry"],"_links":{"self":[{"href":"https:\/\/schuetzenverein-haibach.de\/index.php?rest_route=\/wp\/v2\/pages\/229","targetHints":{"allow":["GET"]}}],"collection":[{"href":"https:\/\/schuetzenverein-haibach.de\/index.php?rest_route=\/wp\/v2\/pages"}],"about":[{"href":"https:\/\/schuetzenverein-haibach.de\/index.php?rest_route=\/wp\/v2\/types\/page"}],"author":[{"embeddable":true,"href":"https:\/\/schuetzenverein-haibach.de\/index.php?rest_route=\/wp\/v2\/users\/1"}],"replies":[{"embeddable":true,"href":"https:\/\/schuetzenverein-haibach.de\/index.php?rest_route=%2Fwp%2Fv2%2Fcomments&post=229"}],"version-history":[{"count":12,"href":"https:\/\/schuetzenverein-haibach.de\/index.php?rest_route=\/wp\/v2\/pages\/229\/revisions"}],"predecessor-version":[{"id":3313,"href":"https:\/\/schuetzenverein-haibach.de\/index.php?rest_route=\/wp\/v2\/pages\/229\/revisions\/3313"}],"up":[{"embeddable":true,"href":"https:\/\/schuetzenverein-haibach.de\/index.php?rest_route=\/wp\/v2\/pages\/39"}],"wp:attachment":[{"href":"https:\/\/schuetzenverein-haibach.de\/index.php?rest_route=%2Fwp%2Fv2%2Fmedia&parent=229"}],"curies":[{"name":"wp","href":"https:\/\/api.w.org\/{rel}","templated":true}]}}