{"id":214,"date":"2018-11-23T20:08:06","date_gmt":"2018-11-23T19:08:06","guid":{"rendered":"https:\/\/xn--schtzenverein-haibach-bic.de\/wp\/?page_id=214"},"modified":"2025-01-23T21:10:55","modified_gmt":"2025-01-23T20:10:55","slug":"trainingszeiten-jugend","status":"publish","type":"page","link":"https:\/\/schuetzenverein-haibach.de\/?page_id=214","title":{"rendered":"Trainingszeiten Jugend"},"content":{"rendered":"<p><strong>Jugendtraining ist jeden Montag (Ausnahme: Feiertage) von 18 bis 20 Uhr<\/strong><\/p>\n<p>(Verantwortliche f\u00fcr die Jugendabteilung sind 1. Sch\u00fctzenmeister Volker R\u00fchle sowie die Jugendbetreuer v.l. Andre Roth (Sch\u00fclernachwuchs), Claudia Find und Stephan Seitz)<\/p>\n<p><img loading=\"lazy\" decoding=\"async\" class=\"alignnone size-medium wp-image-1201\" src=\"https:\/\/schuetzenverein-haibach.de\/wp-content\/uploads\/2021\/02\/Jugendbetreuer-300x200.jpg\" alt=\"\" width=\"300\" height=\"200\" srcset=\"https:\/\/schuetzenverein-haibach.de\/wp-content\/uploads\/2021\/02\/Jugendbetreuer-300x200.jpg 300w, https:\/\/schuetzenverein-haibach.de\/wp-content\/uploads\/2021\/02\/Jugendbetreuer-1024x684.jpg 1024w, https:\/\/schuetzenverein-haibach.de\/wp-content\/uploads\/2021\/02\/Jugendbetreuer-768x513.jpg 768w, https:\/\/schuetzenverein-haibach.de\/wp-content\/uploads\/2021\/02\/Jugendbetreuer-1536x1025.jpg 1536w, https:\/\/schuetzenverein-haibach.de\/wp-content\/uploads\/2021\/02\/Jugendbetreuer-2048x1367.jpg 2048w, https:\/\/schuetzenverein-haibach.de\/wp-content\/uploads\/2021\/02\/Jugendbetreuer-272x182.jpg 272w\" sizes=\"auto, (max-width: 300px) 100vw, 300px\" \/><\/p>\n<p><span class=\"fs44 cf4 ff2\">Trainingszeiten<\/span><span class=\"fs22 cf3 ff2\"> allgemein:<\/span><\/p>\n<p>Unser Training findet an den folgenden Tagen statt:<\/p>\n<p><b>Montags 18:00 &#8211;<wbr \/> 20:00 Uhr <\/b><br \/>\nSch\u00fcler und Jugend (Luftgewehr \/ Luftpistole)<\/p>\n<p>Ansprechpartner f\u00fcr die Sch\u00fcler (Anf\u00e4nger): Andre und Carolin Roth<\/p>\n<p>Ansprechpartner f\u00fcr die Jugendlichen: Claudia Find und Stephan Seitz<\/p>\n<p><span class=\"fs22 cf3 ff2\">Kleinkalibergewehr (in Absprache mit der Sportleitung Roger Find)<br \/>\n<\/span><\/p>\n<p><b>Mittwochs ab 19:30 Uhr <\/b><br \/>\nLuftgewehr<br \/>\nLuftpistole<br \/>\nKleinkalibergewehr<br \/>\nSportpistole<\/p>\n<p><b>Samstags 15:00 &#8211;<wbr \/> 18:00 Uhr<\/b><br \/>\nSportpistole<br \/>\nKleinkalibergewehr<\/p>\n<p>Weitere Trainingstermine finden in Absprache mit den Sportleitern und Spartenleitern statt!<\/p>\n","protected":false},"excerpt":{"rendered":"<p>Jugendtraining ist jeden Montag (Ausnahme: Feiertage) von 18 bis 20 Uhr (Verantwortliche f\u00fcr die Jugendabteilung sind 1. Sch\u00fctzenmeister Volker R\u00fchle sowie die Jugendbetreuer v.l. Andre Roth (Sch\u00fclernachwuchs), Claudia Find und Stephan Seitz) Trainingszeiten allgemein: Unser Training findet an den folgenden Tagen statt: Montags 18:00 &#8211; 20:00 Uhr Sch\u00fcler und Jugend (Luftgewehr \/ Luftpistole) Ansprechpartner f\u00fcr [&hellip;]<\/p>\n","protected":false},"author":4,"featured_media":0,"parent":39,"menu_order":0,"comment_status":"closed","ping_status":"closed","template":"","meta":{"footnotes":""},"class_list":["post-214","page","type-page","status-publish","hentry"],"_links":{"self":[{"href":"https:\/\/schuetzenverein-haibach.de\/index.php?rest_route=\/wp\/v2\/pages\/214","targetHints":{"allow":["GET"]}}],"collection":[{"href":"https:\/\/schuetzenverein-haibach.de\/index.php?rest_route=\/wp\/v2\/pages"}],"about":[{"href":"https:\/\/schuetzenverein-haibach.de\/index.php?rest_route=\/wp\/v2\/types\/page"}],"author":[{"embeddable":true,"href":"https:\/\/schuetzenverein-haibach.de\/index.php?rest_route=\/wp\/v2\/users\/4"}],"replies":[{"embeddable":true,"href":"https:\/\/schuetzenverein-haibach.de\/index.php?rest_route=%2Fwp%2Fv2%2Fcomments&post=214"}],"version-history":[{"count":9,"href":"https:\/\/schuetzenverein-haibach.de\/index.php?rest_route=\/wp\/v2\/pages\/214\/revisions"}],"predecessor-version":[{"id":3061,"href":"https:\/\/schuetzenverein-haibach.de\/index.php?rest_route=\/wp\/v2\/pages\/214\/revisions\/3061"}],"up":[{"embeddable":true,"href":"https:\/\/schuetzenverein-haibach.de\/index.php?rest_route=\/wp\/v2\/pages\/39"}],"wp:attachment":[{"href":"https:\/\/schuetzenverein-haibach.de\/index.php?rest_route=%2Fwp%2Fv2%2Fmedia&parent=214"}],"curies":[{"name":"wp","href":"https:\/\/api.w.org\/{rel}","templated":true}]}}