{"id":2129,"date":"2023-07-14T17:19:07","date_gmt":"2023-07-14T15:19:07","guid":{"rendered":"https:\/\/schuetzenverein-haibach.de\/?page_id=2129"},"modified":"2025-05-12T17:10:59","modified_gmt":"2025-05-12T15:10:59","slug":"international","status":"publish","type":"page","link":"https:\/\/schuetzenverein-haibach.de\/?page_id=2129","title":{"rendered":"International"},"content":{"rendered":"<hr \/>\n<p>Weitere Bilder zu den Wettk\u00e4mpfen sind in der <a href=\"https:\/\/schuetzenverein-haibach.de\/?page_id=2313\">Bildergalerie Sommerbiathlon\/Target Sprint<\/a>\u00a0zu finden.<\/p>\n<hr \/>\n<h1><strong>Berichte International:<\/strong><\/h1>\n<h2><strong>Lukas B\u00fcrki gewinnt 2x Gold bei der ISSF World Tour Target Sprint in Auer\/S\u00fcdtirol<\/strong><\/h2>\n<p>Bei der ersten Station der ISSF World Tour Target Sprint in Auer\/S\u00fcdtirol (10.\/11.05.25) startete Lukas B\u00fcrki f\u00fcr das Team Deutschland am Samstag im Einzelrennen in der Juniorenklasse m\u00e4nnlich und siegte dabei mit knapp 4 Sekunden Vorsprung in zwei Wertungsl\u00e4ufen mit einer Gesamtzeit von 8:08,4 Minuten. Dabei lief er im 1. Lauf am Samstagvormittag die schnellste Zeit aller Athleten. Am Sonntag lief er zusammen mit Alena Weinmann (SC Gosheim) das Single-Mixed Rennen in der Juniorenklasse f\u00fcr das Team Deutschland. Die beiden holten sich hier die Goldmedaille mit komfortablem Vorsprung von 19,3 Sekunden in einer Gesamtzeit von 14:31,5 Minuten nach zwei Wertungsl\u00e4ufen. Nach zwei nationalen Sichtungswettk\u00e4mpfen fuhr eine Abordnung von acht Athleten des DSB zur World Tour nach Italien, um sich mit den Athleten aus Italien, Ungarn, Schweiz und D\u00e4nemark zu messen. Die erste Station der World Tour der International Shooting Sport Federation im Jahr 2025 war zugleich eine erste Standortbestimmung f\u00fcr die deutschen Target Sprinter zur Vorbereitung f\u00fcr die Weltmeisterschaft im November in Kairo. Der n\u00e4chste Termin der World Tour ist w\u00e4hrend der Deutschen Meisterschaft Target Sprint vom 25.-27.07.25 bei uns in Haibach im Stadion an der Kultur- und Sporthalle.<\/p>\n<p><img loading=\"lazy\" decoding=\"async\" class=\"alignnone size-large wp-image-3193\" src=\"https:\/\/schuetzenverein-haibach.de\/wp-content\/uploads\/2025\/05\/VideoCapture_20250512-155107-748x1024.jpg\" alt=\"\" width=\"720\" height=\"986\" srcset=\"https:\/\/schuetzenverein-haibach.de\/wp-content\/uploads\/2025\/05\/VideoCapture_20250512-155107-748x1024.jpg 748w, https:\/\/schuetzenverein-haibach.de\/wp-content\/uploads\/2025\/05\/VideoCapture_20250512-155107-219x300.jpg 219w, https:\/\/schuetzenverein-haibach.de\/wp-content\/uploads\/2025\/05\/VideoCapture_20250512-155107-768x1051.jpg 768w, https:\/\/schuetzenverein-haibach.de\/wp-content\/uploads\/2025\/05\/VideoCapture_20250512-155107-1122x1536.jpg 1122w, https:\/\/schuetzenverein-haibach.de\/wp-content\/uploads\/2025\/05\/VideoCapture_20250512-155107-1496x2048.jpg 1496w, https:\/\/schuetzenverein-haibach.de\/wp-content\/uploads\/2025\/05\/VideoCapture_20250512-155107-scaled.jpg 1870w\" sizes=\"auto, (max-width: 720px) 100vw, 720px\" \/> <img loading=\"lazy\" decoding=\"async\" class=\"alignnone size-large wp-image-3195\" src=\"https:\/\/schuetzenverein-haibach.de\/wp-content\/uploads\/2025\/05\/IMG-20250510-WA0008-768x1024.jpg\" alt=\"\" width=\"720\" height=\"960\" \/><\/p>\n<hr \/>\n<h2><strong>Doppelgold und einmal Bronze f\u00fcr Lukas B\u00fcrki beim ISSF Weltcup in Hombrechtikon<\/strong><\/h2>\n<p>Am letzten Juni Wochenende fuhr Lukas B\u00fcrki als Teil des DSB-Teams bestehend aus 8 Athleten zum n\u00e4chsten Weltcup nach Hombrechtikon (Schweiz). Dieser fand in der Stadtmitte auf dem Bahnh\u00f6fliplatz statt.<br \/>\nNominiert wurde er von der Bundestrainerin nach seinen erfolgreichen Rennen bei der Target Sprint Trophy in Suhl.<br \/>\nAm Samstag wurden die Einzelrennen ausgetragen, am Sonntag folgten die Wettbewerbe f\u00fcr die Single Mixed Teams und das Mixed Team. Lukas qualifizierte sich als Vorlaufsieger f\u00fcr das Finale. Dieses gewann er mit der klassen\u00fcbergreifenden Tagesbestzeit von 4:17:24 min und mit einem Vorsprung von f\u00fcnf Sekunden vor seinem Nationalkaderkollegen Julius Hofmann (Th\u00fcringen). Die beiden deutschen Athleten verwiesen mit ihren hervorragenden Leistungen das gesamte internationale Teilnehmerfeld auf die restlichen Pl\u00e4tze.<br \/>\nAm Sonntag startete Lukas zusammen mit Alena Weinmann (W\u00fcrttemberg) f\u00fcr das Team Germany 3 bei den Single-Mixed Teams in der offenen Klasse. Hier gab es ein gesamtdeutsches Podest, das von der Mannschaft Germany 1 angef\u00fchrt wurde. Darauf folgte das Team Germany 4. Lukas und Alena wurden Dritte in einem starken Feld. Auch beim Mixed-Team, bei dem drei Sportler pro Team starten, gab es nur eine offene Klasse. Lukas konnte zusammen mit Alena Weinmann und Julius Hofmann als Juniorenteam Germany 2 das deutsche Senior-Team Germany 1 auf Platz 2 verdr\u00e4ngen.<br \/>\nDen Zuschauern wurden bei einer tollen Atmosph\u00e4re spannende Wettk\u00e4mpfe geboten und die Ergebnisse lassen auf eine erfolgreiche deutsche Meisterschaft in Hatten (Oldenburg) Anfang August hoffen.<\/p>\n<p><strong>Herzlichen Gl\u00fcckwunsch zu dieser Leistung!<\/strong><\/p>\n<p><img loading=\"lazy\" decoding=\"async\" class=\"alignnone size-large wp-image-2758\" src=\"https:\/\/schuetzenverein-haibach.de\/wp-content\/uploads\/2024\/07\/2024_Hombrechtikon-508-1024x678.jpg\" alt=\"\" width=\"720\" height=\"477\" srcset=\"https:\/\/schuetzenverein-haibach.de\/wp-content\/uploads\/2024\/07\/2024_Hombrechtikon-508-1024x678.jpg 1024w, https:\/\/schuetzenverein-haibach.de\/wp-content\/uploads\/2024\/07\/2024_Hombrechtikon-508-300x199.jpg 300w, https:\/\/schuetzenverein-haibach.de\/wp-content\/uploads\/2024\/07\/2024_Hombrechtikon-508-768x509.jpg 768w, https:\/\/schuetzenverein-haibach.de\/wp-content\/uploads\/2024\/07\/2024_Hombrechtikon-508-1536x1017.jpg 1536w, https:\/\/schuetzenverein-haibach.de\/wp-content\/uploads\/2024\/07\/2024_Hombrechtikon-508-2048x1356.jpg 2048w\" sizes=\"auto, (max-width: 720px) 100vw, 720px\" \/> <img loading=\"lazy\" decoding=\"async\" class=\"alignnone size-large wp-image-2763\" src=\"https:\/\/schuetzenverein-haibach.de\/wp-content\/uploads\/2024\/07\/2024_Hombrechtikon-906-Kopie-1024x678.jpg\" alt=\"\" width=\"720\" height=\"477\" srcset=\"https:\/\/schuetzenverein-haibach.de\/wp-content\/uploads\/2024\/07\/2024_Hombrechtikon-906-Kopie-1024x678.jpg 1024w, https:\/\/schuetzenverein-haibach.de\/wp-content\/uploads\/2024\/07\/2024_Hombrechtikon-906-Kopie-300x199.jpg 300w, https:\/\/schuetzenverein-haibach.de\/wp-content\/uploads\/2024\/07\/2024_Hombrechtikon-906-Kopie-768x509.jpg 768w, https:\/\/schuetzenverein-haibach.de\/wp-content\/uploads\/2024\/07\/2024_Hombrechtikon-906-Kopie-1536x1017.jpg 1536w, https:\/\/schuetzenverein-haibach.de\/wp-content\/uploads\/2024\/07\/2024_Hombrechtikon-906-Kopie-2048x1356.jpg 2048w\" sizes=\"auto, (max-width: 720px) 100vw, 720px\" \/> <img loading=\"lazy\" decoding=\"async\" class=\"alignnone size-large wp-image-2762\" src=\"https:\/\/schuetzenverein-haibach.de\/wp-content\/uploads\/2024\/07\/2024_Hombrechtikon-909-Kopie-1024x678.jpg\" alt=\"\" width=\"720\" height=\"477\" srcset=\"https:\/\/schuetzenverein-haibach.de\/wp-content\/uploads\/2024\/07\/2024_Hombrechtikon-909-Kopie-1024x678.jpg 1024w, https:\/\/schuetzenverein-haibach.de\/wp-content\/uploads\/2024\/07\/2024_Hombrechtikon-909-Kopie-300x199.jpg 300w, https:\/\/schuetzenverein-haibach.de\/wp-content\/uploads\/2024\/07\/2024_Hombrechtikon-909-Kopie-768x509.jpg 768w, https:\/\/schuetzenverein-haibach.de\/wp-content\/uploads\/2024\/07\/2024_Hombrechtikon-909-Kopie-1536x1017.jpg 1536w, https:\/\/schuetzenverein-haibach.de\/wp-content\/uploads\/2024\/07\/2024_Hombrechtikon-909-Kopie-2048x1356.jpg 2048w\" sizes=\"auto, (max-width: 720px) 100vw, 720px\" \/> <img loading=\"lazy\" decoding=\"async\" class=\"alignnone size-large wp-image-2760\" src=\"https:\/\/schuetzenverein-haibach.de\/wp-content\/uploads\/2024\/07\/2024_Hombrechtikon-885-Kopie-1024x678.jpg\" alt=\"\" width=\"720\" height=\"477\" srcset=\"https:\/\/schuetzenverein-haibach.de\/wp-content\/uploads\/2024\/07\/2024_Hombrechtikon-885-Kopie-1024x678.jpg 1024w, https:\/\/schuetzenverein-haibach.de\/wp-content\/uploads\/2024\/07\/2024_Hombrechtikon-885-Kopie-300x199.jpg 300w, https:\/\/schuetzenverein-haibach.de\/wp-content\/uploads\/2024\/07\/2024_Hombrechtikon-885-Kopie-768x509.jpg 768w, https:\/\/schuetzenverein-haibach.de\/wp-content\/uploads\/2024\/07\/2024_Hombrechtikon-885-Kopie-1536x1017.jpg 1536w, https:\/\/schuetzenverein-haibach.de\/wp-content\/uploads\/2024\/07\/2024_Hombrechtikon-885-Kopie-2048x1356.jpg 2048w\" sizes=\"auto, (max-width: 720px) 100vw, 720px\" \/> <img loading=\"lazy\" decoding=\"async\" class=\"alignnone size-large wp-image-2759\" src=\"https:\/\/schuetzenverein-haibach.de\/wp-content\/uploads\/2024\/07\/TS_07H_SUI_WC_100-1024x488.jpg\" alt=\"\" width=\"720\" height=\"343\" srcset=\"https:\/\/schuetzenverein-haibach.de\/wp-content\/uploads\/2024\/07\/TS_07H_SUI_WC_100-1024x488.jpg 1024w, https:\/\/schuetzenverein-haibach.de\/wp-content\/uploads\/2024\/07\/TS_07H_SUI_WC_100-300x143.jpg 300w, https:\/\/schuetzenverein-haibach.de\/wp-content\/uploads\/2024\/07\/TS_07H_SUI_WC_100-768x366.jpg 768w, https:\/\/schuetzenverein-haibach.de\/wp-content\/uploads\/2024\/07\/TS_07H_SUI_WC_100-1536x731.jpg 1536w, https:\/\/schuetzenverein-haibach.de\/wp-content\/uploads\/2024\/07\/TS_07H_SUI_WC_100-2048x975.jpg 2048w\" sizes=\"auto, (max-width: 720px) 100vw, 720px\" \/><\/p>\n<hr \/>\n<h2 class=\"entry-title\"><strong>Lukas B\u00fcrki holt Doppel-Gold bei seinem ersten Weltcup Start in Auer (S\u00fcdtirol)<\/strong><\/h2>\n<p>Am Pfingstwochenende fuhr Lukas B\u00fcrki mit der DSB-Equipe bestehend aus 12 Athleten zum diesj\u00e4hrigen Weltcup nach Auer (S\u00fcdtirol) in die dortige Target-Sprint Arena.<br \/>\nNominiert wurde er von der Bundestrainerin nach seinem Doppelsieg (im Einzelrennen und im Single Mixed Team zusammen mit Hanna Cruchten f\u00fcr Haibach) bei der bayerischen Meisterschaft Anfang Mai in Reisbach.<br \/>\nAm Samstag wurden die Einzelrennen ausgetragen, am Sonntag folgten die Wettbewerbe f\u00fcr die Single Mixed Teams. Lukas qualifizierte sich als Vorlaufsieger f\u00fcr das Finale. Dieses gewann er in einer Zeit von 4:07:48 min mit einem Vorsprung von vier Sekunden vor seinen Nationalkaderkollegen Benjamin Guggenmos und Christoph Limmer. Die drei deutschen Athleten verwiesen mit ihren hervorragenden Leistungen das gesamte internationale Teilnehmerfeld auf die restlichen Pl\u00e4tze. Am Sonntag startete Lukas zusammen mit Alena Weinmann (W\u00fcrttemberg) f\u00fcr das Team GER 1. Auch hier gab es ein gesamtdeutsches Podest, das von der Mannschaft GER 1 mit knappem Vorsprung von 1,3 Sekunden (aus zwei Wertungsl\u00e4ufen) angef\u00fchrt wurde. Moderiert wurden die Wettk\u00e4mpfe vom Stadionsprecher des Biathlonzentrums aus Antholz.<\/p>\n<p>Spannende Wettk\u00e4mpfe wurden den Zuschauern vor einer wundersch\u00f6nen Kulisse bei herrlichem Pfingstwetter geboten und die Ergebnisse lassen aus bayerischer Sicht auf eine erfolgreiche Weltmeisterschaft in Dingolfing Mitte Juli 2024 hoffen.<br \/>\nDer n\u00e4chste Weltcup findet vom 28-30. Juni 2024 in Hombrechtikon bei Z\u00fcrich in der Schweiz statt. Die Nominierung der deutschen Athleten hierf\u00fcr erfolgt nach der DSB-Trophy in Suhl (15.\/16.06).<\/p>\n<p><strong>Herzlichen Gl\u00fcckwunsch zu dieser Leistung!<\/strong><\/p>\n<p><img loading=\"lazy\" decoding=\"async\" class=\"alignnone size-large wp-image-2725\" src=\"https:\/\/schuetzenverein-haibach.de\/wp-content\/uploads\/2024\/05\/WC-Auer-Lukas-Buerki-Einzelsieg-Kopie-1024x768.jpg\" alt=\"\" width=\"720\" height=\"540\" srcset=\"https:\/\/schuetzenverein-haibach.de\/wp-content\/uploads\/2024\/05\/WC-Auer-Lukas-Buerki-Einzelsieg-Kopie-1024x768.jpg 1024w, https:\/\/schuetzenverein-haibach.de\/wp-content\/uploads\/2024\/05\/WC-Auer-Lukas-Buerki-Einzelsieg-Kopie-300x225.jpg 300w, https:\/\/schuetzenverein-haibach.de\/wp-content\/uploads\/2024\/05\/WC-Auer-Lukas-Buerki-Einzelsieg-Kopie-768x576.jpg 768w, https:\/\/schuetzenverein-haibach.de\/wp-content\/uploads\/2024\/05\/WC-Auer-Lukas-Buerki-Einzelsieg-Kopie-1536x1152.jpg 1536w, https:\/\/schuetzenverein-haibach.de\/wp-content\/uploads\/2024\/05\/WC-Auer-Lukas-Buerki-Einzelsieg-Kopie-2048x1536.jpg 2048w\" sizes=\"auto, (max-width: 720px) 100vw, 720px\" \/> <img loading=\"lazy\" decoding=\"async\" class=\"alignnone wp-image-2730 size-large\" src=\"https:\/\/schuetzenverein-haibach.de\/wp-content\/uploads\/2024\/05\/Siegerehrung-Junior-Men-scaled-e1719861696736-814x1024.jpg\" alt=\"\" width=\"720\" height=\"906\" srcset=\"https:\/\/schuetzenverein-haibach.de\/wp-content\/uploads\/2024\/05\/Siegerehrung-Junior-Men-scaled-e1719861696736-814x1024.jpg 814w, https:\/\/schuetzenverein-haibach.de\/wp-content\/uploads\/2024\/05\/Siegerehrung-Junior-Men-scaled-e1719861696736-238x300.jpg 238w, https:\/\/schuetzenverein-haibach.de\/wp-content\/uploads\/2024\/05\/Siegerehrung-Junior-Men-scaled-e1719861696736-768x966.jpg 768w, https:\/\/schuetzenverein-haibach.de\/wp-content\/uploads\/2024\/05\/Siegerehrung-Junior-Men-scaled-e1719861696736-1221x1536.jpg 1221w, https:\/\/schuetzenverein-haibach.de\/wp-content\/uploads\/2024\/05\/Siegerehrung-Junior-Men-scaled-e1719861696736-1628x2048.jpg 1628w, https:\/\/schuetzenverein-haibach.de\/wp-content\/uploads\/2024\/05\/Siegerehrung-Junior-Men-scaled-e1719861696736.jpg 1706w\" sizes=\"auto, (max-width: 720px) 100vw, 720px\" \/> <img loading=\"lazy\" decoding=\"async\" class=\"alignnone size-large wp-image-2738\" src=\"https:\/\/schuetzenverein-haibach.de\/wp-content\/uploads\/2024\/05\/20240519_151505-1024x768.jpg\" alt=\"\" width=\"720\" height=\"540\" srcset=\"https:\/\/schuetzenverein-haibach.de\/wp-content\/uploads\/2024\/05\/20240519_151505-1024x768.jpg 1024w, https:\/\/schuetzenverein-haibach.de\/wp-content\/uploads\/2024\/05\/20240519_151505-300x225.jpg 300w, https:\/\/schuetzenverein-haibach.de\/wp-content\/uploads\/2024\/05\/20240519_151505-768x576.jpg 768w, https:\/\/schuetzenverein-haibach.de\/wp-content\/uploads\/2024\/05\/20240519_151505-1536x1152.jpg 1536w, https:\/\/schuetzenverein-haibach.de\/wp-content\/uploads\/2024\/05\/20240519_151505.jpg 1902w\" sizes=\"auto, (max-width: 720px) 100vw, 720px\" \/> <img loading=\"lazy\" decoding=\"async\" class=\"alignnone size-large wp-image-2739\" src=\"https:\/\/schuetzenverein-haibach.de\/wp-content\/uploads\/2024\/05\/20240519_141047-1024x768.jpg\" alt=\"\" width=\"720\" height=\"540\" srcset=\"https:\/\/schuetzenverein-haibach.de\/wp-content\/uploads\/2024\/05\/20240519_141047-1024x768.jpg 1024w, https:\/\/schuetzenverein-haibach.de\/wp-content\/uploads\/2024\/05\/20240519_141047-300x225.jpg 300w, https:\/\/schuetzenverein-haibach.de\/wp-content\/uploads\/2024\/05\/20240519_141047-768x576.jpg 768w, https:\/\/schuetzenverein-haibach.de\/wp-content\/uploads\/2024\/05\/20240519_141047-1536x1152.jpg 1536w, https:\/\/schuetzenverein-haibach.de\/wp-content\/uploads\/2024\/05\/20240519_141047-2048x1536.jpg 2048w\" sizes=\"auto, (max-width: 720px) 100vw, 720px\" \/> <img loading=\"lazy\" decoding=\"async\" class=\"alignnone size-large wp-image-2724\" src=\"https:\/\/schuetzenverein-haibach.de\/wp-content\/uploads\/2024\/05\/Lukas-Buerki-und-Christoph-Limmer-am-Schiessstand-Kopie-768x1024.jpg\" alt=\"\" width=\"720\" height=\"960\" srcset=\"https:\/\/schuetzenverein-haibach.de\/wp-content\/uploads\/2024\/05\/Lukas-Buerki-und-Christoph-Limmer-am-Schiessstand-Kopie-768x1024.jpg 768w, https:\/\/schuetzenverein-haibach.de\/wp-content\/uploads\/2024\/05\/Lukas-Buerki-und-Christoph-Limmer-am-Schiessstand-Kopie-225x300.jpg 225w, https:\/\/schuetzenverein-haibach.de\/wp-content\/uploads\/2024\/05\/Lukas-Buerki-und-Christoph-Limmer-am-Schiessstand-Kopie-1152x1536.jpg 1152w, https:\/\/schuetzenverein-haibach.de\/wp-content\/uploads\/2024\/05\/Lukas-Buerki-und-Christoph-Limmer-am-Schiessstand-Kopie-1536x2048.jpg 1536w, https:\/\/schuetzenverein-haibach.de\/wp-content\/uploads\/2024\/05\/Lukas-Buerki-und-Christoph-Limmer-am-Schiessstand-Kopie-scaled.jpg 1920w\" sizes=\"auto, (max-width: 720px) 100vw, 720px\" \/><\/p>\n<hr \/>\n<h2><strong>Lukas B\u00fcrki gewinnt seinen ersten internationalen Titel &#8211; mit Gold und Silber erfolgreich beim ISSF Grand Prix Target Sprint in Ungarn<\/strong><\/h2>\n<p>Beim ISSF Grand Prix Target Sprint im ungarischen H\u00f3dmez\u0151v\u00e1s\u00e1rhely (20.\/21. April) startete Lukas B\u00fcrki in seinem ersten Einsatz f\u00fcr die Deutsche Nationalmannschaft am Samstag im Einzelrennen in der Juniorenklasse m\u00e4nnlich und belegte dabei mit knapp 3 Sekunden R\u00fcckstand auf den Sieger in einer Zeit von 4:06,54 Minuten einen hervorragenden 2. Platz in einem Starterfeld von 12 Biathleten. Am Sonntag lief er zusammen mit Jana Landwehr (Dortmund) bei den Erwachsenen das Single-Mixed Rennen, bestehend aus 9 Mixed-Teams. Die beiden holten sich hier die Goldmedaille mit komfortablem Vorsprung von \u00fcber 16 Sekunden in einer Zeit von 7:23,00 Minuten. Nach zwei nationalen Sichtungswettk\u00e4mpfen fuhr eine Abordnung von sieben Athleten des DSB zum Grand Prix nach Ungarn, um sich mit den Athleten aus Italien, Ungarn, Serbien, Schweiz und Gro\u00dfbritannien zu messen. Der erste Grand Prix der International Shooting Sport F\u00e9d\u00e9ration im Jahr 2024 war zugleich eine erste Standortbestimmung f\u00fcr die deutschen Target Sprinter zur Vorbereitung f\u00fcr die Weltmeisterschaft im Juli in Dingolfing. Die endg\u00fcltige Nominierung der Biathleten zur WM erfolgt erst im Juni. Nach jedem Wettkampf wird von der Nationaltrainerin festgelegt, wer zu den internationalen Weltcups f\u00e4hrt.<br \/>\nDie kommenden Stationen auf dem Weg zur Heim-WM<\/p>\n<p>&#8211; DSB-Trophy und Bayerische Meisterschaft in Reisbach (Niederbayern) 04.-05.05.2024<br \/>\n&#8211; ISSF Weltcup Auer\/S\u00fcdtirol, ITA 17.-19.05.2024<br \/>\n&#8211; DSB-Trophy Steinwenden 02.06.2024<br \/>\n&#8211; DSB-Trophy Suhl 15.-16.06.2024<br \/>\n&#8211; ISSF Weltcup Hombrechtikon (Z\u00fcrich), CH 28.-30.06.2024<br \/>\n&#8211; ISSF Weltmeisterschaft Dingolfing 18.-21.07.2024<\/p>\n<p>Ein langer, intensiver Weg zur WM, bei der die deutschen Athleten dann in Top-Form sein wollen, um ganz vorne mitzumischen.<\/p>\n<p><strong>Herzliche Gl\u00fcckw\u00fcnsche zu dieser Leistung!<\/strong><\/p>\n<p><img loading=\"lazy\" decoding=\"async\" class=\"alignnone wp-image-2651 size-large\" src=\"https:\/\/schuetzenverein-haibach.de\/wp-content\/uploads\/2024\/04\/image2-scaled-e1713802484697-1024x947.jpeg\" alt=\"\" width=\"720\" height=\"666\" srcset=\"https:\/\/schuetzenverein-haibach.de\/wp-content\/uploads\/2024\/04\/image2-scaled-e1713802484697-1024x947.jpeg 1024w, https:\/\/schuetzenverein-haibach.de\/wp-content\/uploads\/2024\/04\/image2-scaled-e1713802484697-300x278.jpeg 300w, https:\/\/schuetzenverein-haibach.de\/wp-content\/uploads\/2024\/04\/image2-scaled-e1713802484697-768x711.jpeg 768w, https:\/\/schuetzenverein-haibach.de\/wp-content\/uploads\/2024\/04\/image2-scaled-e1713802484697-1536x1421.jpeg 1536w, https:\/\/schuetzenverein-haibach.de\/wp-content\/uploads\/2024\/04\/image2-scaled-e1713802484697.jpeg 1817w\" sizes=\"auto, (max-width: 720px) 100vw, 720px\" \/><\/p>\n<p><img loading=\"lazy\" decoding=\"async\" class=\"alignnone size-large wp-image-2656\" src=\"https:\/\/schuetzenverein-haibach.de\/wp-content\/uploads\/2024\/04\/image5-1-scaled-e1713802716871-978x1024.jpeg\" alt=\"\" width=\"720\" height=\"754\" srcset=\"https:\/\/schuetzenverein-haibach.de\/wp-content\/uploads\/2024\/04\/image5-1-scaled-e1713802716871-978x1024.jpeg 978w, https:\/\/schuetzenverein-haibach.de\/wp-content\/uploads\/2024\/04\/image5-1-scaled-e1713802716871-286x300.jpeg 286w, https:\/\/schuetzenverein-haibach.de\/wp-content\/uploads\/2024\/04\/image5-1-scaled-e1713802716871-768x804.jpeg 768w, https:\/\/schuetzenverein-haibach.de\/wp-content\/uploads\/2024\/04\/image5-1-scaled-e1713802716871-1466x1536.jpeg 1466w, https:\/\/schuetzenverein-haibach.de\/wp-content\/uploads\/2024\/04\/image5-1-scaled-e1713802716871.jpeg 1600w\" sizes=\"auto, (max-width: 720px) 100vw, 720px\" \/><\/p>\n<hr \/>\n<h2 style=\"padding-left: 40px;\"><strong>Zwei mal Silber f\u00fcr Lukas B\u00fcrki beim Internationalen Target Sprint in Hombrechtikon (SUI)<\/strong><\/h2>\n<p>W\u00e4hrend Paula Dieser vom 30. Juli bis zum 1. Juni f\u00fcr Haibach bei den Bayerischen Meisterschaften Sommerbiathlon in Neubau erfolgreich an den Start ging (<a href=\"https:\/\/schuetzenverein-haibach.de\/?p=2181\">Bericht<\/a>), durfte Lukas B\u00fcrki in Hombrechtikon in der Schweiz beim Internationalen Target Sprint zusammen mit sieben anderen Atlethen Deutschland vertreten.<\/p>\n<p>Am Freitag startete der Wettkampf mit den Single-Mixed-Staffeln. Lukas landete hier zusammen mit seiner Patnerin Hanna Cruchten, nach einem spannenden Rennen auf Platz zwei, obwohl sie nach dem ersten Schie\u00dfen nur auf Platz vier lagen. Dank Hannas schnellen Schie\u00dfens und Lukas&#8216; guter Laufleistung konnten sie den R\u00fcckstand aufholen und mussten sich nur Eva Cruchten und Christoph Limmer (ebenfalls aus Deutschland) geschlagen geben.<\/p>\n<p>Am Samstag folgten die Einzelrennen, auch hier war es wieder sehr spannend. Lukas konnte, dank seines fehlerfreien Schie\u00dfens, den ersten der zwei Wertungsl\u00e4ufe f\u00fcr sich entscheiden und hatte so einen Vorsprung von zwei Sekunden auf Christoph Limmer. Im zweiten Wertungslauf blieb Lukas wieder fehlerfrei, doch Christophs Laufzeiten waren zu stark und Lukas wurde mit insgesamt 6 Sekunden R\u00fcckstand Zweiter.<\/p>\n<p>Insgesamt ein sehr erfolgreicher Wettkampf f\u00fcr Lukas&#8216; ersten Internationalen Target Sprint, zumal er der J\u00fcngste in seiner Altersklasse Junior Men war.<\/p>\n<p><img loading=\"lazy\" decoding=\"async\" class=\"alignnone size-large wp-image-2150\" src=\"https:\/\/schuetzenverein-haibach.de\/wp-content\/uploads\/2023\/07\/20230701_164358-1024x768.jpg\" alt=\"\" width=\"720\" height=\"540\" srcset=\"https:\/\/schuetzenverein-haibach.de\/wp-content\/uploads\/2023\/07\/20230701_164358-1024x768.jpg 1024w, https:\/\/schuetzenverein-haibach.de\/wp-content\/uploads\/2023\/07\/20230701_164358-300x225.jpg 300w, https:\/\/schuetzenverein-haibach.de\/wp-content\/uploads\/2023\/07\/20230701_164358-768x576.jpg 768w, https:\/\/schuetzenverein-haibach.de\/wp-content\/uploads\/2023\/07\/20230701_164358-1536x1152.jpg 1536w, https:\/\/schuetzenverein-haibach.de\/wp-content\/uploads\/2023\/07\/20230701_164358-2048x1536.jpg 2048w\" sizes=\"auto, (max-width: 720px) 100vw, 720px\" \/> <img loading=\"lazy\" decoding=\"async\" class=\"alignnone size-large wp-image-2149\" src=\"https:\/\/schuetzenverein-haibach.de\/wp-content\/uploads\/2023\/07\/60_TS-Junioren_Mixed-Open_095-1024x663.jpg\" alt=\"\" width=\"720\" height=\"466\" srcset=\"https:\/\/schuetzenverein-haibach.de\/wp-content\/uploads\/2023\/07\/60_TS-Junioren_Mixed-Open_095-1024x663.jpg 1024w, https:\/\/schuetzenverein-haibach.de\/wp-content\/uploads\/2023\/07\/60_TS-Junioren_Mixed-Open_095-300x194.jpg 300w, https:\/\/schuetzenverein-haibach.de\/wp-content\/uploads\/2023\/07\/60_TS-Junioren_Mixed-Open_095-768x497.jpg 768w, https:\/\/schuetzenverein-haibach.de\/wp-content\/uploads\/2023\/07\/60_TS-Junioren_Mixed-Open_095-1536x995.jpg 1536w, https:\/\/schuetzenverein-haibach.de\/wp-content\/uploads\/2023\/07\/60_TS-Junioren_Mixed-Open_095-2048x1327.jpg 2048w\" sizes=\"auto, (max-width: 720px) 100vw, 720px\" \/> <img loading=\"lazy\" decoding=\"async\" class=\"alignnone size-large wp-image-2148\" src=\"https:\/\/schuetzenverein-haibach.de\/wp-content\/uploads\/2023\/07\/45_TS_Lauf-2-2_015-968x1024.jpg\" alt=\"\" width=\"720\" height=\"762\" srcset=\"https:\/\/schuetzenverein-haibach.de\/wp-content\/uploads\/2023\/07\/45_TS_Lauf-2-2_015-968x1024.jpg 968w, https:\/\/schuetzenverein-haibach.de\/wp-content\/uploads\/2023\/07\/45_TS_Lauf-2-2_015-284x300.jpg 284w, https:\/\/schuetzenverein-haibach.de\/wp-content\/uploads\/2023\/07\/45_TS_Lauf-2-2_015-768x812.jpg 768w, https:\/\/schuetzenverein-haibach.de\/wp-content\/uploads\/2023\/07\/45_TS_Lauf-2-2_015-1453x1536.jpg 1453w, https:\/\/schuetzenverein-haibach.de\/wp-content\/uploads\/2023\/07\/45_TS_Lauf-2-2_015.jpg 1482w\" sizes=\"auto, (max-width: 720px) 100vw, 720px\" \/><\/p>\n","protected":false},"excerpt":{"rendered":"<p>Weitere Bilder zu den Wettk\u00e4mpfen sind in der Bildergalerie Sommerbiathlon\/Target Sprint\u00a0zu finden. Berichte International: Lukas B\u00fcrki gewinnt 2x Gold bei der ISSF World Tour Target Sprint in Auer\/S\u00fcdtirol Bei der ersten Station der ISSF World Tour Target Sprint in Auer\/S\u00fcdtirol (10.\/11.05.25) startete Lukas B\u00fcrki f\u00fcr das Team Deutschland am Samstag im Einzelrennen in der Juniorenklasse [&hellip;]<\/p>\n","protected":false},"author":5,"featured_media":0,"parent":0,"menu_order":0,"comment_status":"closed","ping_status":"closed","template":"","meta":{"footnotes":""},"class_list":["post-2129","page","type-page","status-publish","hentry"],"_links":{"self":[{"href":"https:\/\/schuetzenverein-haibach.de\/index.php?rest_route=\/wp\/v2\/pages\/2129","targetHints":{"allow":["GET"]}}],"collection":[{"href":"https:\/\/schuetzenverein-haibach.de\/index.php?rest_route=\/wp\/v2\/pages"}],"about":[{"href":"https:\/\/schuetzenverein-haibach.de\/index.php?rest_route=\/wp\/v2\/types\/page"}],"author":[{"embeddable":true,"href":"https:\/\/schuetzenverein-haibach.de\/index.php?rest_route=\/wp\/v2\/users\/5"}],"replies":[{"embeddable":true,"href":"https:\/\/schuetzenverein-haibach.de\/index.php?rest_route=%2Fwp%2Fv2%2Fcomments&post=2129"}],"version-history":[{"count":20,"href":"https:\/\/schuetzenverein-haibach.de\/index.php?rest_route=\/wp\/v2\/pages\/2129\/revisions"}],"predecessor-version":[{"id":3197,"href":"https:\/\/schuetzenverein-haibach.de\/index.php?rest_route=\/wp\/v2\/pages\/2129\/revisions\/3197"}],"wp:attachment":[{"href":"https:\/\/schuetzenverein-haibach.de\/index.php?rest_route=%2Fwp%2Fv2%2Fmedia&parent=2129"}],"curies":[{"name":"wp","href":"https:\/\/api.w.org\/{rel}","templated":true}]}}