{"id":2128,"date":"2023-07-14T17:19:07","date_gmt":"2023-07-14T15:19:07","guid":{"rendered":"https:\/\/schuetzenverein-haibach.de\/?page_id=2128"},"modified":"2023-07-31T15:59:31","modified_gmt":"2023-07-31T13:59:31","slug":"national","status":"publish","type":"page","link":"https:\/\/schuetzenverein-haibach.de\/?page_id=2128","title":{"rendered":"Disziplin Target Sprint"},"content":{"rendered":"<hr \/>\n<p><strong>Was ist Target Sprint?<\/strong><\/p>\n<p>Der Target Sprint ist noch eine recht junge Disziplin, in welcher der internationale Dachverband ISSF seit 2017 internationale Meisterschaften austr\u00e4gt.<\/p>\n<p>Target Sprint wird auf der Kurzdistanz von dreimal 400m-Laufrunden ausgetragen. Nach der ersten und zweiten Runde ist jeweils ein Stehendschie\u00dfen zu absolvieren, ehe der Athlet nach der dritten Laufrunde ins Ziel l\u00e4uft. Im Gegensatz zum Sommerbiathlon werden alle Wettkampfformen des Target-Sprints (Einzel, 3er-Team und Mixed-Team) als Massenstartrennen durchgef\u00fchrt, in denen max. 12 Sportler in einem Lauf gegeneinander antreten. \u00dcber Qualifikationsl\u00e4ufe (z.B. Halbfinale, Vorlauf, usw.) qualifizieren sich die zeitschnellsten Sportler bzw. Teams f\u00fcr die Finals. Die Streckenl\u00e4nge und der Ablaufmodus sind f\u00fcr alle Altersklassen gleich. Das Schie\u00dfen erfolgt mit Druckluftwaffen. Es sind zweimal bis zu 15 Schuss, welche einzeln nachgeladen werden m\u00fcssen, f\u00fcr f\u00fcnf zu treffende Ziele abzugeben. Sollten nach Abgabe des 15. Schusses noch nicht alle Scheiben getroffen sein, muss der Sportler eine Zeitstrafe von 15 Sekunden in der sogenannten \u201ePenalty Box\u201c absitzen, bevor er die n\u00e4chste Laufrunde absolvieren darf. Ziel des Verbandes ist es, Target-Sprint bis 2028 als olympische Disziplin in Los Angeles zu platzieren!<\/p>\n<hr \/>\n<h2><strong>Berichte:<\/strong><\/h2>\n<p><a href=\"https:\/\/schuetzenverein-haibach.de\/?page_id=2066\">Berichte National<\/a><\/p>\n<p><a href=\"https:\/\/schuetzenverein-haibach.de\/?page_id=2129\">Berichte International<\/a><\/p>\n<hr \/>\n<p><strong>Schie\u00dfen beim Target Sprint:<\/strong><\/p>\n<div style=\"width: 720px;\" class=\"wp-video\"><video class=\"wp-video-shortcode\" id=\"video-2128-1\" width=\"720\" height=\"405\" preload=\"metadata\" controls=\"controls\"><source type=\"video\/mp4\" src=\"https:\/\/schuetzenverein-haibach.de\/wp-content\/uploads\/2023\/07\/20230406_215633.mp4?_=1\" \/><a href=\"https:\/\/schuetzenverein-haibach.de\/wp-content\/uploads\/2023\/07\/20230406_215633.mp4\">https:\/\/schuetzenverein-haibach.de\/wp-content\/uploads\/2023\/07\/20230406_215633.mp4<\/a><\/video><\/div>\n","protected":false},"excerpt":{"rendered":"<p>Was ist Target Sprint? Der Target Sprint ist noch eine recht junge Disziplin, in welcher der internationale Dachverband ISSF seit 2017 internationale Meisterschaften austr\u00e4gt. Target Sprint wird auf der Kurzdistanz von dreimal 400m-Laufrunden ausgetragen. Nach der ersten und zweiten Runde ist jeweils ein Stehendschie\u00dfen zu absolvieren, ehe der Athlet nach der dritten Laufrunde ins Ziel [&hellip;]<\/p>\n","protected":false},"author":5,"featured_media":0,"parent":0,"menu_order":0,"comment_status":"closed","ping_status":"closed","template":"","meta":{"footnotes":""},"class_list":["post-2128","page","type-page","status-publish","hentry"],"_links":{"self":[{"href":"https:\/\/schuetzenverein-haibach.de\/index.php?rest_route=\/wp\/v2\/pages\/2128","targetHints":{"allow":["GET"]}}],"collection":[{"href":"https:\/\/schuetzenverein-haibach.de\/index.php?rest_route=\/wp\/v2\/pages"}],"about":[{"href":"https:\/\/schuetzenverein-haibach.de\/index.php?rest_route=\/wp\/v2\/types\/page"}],"author":[{"embeddable":true,"href":"https:\/\/schuetzenverein-haibach.de\/index.php?rest_route=\/wp\/v2\/users\/5"}],"replies":[{"embeddable":true,"href":"https:\/\/schuetzenverein-haibach.de\/index.php?rest_route=%2Fwp%2Fv2%2Fcomments&post=2128"}],"version-history":[{"count":6,"href":"https:\/\/schuetzenverein-haibach.de\/index.php?rest_route=\/wp\/v2\/pages\/2128\/revisions"}],"predecessor-version":[{"id":2431,"href":"https:\/\/schuetzenverein-haibach.de\/index.php?rest_route=\/wp\/v2\/pages\/2128\/revisions\/2431"}],"wp:attachment":[{"href":"https:\/\/schuetzenverein-haibach.de\/index.php?rest_route=%2Fwp%2Fv2%2Fmedia&parent=2128"}],"curies":[{"name":"wp","href":"https:\/\/api.w.org\/{rel}","templated":true}]}}