{"id":1952,"date":"2023-04-12T21:12:05","date_gmt":"2023-04-12T19:12:05","guid":{"rendered":"https:\/\/schuetzenverein-haibach.de\/?page_id=1952"},"modified":"2025-07-21T01:31:35","modified_gmt":"2025-07-20T23:31:35","slug":"sommer-biathlon","status":"publish","type":"page","link":"https:\/\/schuetzenverein-haibach.de\/?page_id=1952","title":{"rendered":"Sommerbiathlon"},"content":{"rendered":"<hr \/>\n<p><strong>Aktuelle Infos zur DM Target Sprint und ISSF World Tour 2025 findet ihr unter<\/strong><\/p>\n<header class=\"entry-header\">\n<p class=\"entry-title\"><a href=\"https:\/\/schuetzenverein-haibach.de\/?page_id=3126\">DM Target-Sprint und ISSF World Tour 2025 in Haibach<\/a>.<\/p>\n<\/header>\n<div class=\"entry-content\">\n<hr \/>\n<\/div>\n<p><strong>Berichte und Erkl\u00e4rungen zur Sportart findet Ihr hier und im Untermen\u00fc von Sommerbiathlon:<\/strong><\/p>\n<p><a href=\"https:\/\/schuetzenverein-haibach.de\/?page_id=2128\">Disziplin Target Sprint<\/a><\/p>\n<p><a href=\"https:\/\/schuetzenverein-haibach.de\/?page_id=2068\">Disziplin Sommerbiathlon<\/a><\/p>\n<hr \/>\n<p><strong>Die Ausr\u00fcstung<\/strong><\/p>\n<p>Die Ausr\u00fcstung f\u00fcr Sommerbiathlon und Target-Sprint besteht aus guten Laufschuhen und bequemer Sportbekleidung f\u00fcr die Laufstrecke sowie einem Luft- oder Kleinkalibergewehr mit 5-Schuss-Magazinen. Wobei im Target-Sprint nur mit Einzellader- oder mit Mehrladergewehren, hier aber nur mit Einzelmagazinen geschossen werden darf. Geschossen wird in allen Disziplinen ausschlie\u00dflich auf Klappscheiben. Diese haben in den Kleinkaliberwettbewerben eine Trefferfl\u00e4che von 45mm (liegend) bzw. 115mm (stehend) und sind 50m vom Sch\u00fctzen entfernt. Bei den Druckluftdisziplinen Sommerbiathlon und Target Sprint betr\u00e4gt die Gr\u00f6\u00dfe der Trefferfl\u00e4che 15mm (liegend) bzw. 35mm (stehend) auf eine Entfernung von 10m.<\/p>\n<hr \/>\n<p><strong>Die Haibacher Biathleten:<\/strong><\/p>\n<p>Aktuell besteht die Haibacher Sommerbiathlon-Jugendgruppe aus 5 Haibacher Athleten: Paula Dieser, Lukas B\u00fcrki, Urs und Maximilian Fischer sowie Florian Weiss.<\/p>\n<hr \/>\n<p><strong>Training und Ansprechpartner:<\/strong><\/p>\n<p>Das Training findet in der Regel am Sonntag Vormittag ab 9 Uhr ( und bei Bedarf Mittwochs ab 17:30 Uhr) auf dem Gel\u00e4nde am Sch\u00fctzenhaus statt. Gerne sind Zuschauer bei dieser sch\u00f6nen Sportart willkommen. Weitere Trainingseinheiten werden individuell (vor allem f\u00fcr die J\u00fcngsten) mit Trainer Dieter B\u00fcrki vereinbart. Anja B\u00fcrki k\u00fcmmert sich um die Organisation zu den deutschlandweiten Wettbewerben.<\/p>\n<div class=\"entry-content\">\n<hr \/>\n<h2><strong>Erfolge:<br \/>\n<\/strong><\/h2>\n<p>Die Jahre 2024 und 2025 werden derzeit bearbeitet!<\/p>\n<h3><strong>H\u00f6chste Erfolge aus 2023:<\/strong><\/h3>\n<p><strong>Paula Dieser:<\/strong><\/p>\n<p>3fache Deutsche Meisterin in der Staffel, Sprint und Massenstart SoBi<\/p>\n<p>Deutsche Meisterin mit der Single-Mixed-Staffel und deutsche Vizemeisterin in der Mixed-Staffel Target Sprint<\/p>\n<p>Bayerische Meisterin im Sprint und Bayerische Vizemeisterin im Massenstart SoBi<\/p>\n<p><strong>Lukas B\u00fcrki:<\/strong><\/p>\n<p>3facher Deutscher Meister in der Staffel, Sprint und Massenstart SoBi<\/p>\n<p>3facher Deutscher Meister im Einzel, der Single-Mixed-Staffel und der Mixed-Staffel im Target Sprint<\/p>\n<p>Bayerischer Meister Einzel und Single-Mixed Staffel im Target Sprint<\/p>\n<p>Zweiter im Einzel und in der Single-Mixed-Staffel beim internationalen Wettkampf in Hombrechtikon (SUI)<\/p>\n<p><strong>Urs Fischer:<\/strong><\/p>\n<p>Deutscher Meister mit der Bayernstaffel<\/p>\n<p>Bayerischer Meister im Einzel Target Sprint<\/p>\n<hr \/>\n<h3><strong>H\u00f6chste Erfolge aus 2022:<\/strong><\/h3>\n<p><strong>Paula Dieser:<\/strong><\/p>\n<p>2fache Deutsche Meisterin in der Jugendklasse im Sprint und Massenstart und deutsche Vizemeisterin mit der Bayern-Auswahlstaffel<\/p>\n<p>Deutsche Vizemeisterin in der Single-Mixed-Staffel und Staffel im Target Sprint<\/p>\n<p><strong>Lukas B\u00fcrki:<\/strong><\/p>\n<p>Deutscher Vizemeister mit der Bayern-Auswahlstaffel<\/p>\n<p>Deutscher Vizemeisterin in der Single-Mixed-Staffel, Deustcher Meister in der Staffel im Target Sprint und dritter im Einzel<\/p>\n<p><strong>Urs Fischer:<\/strong><\/p>\n<p>Bayerischer Meister mit der Vereinstaffel in der Juniorenklasse<\/p>\n<hr \/>\n<h3><strong>H\u00f6chste Erfolge aus 2021<\/strong>:<\/h3>\n<p><strong>Paula Dieser:<\/strong><\/p>\n<p>2fache Deutsche Meisterin in der Sch\u00fclerklasse im Sprint und mit der Bayern-Auswahlstaffel<\/p>\n<p><strong>Lukas B\u00fcrki:<\/strong><\/p>\n<p>3facher Deutscher Vizemeister in der Sch\u00fclerklasse im Sprint, Einzel und mit der Bayern-Auswahlstaffel<\/p>\n<p><strong>Urs Fischer:<\/strong><\/p>\n<p>Bayerischer Meister im Einzel in der Jugendklasse<\/p>\n<hr \/>\n<h3><strong>Erfolge aus 2018 und 2019:<\/strong><\/h3>\n<p><strong>Lukas B\u00fcrki:<\/strong><\/p>\n<p>BAYERISCHE MEISTERSCHAFT 2018:<\/p>\n<p>Bayerischer Meister in der Sch\u00fclerklasse im Sprint 2018<\/p>\n<p>3. Platz im Massenstart 2018<\/p>\n<p>DEUTSCHE MEISTERSCHAFT 2018:<\/p>\n<p>Deutscher Vizemeister in der Sch\u00fclerklasse mit der Bayernstaffel 2018<\/p>\n<p>BAYERISCHE MEISTERSCHAFT 2019:<\/p>\n<p>Bayerischer Vizemeister in der Sch\u00fclerklasse im Sprint und Massenstart 2019<\/p>\n<p>DEUTSCHE MEISTERSCHAFT 2019:<\/p>\n<p>5. Platz mit der Bayernauswahl-Staffel<\/p>\n<\/div>\n","protected":false},"excerpt":{"rendered":"<p>Aktuelle Infos zur DM Target Sprint und ISSF World Tour 2025 findet ihr unter DM Target-Sprint und ISSF World Tour 2025 in Haibach. Berichte und Erkl\u00e4rungen zur Sportart findet Ihr hier und im Untermen\u00fc von Sommerbiathlon: Disziplin Target Sprint Disziplin Sommerbiathlon Die Ausr\u00fcstung Die Ausr\u00fcstung f\u00fcr Sommerbiathlon und Target-Sprint besteht aus guten Laufschuhen und bequemer [&hellip;]<\/p>\n","protected":false},"author":1,"featured_media":0,"parent":0,"menu_order":0,"comment_status":"closed","ping_status":"closed","template":"","meta":{"footnotes":""},"class_list":["post-1952","page","type-page","status-publish","hentry"],"_links":{"self":[{"href":"https:\/\/schuetzenverein-haibach.de\/index.php?rest_route=\/wp\/v2\/pages\/1952","targetHints":{"allow":["GET"]}}],"collection":[{"href":"https:\/\/schuetzenverein-haibach.de\/index.php?rest_route=\/wp\/v2\/pages"}],"about":[{"href":"https:\/\/schuetzenverein-haibach.de\/index.php?rest_route=\/wp\/v2\/types\/page"}],"author":[{"embeddable":true,"href":"https:\/\/schuetzenverein-haibach.de\/index.php?rest_route=\/wp\/v2\/users\/1"}],"replies":[{"embeddable":true,"href":"https:\/\/schuetzenverein-haibach.de\/index.php?rest_route=%2Fwp%2Fv2%2Fcomments&post=1952"}],"version-history":[{"count":47,"href":"https:\/\/schuetzenverein-haibach.de\/index.php?rest_route=\/wp\/v2\/pages\/1952\/revisions"}],"predecessor-version":[{"id":3309,"href":"https:\/\/schuetzenverein-haibach.de\/index.php?rest_route=\/wp\/v2\/pages\/1952\/revisions\/3309"}],"wp:attachment":[{"href":"https:\/\/schuetzenverein-haibach.de\/index.php?rest_route=%2Fwp%2Fv2%2Fmedia&parent=1952"}],"curies":[{"name":"wp","href":"https:\/\/api.w.org\/{rel}","templated":true}]}}