{"id":11,"date":"2018-12-05T17:41:08","date_gmt":"2018-12-05T16:41:08","guid":{"rendered":"http:\/\/xn--schtzenverein-haibach-bic.de\/wp\/?page_id=11"},"modified":"2025-02-08T19:04:26","modified_gmt":"2025-02-08T18:04:26","slug":"meisterschaften","status":"publish","type":"page","link":"https:\/\/schuetzenverein-haibach.de\/?page_id=11","title":{"rendered":"Sport"},"content":{"rendered":"<div id=\"dnn_ContentPane\" class=\"contentpane2col\">\n<div class=\"DnnModule DnnModule-BSNachrichten DnnModule-20803\">\n<div class=\"ModuleContainerHellgruen\">\n<div id=\"dnn_ctr20803_ContentPane\" class=\"ModuleContentPaneHellgruen\">\n<div id=\"dnn_ctr20803_ModuleContent\" class=\"DNNModuleContent ModBSNachrichtenC\">\n<table border=\"0\" cellspacing=\"0\" cellpadding=\"0\" align=\"center\">\n<tbody>\n<tr>\n<td>\n<table border=\"0\" width=\"100%\">\n<tbody>\n<tr>\n<td>\n<h1><span style=\"color: #008000;\"><strong>2x Gold und 3x Bronze bei den Bayerischen Meisterschaften 2017 in M\u00fcnchen-Hochbr\u00fcck<\/strong><\/span><\/h1>\n<p class=\"Normal\"><b>Michelle Find holte mit 2x Gold und 2x Bronze insgesamt 4 Medaillen bei den diesj\u00e4hrigen Bayerischen Meisterschaften in M\u00fcnchen. Ludwig Hock erzielte eine weitere Bronzemedaille<\/b><\/p>\n<p>Die Ergebnisse der Haibacher Sch\u00fctzen:<\/p>\n<p>Luftgewehr 3-Stellung:<br \/>\nEinzelwertung:<br \/>\nJugend m\u00e4nnlich:<br \/>\n41. Platz Lukas Weber (545 Ringe)<br \/>\nJugend weiblich:<br \/>\n10. Platz Natascha Klein (584 Ringe), 72. Platz Franziska Seitz (550 Ringe)<br \/>\nMannschaftswertung:<br \/>\n20. Platz SV Haibach (Natascha Klein, Franziska Seitz, Lukas Weber)<\/p>\n<p>Luftgewehr:<br \/>\nEinzelwertung:<br \/>\nJugend weiblich:<br \/>\n12. Platz Natascha Klein (389 Ringe)<br \/>\nJunioren B m\u00e4nnlich:<br \/>\n66. Platz Justin Kuhn (364 Ringe)<br \/>\nJunioren B weiblich:<br \/>\n93. Platz Anna Welzbacher (374 Ringe)<br \/>\nJunioren A m\u00e4nnlich:<br \/>\n3. Platz Ludwig Hock nach Finale (8. Platz Vorkampf 387 Ringe)<br \/>\nJunioren A weiblich:<br \/>\n7. Platz Michelle Find nach Finale (5. Platz Vorkampf 393 Ringe), 19. Platz Katja Seitz (387 Ringe), 74. Platz Helena B\u00f6ning (376 Ringe)<br \/>\nHerren Alt:<br \/>\n12. Platz Roger Find (384 Ringe), 63. Platz Stephan Seitz (378 Ringe), 90. Platz Peter F\u00fcrste (376 Ringe)<br \/>\nDamen Alt:<br \/>\n48. Platz Claudia Find (370 Ringe)<\/p>\n<p>Mannschaftswertung:<br \/>\nJunioren weiblich:<br \/>\n1. Platz JSG Frankonia Unterfranken 2 (Michelle Find, Antonia Back, Anna-Maria Gnebner), 21. Platz JSG Frankonia Unterfranken 3 (Katja Seitz, Helena B\u00f6ning, Anna Welzbacher)<br \/>\nHerren Alt:<br \/>\n5. Platz SV Haibach (Roger Find, Stephan Seitz, Peter F\u00fcrste)<\/p>\n<p>Luftpistole:<br \/>\nJunioren A m\u00e4nnlich:<br \/>\n27. Platz Ludwig Hock (352 Ringe)<\/p>\n<p>KK 3&#215;20:<br \/>\nEinzelwertung:<br \/>\nJugend weiblich:<br \/>\n6. Platz Natascha Klein (559 Ringe), 40. Platz Franziska Seitz (504 Ringe)<br \/>\nJunioren B weiblich:<br \/>\nQualifikation Anna Welzbacher (505 Ringe)<br \/>\nJunioren A m\u00e4nnlich:<br \/>\n10. Platz Ludwig Hock (544 Ringe)<br \/>\nJunioren A weiblich:<br \/>\n1. Platz Michelle Find (572 Ringe), 19. Platz Katja Seitz (551 Ringe), 28. Platz Helena B\u00f6ning (528 Ringe)<br \/>\nHerren Alt:<br \/>\n9. Platz Peter F\u00fcrste (554 Ringe), 14. Platz Stephan Seitz (549 Ringe), 27. Platz Roger Find (540 Ringe)<br \/>\nSenioren m\u00e4nnlich:<br \/>\n24. Platz Peter Ansmann (535 Ringe)<br \/>\nMannschaftswertung:<br \/>\nJunioren m\u00e4nnlich:<br \/>\n8. Platz JSG Frankonia Unterfranken (Ludwig Hock, Tobias Stockmann, Tobias Keller)<\/p>\n<p>Junioren weiblich:<br \/>\n3. Platz JSG Frankonia Unterfranken 1 (Michelle Find, Sara Lechner, Antonia Back), 13. Platz JSG Frankonia Unterfranken 2 (Katja Seitz, Anna Welzbacher, Anna V\u00e4th)<br \/>\nHerren Alt:<br \/>\n6. Platz SV Haibach (Peter F\u00fcrste, Roger Find, Peter Ansmann)<\/p>\n<p>KK liegend:<br \/>\nEinzelwertung:<br \/>\nJugend weiblich:<br \/>\n14. Platz Natascha Klein (571 Ringe), 35. Platz Franziska Seitz (552 Ringe)<br \/>\nJunioren B weiblich:<br \/>\nQualifikation Anna Welzbacher (532 Ringe)<br \/>\nJunioren A m\u00e4nnlich:<br \/>\n11. Platz Ludwig Hock (580 Ringe)<br \/>\nJunioren A weiblich:<br \/>\n14. Platz Michelle Find (573 Ringe), 29. Platz Katja Seitz (561 Ringe)<br \/>\nHerren Alt:<br \/>\n5. Platz Oliver Klein (588 Ringe), 43. Platz Peter F\u00fcrste (574 Ringe), 68. Platz Stephan Seitz (564 Ringe), 77. Platz Roger Find (561 Ringe)<br \/>\nSenioren m\u00e4nnlich:<br \/>\n79. Platz Peter Ansmann (561 Ringe)<br \/>\nMannschaftswertung:<br \/>\nJunioren m\u00e4nnlich:<br \/>\n11. Platz JSG Frankonia Unterfranken (Ludwig Hock, Luca Kraus, Tobias Stockmann)<br \/>\nJunioren weiblich:<br \/>\n3. Platz JSG Frankonia Unterfranken 1 (Michelle Find, Sara Lechner, Antonia Back), 19. Platz JSG Frankonia Unterfranken 2 (Katja Seitz, Anna Welzbacher, Anna V\u00e4th)<br \/>\nHerren Alt:<br \/>\n7. Platz SV Haibach (Oliver Klein, Peter F\u00fcrste, Stephan Seitz)<\/p>\n<p>KK 3&#215;40:<br \/>\nEinzelwertung:<br \/>\nJunioren B m\u00e4nnlich:<br \/>\n11. Platz Paul Kraus (1096 Ringe)<br \/>\nJunioren A m\u00e4nnlich:<br \/>\n8. Platz Ludwig Hock (1113 Ringe)<br \/>\nMannschaftswertung:<br \/>\n6. Platz JSG Frankonia Unterfranken (Ludwig Hock, Paul Kraus, Tobias Stockmann)<\/p>\n<p>KK 100 Meter:<br \/>\nEinzelwertung:<br \/>\nDamen:<br \/>\n30. Platz Michelle Find (289 Ringe)<br \/>\nHerren Alt:<br \/>\n13. Platz Roger Find (286 Ringe), 40. Platz Stephan Seitz (279 Ringe), 41. Platz Peter F\u00fcrste (279 Ringe)<br \/>\nSenioren m\u00e4nnlich:<br \/>\n23. Platz Peter Ansmann (279 Ringe)<br \/>\nMannschaftswertung:<br \/>\nHerren Alt:<br \/>\n7. Platz SV Haibach (Roger Find, Stephan Seitz, Peter Ansmann)<\/p>\n<p>KK 50 Meter mit Diopter:<br \/>\nJunioren:<br \/>\n5. Platz Michelle Find (275 Ringe), 21. Platz Katja Seitz (256 Ringe)<br \/>\nHerren:<br \/>\n15. Platz Roger Find (270 Ringe), 19. Platz Peter Ansmann (268 Ringe), 36. Platz Stephan Seitz (252 Ringe), 42. Platz Volker R\u00fchle (245 Ringe), 50. Platz Andre Roth (238 Ringe), 52. Platz Michael Staab (234 Ringe)<\/td>\n<\/tr>\n<tr>\n<td><\/td>\n<\/tr>\n<tr>\n<td><\/td>\n<\/tr>\n<tr>\n<td><\/td>\n<\/tr>\n<tr>\n<td><\/td>\n<\/tr>\n<\/tbody>\n<\/table>\n<\/td>\n<\/tr>\n<\/tbody>\n<\/table>\n<div id=\"divBswModulePaddingBottom\"><\/div>\n<\/div>\n<\/div>\n<div class=\"clear\"><\/div>\n<\/div>\n<\/div>\n<\/div>\n<div class=\"clear\"><\/div>\n","protected":false},"excerpt":{"rendered":"<p>2x Gold und 3x Bronze bei den Bayerischen Meisterschaften 2017 in M\u00fcnchen-Hochbr\u00fcck Michelle Find holte mit 2x Gold und 2x Bronze insgesamt 4 Medaillen bei den diesj\u00e4hrigen Bayerischen Meisterschaften in M\u00fcnchen. Ludwig Hock erzielte eine weitere Bronzemedaille Die Ergebnisse der Haibacher Sch\u00fctzen: Luftgewehr 3-Stellung: Einzelwertung: Jugend m\u00e4nnlich: 41. Platz Lukas Weber (545 Ringe) Jugend weiblich: [&hellip;]<\/p>\n","protected":false},"author":1,"featured_media":0,"parent":0,"menu_order":0,"comment_status":"closed","ping_status":"closed","template":"","meta":{"footnotes":""},"class_list":["post-11","page","type-page","status-publish","hentry"],"_links":{"self":[{"href":"https:\/\/schuetzenverein-haibach.de\/index.php?rest_route=\/wp\/v2\/pages\/11","targetHints":{"allow":["GET"]}}],"collection":[{"href":"https:\/\/schuetzenverein-haibach.de\/index.php?rest_route=\/wp\/v2\/pages"}],"about":[{"href":"https:\/\/schuetzenverein-haibach.de\/index.php?rest_route=\/wp\/v2\/types\/page"}],"author":[{"embeddable":true,"href":"https:\/\/schuetzenverein-haibach.de\/index.php?rest_route=\/wp\/v2\/users\/1"}],"replies":[{"embeddable":true,"href":"https:\/\/schuetzenverein-haibach.de\/index.php?rest_route=%2Fwp%2Fv2%2Fcomments&post=11"}],"version-history":[{"count":6,"href":"https:\/\/schuetzenverein-haibach.de\/index.php?rest_route=\/wp\/v2\/pages\/11\/revisions"}],"predecessor-version":[{"id":3089,"href":"https:\/\/schuetzenverein-haibach.de\/index.php?rest_route=\/wp\/v2\/pages\/11\/revisions\/3089"}],"wp:attachment":[{"href":"https:\/\/schuetzenverein-haibach.de\/index.php?rest_route=%2Fwp%2Fv2%2Fmedia&parent=11"}],"curies":[{"name":"wp","href":"https:\/\/api.w.org\/{rel}","templated":true}]}}